{"id":90,"date":"2014-04-02T15:24:26","date_gmt":"2014-04-02T13:24:26","guid":{"rendered":"http:\/\/heritageresorts.com\/2014\/?page_id=90"},"modified":"2022-05-18T12:42:21","modified_gmt":"2022-05-18T10:42:21","slug":"directions","status":"publish","type":"page","link":"https:\/\/www.heritageresorts.com\/pt\/about-heritage\/directions","title":{"rendered":"Como chegar"},"content":{"rendered":"<p>Por favor, seleccione o seu resort nos links abaixo para ver uma descri\u00e7\u00e3o do percurso desde o aeroporto mais pr\u00f3ximo. Est\u00e3o dispon\u00edveis mais mapas detalhados, em caso de necessidade.<\/p>\n<p><a href=\"#mcc\">Matchroom<\/a> | <a href=\"#marbella\">Marbesa &amp; Playa Real<\/a> | <a href=\"#lakeland\">Whitewater<\/a><\/p>\n<h2 id=\"mcc\">Matchroom<\/h2>\n<p><small>Direc\u00e7\u00f5es desde o aeroporto de M\u00e1laga 30 km por estrada. [<a href=\"https:\/\/goo.gl\/maps\/WnLTraejVEt\" target=\"_blank\" rel=\"noopener noreferrer\">Google Map Online<\/a>] &#8211; GPS: 36.549684, -4.658499<\/small><\/p>\n<p>De aeroporto de M\u00e1laga vire \u00e0 direita para a N340 em direc\u00e7\u00e3o a C\u00e1dis. Leve o E15\/N340 cerca de 3 km em direc\u00e7\u00e3o Algeciras \/ Benalm\u00e1dena. Continue nessa estrada seguindo a direc\u00e7\u00e3o de Fuengirola. N\u00c3O v\u00e1 pela &#8220;AP7&#8221; (portagem) para Marbella.<\/p>\n<p>H\u00e1 v\u00e1rias sa\u00eddas em Fuengirola, continue at\u00e9 ver \u00e0 sua direita o &#8220;CARREFOUR&#8221; e sobre a estrada uma placa que diz &#8220;Esta usted en las Lagunas de Mijas&#8221;. Vire na pr\u00f3xima sa\u00edda marcada &#8220;Fuengirola Coin&#8221;. Na rotunda vire \u00e0 direita no sentido de Co\u00edn, onde h\u00e1 tamb\u00e9m um sinal do &#8220;Hotel Byblos&#8221;. Mantenha-se nessa estrada durante cerca de 2km at\u00e9 passar debaixo de uma ponte \u00e0 sua direita onde ver\u00e1 um sinal &#8220;Restaurante El Golf&#8221; juntamente com outra placa que diz &#8220;para Matchroom vire \u00e0 direita aqui&#8221;. Uma vez virando \u00e0 direita, ir\u00e1 passar o restaurante &#8220;El Golf&#8221; \u00e0 sua esquerda, um edif\u00edcio chamado &#8220;Valleverde&#8221;. Depois est\u00e1 o Matchroom.<\/p>\n<h2 id=\"marbella\">Marbesa Club &amp; Playa Real<\/h2>\n<p><small>Direc\u00e7\u00f5es desde o aeroporto de M\u00e1laga 45 km por estrada. [<a href=\"https:\/\/goo.gl\/maps\/me9DYzWas5v\" target=\"_blank\" rel=\"noopener noreferrer\">Google Map Online<\/a>] &#8211; GPS: 36.489356, -4.764532<\/small><\/p>\n<p>Do aeroporto de M\u00e1laga vire \u00e0 direita para a N340 em direc\u00e7\u00e3o a C\u00e1dis. Siga na E15\/N340 cerca de 3 km sobre Algeciras \/ Benalm\u00e1dena. Continue por esta estrada. N\u00c3O v\u00e1 pela &#8220;AP7&#8221; (portagem) contornando Mijas e Fuengirola. Aprox. 20 km depois de Fuengirola, passe o desvio Las Chapas e o posto de gasolina. Vire na pr\u00f3xima sa\u00edda onde diz Elviria. Em seguida, atravesse a estrada principal. Entre na estrada principal novamente no sentido M\u00e1laga conduzindo aproximadamente 1 km sa\u00edndo na primeira \u00e0 direita ap\u00f3s o posto de gasolina, para a urbaniza\u00e7\u00e3o Marbesa. V\u00e1 em direc\u00e7\u00e3o ao mar e passados 500m encontra-se o Playa Real, localizado junto \u00e0 praia e est\u00e1 bem sinalizado a partir daqui.<\/p>\n<h2 id=\"lakeland\">Whitewater Hotel &amp; Leisure Club<\/h2>\n<p><small>Direc\u00e7\u00f5es desde o Aeroporto Internacional de Manchester &#8211; 140 km por estrada. [<a href=\"https:\/\/goo.gl\/maps\/YxiP9xoWux72\" target=\"_blank\" rel=\"noopener noreferrer\">Google Map Online<\/a>] &#8211; GPS: 54.256242, -2.989596<\/small><\/p>\n<p>Lakeland Village pode ser encontrada em apenas 20 minutos de carro pela auto-estrada M6. V\u00e1 pela sa\u00edda 36 e siga a A590 a Barrow. Atrav\u00e9s de Newby Bridge h\u00e1 um trecho de estrada que termina com uma curva acentuada \u00e0 esquerda. A poucas centenas de metros ao longo da recta que se segue, encontra-se o Hotel Whitewater e Lakeland Village \u00e9 a seguinte viragem \u00e0 direita.<\/p>","protected":false},"excerpt":{"rendered":"<p>Por favor, seleccione o seu resort nos links abaixo para ver uma descri\u00e7\u00e3o do percurso desde o aeroporto mais pr\u00f3ximo. Est\u00e3o dispon\u00edveis mais mapas detalhados, em caso de necessidade. Matchroom | Marbesa &amp; Playa Real | Whitewater Matchroom Direc\u00e7\u00f5es desde<span class=\"ellipsis\">&hellip;<\/span><\/p>\n<div class=\"read-more\"><a href=\"https:\/\/www.heritageresorts.com\/pt\/about-heritage\/directions\">Read more &#8250;<\/a><\/div>\n<p><!-- end of .read-more --><\/p>\n","protected":false},"author":1,"featured_media":0,"parent":33,"menu_order":2,"comment_status":"closed","ping_status":"open","template":"","meta":{"footnotes":""},"class_list":["post-90","page","type-page","status-publish","hentry"],"_links":{"self":[{"href":"https:\/\/www.heritageresorts.com\/pt\/wp-json\/wp\/v2\/pages\/90","targetHints":{"allow":["GET"]}}],"collection":[{"href":"https:\/\/www.heritageresorts.com\/pt\/wp-json\/wp\/v2\/pages"}],"about":[{"href":"https:\/\/www.heritageresorts.com\/pt\/wp-json\/wp\/v2\/types\/page"}],"author":[{"embeddable":true,"href":"https:\/\/www.heritageresorts.com\/pt\/wp-json\/wp\/v2\/users\/1"}],"replies":[{"embeddable":true,"href":"https:\/\/www.heritageresorts.com\/pt\/wp-json\/wp\/v2\/comments?post=90"}],"version-history":[{"count":0,"href":"https:\/\/www.heritageresorts.com\/pt\/wp-json\/wp\/v2\/pages\/90\/revisions"}],"up":[{"embeddable":true,"href":"https:\/\/www.heritageresorts.com\/pt\/wp-json\/wp\/v2\/pages\/33"}],"wp:attachment":[{"href":"https:\/\/www.heritageresorts.com\/pt\/wp-json\/wp\/v2\/media?parent=90"}],"curies":[{"name":"wp","href":"https:\/\/api.w.org\/{rel}","templated":true}]}}