{"id":76,"date":"2014-03-12T16:48:35","date_gmt":"2014-03-12T14:48:35","guid":{"rendered":"http:\/\/heritageresorts.com\/2014\/?page_id=76"},"modified":"2019-05-13T10:28:58","modified_gmt":"2019-05-13T08:28:58","slug":"thai-resorts","status":"publish","type":"page","link":"https:\/\/www.heritageresorts.com\/pt\/affiliated-resorts\/thai-resorts","title":{"rendered":"Tail\u00e2ndia"},"content":{"rendered":"<p><img loading=\"lazy\" decoding=\"async\" src=\"https:\/\/www.heritageresorts.com\/wp-content\/uploads\/2014\/03\/thailand_4web.jpg\" alt=\"thai resorts\" width=\"635\" height=\"331\" class=\"aligncenter size-full wp-image-201\" srcset=\"https:\/\/www.heritageresorts.com\/wp-content\/uploads\/2014\/03\/thailand_4web.jpg 635w, https:\/\/www.heritageresorts.com\/wp-content\/uploads\/2014\/03\/thailand_4web-600x312.jpg 600w, https:\/\/www.heritageresorts.com\/wp-content\/uploads\/2014\/03\/thailand_4web-100x52.jpg 100w, https:\/\/www.heritageresorts.com\/wp-content\/uploads\/2014\/03\/thailand_4web-150x78.jpg 150w, https:\/\/www.heritageresorts.com\/wp-content\/uploads\/2014\/03\/thailand_4web-200x104.jpg 200w, https:\/\/www.heritageresorts.com\/wp-content\/uploads\/2014\/03\/thailand_4web-300x156.jpg 300w, https:\/\/www.heritageresorts.com\/wp-content\/uploads\/2014\/03\/thailand_4web-450x234.jpg 450w\" sizes=\"auto, (max-width: 635px) 100vw, 635px\" \/><\/p>\n<p><strong>A terra dos sorrisos<\/strong><\/p>\n<p>Agora, merecidamente, um dos principais destinos do mundo, Tail\u00e2ndia e as suas belas ilhas oferecem excelentes praias tropicais, mar cristalino azul-turquesa, paisagens magn\u00edficas de uma cultura fascinante! O pa\u00eds oferece mais atra\u00e7\u00f5es culturais, incluindo templos e cidades desertas, do que qualquer outro pa\u00eds do Sudeste Asi\u00e1tico.<\/p>\n<p>Bangkok \u00e9 a capital deste pa\u00eds majestoso e encanta os visitantes com a sua energia, lojas, mercado de \u00e1gua e tesouros culturais. A Tail\u00e2ndia \u00e9 um pa\u00eds de f\u00e1cil acesso e tem um sistema de transporte altamente eficiente. As del\u00edcias da cozinha tailandesa s\u00e3o conhecidas em todo o mundo, sendo tamb\u00e9m uma das muitas atrac\u00e7\u00f5es.<\/p>\n<p>As pessoas s\u00e3o realmente amig\u00e1veis, o que faz deste divino pa\u00eds um popular destino de f\u00e9rias onde as pessoas regressam uma e outra vez.<\/p>\n<p><strong>Karma Chang Chiangmai<\/strong><br \/>\n<img loading=\"lazy\" decoding=\"async\" src=\"https:\/\/www.heritageresorts.com\/wp-content\/uploads\/2019\/04\/chang3.jpg\" alt=\"\" width=\"1920\" height=\"1080\" class=\"alignnone size-full wp-image-718\" srcset=\"https:\/\/www.heritageresorts.com\/wp-content\/uploads\/2019\/04\/chang3.jpg 1920w, https:\/\/www.heritageresorts.com\/wp-content\/uploads\/2019\/04\/chang3-600x338.jpg 600w, https:\/\/www.heritageresorts.com\/wp-content\/uploads\/2019\/04\/chang3-768x432.jpg 768w, https:\/\/www.heritageresorts.com\/wp-content\/uploads\/2019\/04\/chang3-1024x576.jpg 1024w\" sizes=\"auto, (max-width: 1920px) 100vw, 1920px\" \/><br \/>\nExperimente o cora\u00e7\u00e3o espiritual da Tail\u00e2ndia e o antigo charme mundial em Karma Chang.<\/p>\n<p>O Karma Chang est\u00e1 situado nas proximidades da beira do rio de Chiang Mai, um dos locais mais populares da cidade. A apenas 4 km do centro da cidade, o Karma Chang \u00e9 um para\u00edso de relaxamento e o ponto de partida ideal para explorar as in\u00fameras atra\u00e7\u00f5es de Chiang Mai, incluindo os Templos Wat Ko Klang, Wat Chedi Liam e Wat Chedi Liem.<\/p>\n<p>O Karma Chang \u00e9 um ponto de partida ideal para explorar as v\u00e1rias atra\u00e7\u00f5es, sabores e o rico patrim\u00f4nio cultural de Chiang Mai. As op\u00e7\u00f5es de alojamento incluem uma variedade de unidades em estilo de hotel e apartamentos est\u00fadio, decorados com bom gosto, com interiores tradicionais em estilo tailand\u00eas e Lanna.<\/p>\n<p><strong>Karma Royal Bella Vista<\/strong><br \/>\n<img loading=\"lazy\" decoding=\"async\" src=\"https:\/\/www.heritageresorts.com\/wp-content\/uploads\/2019\/04\/Headline_d.jpg\" alt=\"\" width=\"1600\" height=\"1067\" class=\"alignnone size-full wp-image-719\" srcset=\"https:\/\/www.heritageresorts.com\/wp-content\/uploads\/2019\/04\/Headline_d.jpg 1600w, https:\/\/www.heritageresorts.com\/wp-content\/uploads\/2019\/04\/Headline_d-600x400.jpg 600w, https:\/\/www.heritageresorts.com\/wp-content\/uploads\/2019\/04\/Headline_d-768x512.jpg 768w, https:\/\/www.heritageresorts.com\/wp-content\/uploads\/2019\/04\/Headline_d-1024x683.jpg 1024w\" sizes=\"auto, (max-width: 1600px) 100vw, 1600px\" \/><br \/>\nO Karma Royal Bella Vista \u00e9 um o\u00e1sis tranquilo nos arredores de Chiang Mai, composto por casas de campo exclusivas em estilo caseiro.<\/p>\n<p>Poder\u00e1 tamb\u00e9m aproveitar as instala\u00e7\u00f5es &#8211; incluindo o spa, a academia e o restaurante &#8211; enquanto observa as ruas do Karma Royal Bella Vista, riachos e jardins exuberantes. N\u00e3o h\u00e1 lugar melhor para explorar o cora\u00e7\u00e3o espiritual da Tail\u00e2ndia, incluindo cerca de 300 templos budistas na regi\u00e3o circundante, al\u00e9m de lojas e cultura \u00fanicas que podem ser encontradas na parte antiga de Chiang Mai.<\/p>\n<p>O Karma Royal Bella Vista oferece casas de campo exclusivas e confort\u00e1veis, em estilo caseiro. Cada casa tem dois quartos, uma sala de estar, cozinha e p\u00e1tio privado e est\u00e1 bem decorado numa mistura de estilo tailand\u00eas cl\u00e1ssico e moderno.<\/p>\n<p><strong>Karma Royal Boat Lagoon<\/strong><br \/>\n<img loading=\"lazy\" decoding=\"async\" src=\"https:\/\/www.heritageresorts.com\/wp-content\/uploads\/2019\/04\/Karma-Royal-Phuket-_Karma_Royal_Phuket.jpg\" alt=\"\" width=\"1440\" height=\"960\" class=\"alignnone size-full wp-image-720\" srcset=\"https:\/\/www.heritageresorts.com\/wp-content\/uploads\/2019\/04\/Karma-Royal-Phuket-_Karma_Royal_Phuket.jpg 1440w, https:\/\/www.heritageresorts.com\/wp-content\/uploads\/2019\/04\/Karma-Royal-Phuket-_Karma_Royal_Phuket-600x400.jpg 600w, https:\/\/www.heritageresorts.com\/wp-content\/uploads\/2019\/04\/Karma-Royal-Phuket-_Karma_Royal_Phuket-768x512.jpg 768w, https:\/\/www.heritageresorts.com\/wp-content\/uploads\/2019\/04\/Karma-Royal-Phuket-_Karma_Royal_Phuket-1024x683.jpg 1024w\" sizes=\"auto, (max-width: 1440px) 100vw, 1440px\" \/><br \/>\nCom o seu ambiente de marina, elegantes apartamentos e um belo Club House, o Karma Royal Phuket \u00e9 a base perfeita para explorar a bela ilha tailandesa de Phuket. Dentro do resort poder\u00e1 desfrutar de comodidades soberbas, incluindo uma piscina, spa e restaurantes. Saindo poder\u00e1 conhecer as praias douradas, as florestas tropicais e a cultura viva de Phuket.  Descubra ba\u00edas id\u00edlicas e ilhas quase desertas, atrav\u00e9s de uma viagem de barco e explore a parte antiga de Phuket, visitando santu\u00e1rios e templos, ou nade e mergulhe nas \u00e1guas cristalinas.<\/p>\n<p>O Karma Royal Phuket \u00e9 uma est\u00e2ncia auto-suficiente com uma piscina com palmeiras e uma paisagem tropical exuberante. Os espa\u00e7osos apartamentos s\u00e3o frescos e confort\u00e1veis, piso de madeira, com m\u00f3veis de madeira polida e obras de arte tailandesas.<\/p>\n<p><strong>Absolute Bangla Suites<\/strong><br \/>\n<img loading=\"lazy\" decoding=\"async\" src=\"https:\/\/www.heritageresorts.com\/wp-content\/uploads\/2019\/04\/007.jpg\" alt=\"\" width=\"1000\" height=\"555\" class=\"alignnone size-full wp-image-721\" srcset=\"https:\/\/www.heritageresorts.com\/wp-content\/uploads\/2019\/04\/007.jpg 1000w, https:\/\/www.heritageresorts.com\/wp-content\/uploads\/2019\/04\/007-600x333.jpg 600w, https:\/\/www.heritageresorts.com\/wp-content\/uploads\/2019\/04\/007-768x426.jpg 768w\" sizes=\"auto, (max-width: 1000px) 100vw, 1000px\" \/><br \/>\nUm dos mais luxuosos novos resorts em Patong, o Absolute Bangla Suites oferece 29 est\u00fadios, nove su\u00edtes j\u00fanior, sete su\u00edtes executivas, duas grandes su\u00edtes com jacuzzi e sete \u00e1ticos. <\/p>\n<p>Refresque-se e relaxe na piscina do \u00faltimo piso, com jantares \u00e0 beira da piscina e sal\u00e3o de m\u00fasica, com vista sobre a dram\u00e1tica ba\u00eda de Patong. Poder\u00e1 optar por jantar na nossa sala de jantar privada do Restaurante Climax. Desfrute de estacionamento com seguran\u00e7a de \u00faltima gera\u00e7\u00e3o, tratamentos no quarto e um bar e lounge movimentados. O Absolute Bangla Suites \u00e9 uma j\u00f3ia t\u00e3o bela como as \u00e1guas esmeralda do vizinho Mar Andaman.<\/p>\n<p><strong>Absolute Twin Sands Resorts &#038; Spa<\/strong><br \/>\n<img loading=\"lazy\" decoding=\"async\" src=\"https:\/\/www.heritageresorts.com\/wp-content\/uploads\/2019\/04\/013.jpg\" alt=\"\" width=\"1000\" height=\"700\" class=\"alignnone size-full wp-image-722\" srcset=\"https:\/\/www.heritageresorts.com\/wp-content\/uploads\/2019\/04\/013.jpg 1000w, https:\/\/www.heritageresorts.com\/wp-content\/uploads\/2019\/04\/013-600x420.jpg 600w, https:\/\/www.heritageresorts.com\/wp-content\/uploads\/2019\/04\/013-768x538.jpg 768w\" sizes=\"auto, (max-width: 1000px) 100vw, 1000px\" \/><br \/>\nO Absolute Twin Sands Resort &#038; Spa \u00e9 uma est\u00e2ncia impressionante com vistas panor\u00e2micas sobre o oceano, apartamentos contempor\u00e2neos, excelentes oportunidades de refei\u00e7\u00f5es e bem-estar e servi\u00e7o de cinco estrelas, tudo numa espetacular pen\u00ednsula a poucos minutos de Patong  na deslumbrante ilha de Phuket.<\/p>\n<p>Aninhado entre duas perfeitas praias de areia branca, cada um dos 185 apartamentos e penthouses, ditribuidos por est\u00fadios, um e dois quartos, combinam o melhor do design contempor\u00e2neo, arquitetura e mobili\u00e1rio de forma a  criar um retiro de f\u00e9rias confort\u00e1vel e elegante para casais e fam\u00edlias.<\/p>","protected":false},"excerpt":{"rendered":"<p>A terra dos sorrisos Agora, merecidamente, um dos principais destinos do mundo, Tail\u00e2ndia e as suas belas ilhas oferecem excelentes praias tropicais, mar cristalino azul-turquesa, paisagens magn\u00edficas de uma cultura fascinante! O pa\u00eds oferece mais atra\u00e7\u00f5es culturais, incluindo templos e<span class=\"ellipsis\">&hellip;<\/span><\/p>\n<div class=\"read-more\"><a href=\"https:\/\/www.heritageresorts.com\/pt\/affiliated-resorts\/thai-resorts\">Read more &#8250;<\/a><\/div>\n<p><!-- end of .read-more --><\/p>\n","protected":false},"author":1,"featured_media":201,"parent":16,"menu_order":6,"comment_status":"closed","ping_status":"open","template":"","meta":{"footnotes":""},"class_list":["post-76","page","type-page","status-publish","has-post-thumbnail","hentry"],"_links":{"self":[{"href":"https:\/\/www.heritageresorts.com\/pt\/wp-json\/wp\/v2\/pages\/76","targetHints":{"allow":["GET"]}}],"collection":[{"href":"https:\/\/www.heritageresorts.com\/pt\/wp-json\/wp\/v2\/pages"}],"about":[{"href":"https:\/\/www.heritageresorts.com\/pt\/wp-json\/wp\/v2\/types\/page"}],"author":[{"embeddable":true,"href":"https:\/\/www.heritageresorts.com\/pt\/wp-json\/wp\/v2\/users\/1"}],"replies":[{"embeddable":true,"href":"https:\/\/www.heritageresorts.com\/pt\/wp-json\/wp\/v2\/comments?post=76"}],"version-history":[{"count":0,"href":"https:\/\/www.heritageresorts.com\/pt\/wp-json\/wp\/v2\/pages\/76\/revisions"}],"up":[{"embeddable":true,"href":"https:\/\/www.heritageresorts.com\/pt\/wp-json\/wp\/v2\/pages\/16"}],"wp:featuredmedia":[{"embeddable":true,"href":"https:\/\/www.heritageresorts.com\/pt\/wp-json\/wp\/v2\/media\/201"}],"wp:attachment":[{"href":"https:\/\/www.heritageresorts.com\/pt\/wp-json\/wp\/v2\/media?parent=76"}],"curies":[{"name":"wp","href":"https:\/\/api.w.org\/{rel}","templated":true}]}}