{"id":74,"date":"2014-03-12T16:46:56","date_gmt":"2014-03-12T14:46:56","guid":{"rendered":"http:\/\/heritageresorts.com\/2014\/?page_id=74"},"modified":"2019-05-13T10:30:38","modified_gmt":"2019-05-13T08:30:38","slug":"indonesian-resorts","status":"publish","type":"page","link":"https:\/\/www.heritageresorts.com\/pt\/affiliated-resorts\/indonesian-resorts","title":{"rendered":"Indon\u00e9sia"},"content":{"rendered":"<p><img loading=\"lazy\" decoding=\"async\" src=\"https:\/\/www.heritageresorts.com\/wp-content\/uploads\/2014\/03\/indonesia_4web.jpg\" alt=\"indonesian resorts\" width=\"635\" height=\"331\" class=\"aligncenter size-full wp-image-200\" srcset=\"https:\/\/www.heritageresorts.com\/wp-content\/uploads\/2014\/03\/indonesia_4web.jpg 635w, https:\/\/www.heritageresorts.com\/wp-content\/uploads\/2014\/03\/indonesia_4web-600x312.jpg 600w, https:\/\/www.heritageresorts.com\/wp-content\/uploads\/2014\/03\/indonesia_4web-100x52.jpg 100w, https:\/\/www.heritageresorts.com\/wp-content\/uploads\/2014\/03\/indonesia_4web-150x78.jpg 150w, https:\/\/www.heritageresorts.com\/wp-content\/uploads\/2014\/03\/indonesia_4web-200x104.jpg 200w, https:\/\/www.heritageresorts.com\/wp-content\/uploads\/2014\/03\/indonesia_4web-300x156.jpg 300w, https:\/\/www.heritageresorts.com\/wp-content\/uploads\/2014\/03\/indonesia_4web-450x234.jpg 450w\" sizes=\"auto, (max-width: 635px) 100vw, 635px\" \/><\/p>\n<p><strong>Um lugar fresco para descobrir no Extremo Oriente.<\/strong><\/p>\n<p>A Indon\u00e9sia \u00e9 um pa\u00eds inigual\u00e1vel pela sua beleza formado por mais de 17.000 ilhas que se espalham atrav\u00e9s de 5.000 kms de oceano, dividindo os oceanos Pac\u00edfico e \u00cdndico entre a \u00c1sia e a Austr\u00e1lia.<\/p>\n<p>Dentro desse peda\u00e7o de terra e mar existem arrozais verdejantes, montanhas espectaculares, praias de areia branca brilhante e um profundo mar azul. Na Indon\u00e9sia poder\u00e1 tamb\u00e9m encontar as florestas tropicais e outras paisagens magn\u00edficas.<\/p>\n<p>O pa\u00eds \u00e9 habitado por aproximadamente 240 milh\u00f5es de pessoas de 300 grupos \u00e9tnicos distintos. Indon\u00e9sia tem tamb\u00e9m uma forte influ\u00eancia europeia por causa das suas liga\u00e7\u00f5es com a Europa atrav\u00e9s do com\u00e9rcio internacional. Este destino pitoresco oferece n\u00e3o apenas as perfeitas e relaxantes f\u00e9rias de praia, pois \u00e9 tamb\u00e9m rica em hist\u00f3ria e cultura.<\/p>\n<p>Bali \u00e9, de longe, a j\u00f3ia. O clima \u00e9 tropical, n\u00e3o havendo Outono ou Inverno e as esta\u00e7\u00f5es do ano definem-se praticamente por &#8220;seca&#8221; e &#8220;molhada&#8221;. Os Resorts do Heritage encontram-se nas localiza\u00e7\u00f5es perfeitas para garantir que experimente o melhor da Indon\u00e9sia.<\/p>\n<p><strong>Karma Mayura &#8211; Bali<\/strong><br \/>\n<img loading=\"lazy\" decoding=\"async\" src=\"https:\/\/www.heritageresorts.com\/wp-content\/uploads\/2019\/04\/karma_mayura_karma_mayura.jpg\" alt=\"\" width=\"1240\" height=\"827\" class=\"alignnone size-full wp-image-706\" srcset=\"https:\/\/www.heritageresorts.com\/wp-content\/uploads\/2019\/04\/karma_mayura_karma_mayura.jpg 1240w, https:\/\/www.heritageresorts.com\/wp-content\/uploads\/2019\/04\/karma_mayura_karma_mayura-600x400.jpg 600w, https:\/\/www.heritageresorts.com\/wp-content\/uploads\/2019\/04\/karma_mayura_karma_mayura-768x512.jpg 768w, https:\/\/www.heritageresorts.com\/wp-content\/uploads\/2019\/04\/karma_mayura_karma_mayura-1024x683.jpg 1024w\" sizes=\"auto, (max-width: 1240px) 100vw, 1240px\" \/><br \/>\nO Karma Mayura fica na pequena vila de Mas &#8211; a apenas 10 minutos de carro do centro de Ubud, o centro art\u00edstico, espiritual e cultural de Bali.<\/p>\n<p>Esta \u00e1rea fascinante foi lan\u00e7ada para a ribalta atrav\u00e9s do livro de mem\u00f3rias de Elizabeth Gilbert em 2006, Eat Pray Love, que mais tarde foi um filme de sucesso protagonizado por Julia Roberts. Visite o pal\u00e1cio real, experimente uma dan\u00e7a tradicional balinesa ou passe um dia explorando as muitas galerias de Ubud &#8211; que v\u00e3o desde grandes museus a min\u00fasculos buracos nas paredes. E n\u00e3o perca a Floresta dos Macacos Sagrados &#8211; um santu\u00e1rio de selva exuberante povoado por macacos que procuram aaten\u00e7\u00e3o.<\/p>\n<p>Constru\u00eddo de forma a misturar-se com o seu ambiente natural exuberante, o Karma Mayura possui apenas 32 quartos bem decorados. Cada um apresenta m\u00f3veis e acess\u00f3rios feitos sob medida, incluindo camas de madeira esculpidas com detalhes e roupa de cama sumptuosa de forma a passar uma noite de sono tranquila. Os quartos tamb\u00e9m t\u00eam grandes varandas ao ar livre com vistas deslumbrantes sobre o campo.<\/p>\n<p><strong>Karma Royal Candidasa &#8211; Bali<\/strong><br \/>\n<img loading=\"lazy\" decoding=\"async\" src=\"https:\/\/www.heritageresorts.com\/wp-content\/uploads\/2019\/04\/Karma-Royal-Candidasa-Imeprial_apartment_balcony.jpg\" alt=\"\" width=\"1420\" height=\"947\" class=\"alignnone size-full wp-image-707\" srcset=\"https:\/\/www.heritageresorts.com\/wp-content\/uploads\/2019\/04\/Karma-Royal-Candidasa-Imeprial_apartment_balcony.jpg 1420w, https:\/\/www.heritageresorts.com\/wp-content\/uploads\/2019\/04\/Karma-Royal-Candidasa-Imeprial_apartment_balcony-600x400.jpg 600w, https:\/\/www.heritageresorts.com\/wp-content\/uploads\/2019\/04\/Karma-Royal-Candidasa-Imeprial_apartment_balcony-768x512.jpg 768w, https:\/\/www.heritageresorts.com\/wp-content\/uploads\/2019\/04\/Karma-Royal-Candidasa-Imeprial_apartment_balcony-1024x683.jpg 1024w\" sizes=\"auto, (max-width: 1420px) 100vw, 1420px\" \/><br \/>\nLocalizado entre areais franjeados de palmeiras e colinas verdejantes, o Karma Royal Candidasa \u00e9 um peda\u00e7o de para\u00edso tropical na ilha indon\u00e9sia de Bali. <\/p>\n<p>O resort disp\u00f5e de uma variedade de apartamentos, rodeados por jardins exuberantes e com acesso direto da piscina \u00e0 praia. Delicie-se com um tratamento de spa, jante no nosso restaurante internacional e desfrute do entretenimento noturno. O resort tamb\u00e9m oferece excurs\u00f5es e aventuras, incluindo mergulho, snorkel, pesca, trekking e ciclismo. O relaxamento come\u00e7a no Karma Royal Candidasa. <\/p>\n<p>O conforto moderno combina perfeitamente com a arquitetura indon\u00e9sia para criar uma atmosfera elegante e relaxante. As varandas, feitas de madeira de teca, t\u00eam vista para a praia, um telhado de palha protege o restaurante e os jardins paisag\u00edsticos criam um ambiente luxuriante para os est\u00fadios, apartamentos de um e dois quartos. Todos os nossos quartos t\u00eam ar condicionado e casas de banho com duche, televisores de ecr\u00e3 plano, acesso a wi-fi e mini-bares.<\/p>\n<p><strong>Karma Royal Sanur &#8211; Bali<\/strong><br \/>\n<img loading=\"lazy\" decoding=\"async\" src=\"https:\/\/www.heritageresorts.com\/wp-content\/uploads\/2019\/04\/sanur-pool1.jpg\" alt=\"\" width=\"1240\" height=\"827\" class=\"alignnone size-full wp-image-708\" srcset=\"https:\/\/www.heritageresorts.com\/wp-content\/uploads\/2019\/04\/sanur-pool1.jpg 1240w, https:\/\/www.heritageresorts.com\/wp-content\/uploads\/2019\/04\/sanur-pool1-600x400.jpg 600w, https:\/\/www.heritageresorts.com\/wp-content\/uploads\/2019\/04\/sanur-pool1-768x512.jpg 768w, https:\/\/www.heritageresorts.com\/wp-content\/uploads\/2019\/04\/sanur-pool1-1024x683.jpg 1024w\" sizes=\"auto, (max-width: 1240px) 100vw, 1240px\" \/><br \/>\nEste  resort rec\u00e9m-reformado \u00e9 um dos segredos mais bem guardados de Sanur; um ref\u00fagio de luxo com exuberantes jardins paisag\u00edsticos, uma piscina deslumbrante e apartamentos bem decorados.<\/p>\n<p>Apenas a 5 minutos a p\u00e9, poder\u00e1 chegar \u00e0 serena praia de 5 km de Sanur, com as suas cabanas de pescadores, bares e restaurantes. Sanur \u00e9 a maior aldeia tradicional de Bali e oferece uma variedade de atividades, incluindo um spa balin\u00eas e apresenta\u00e7\u00f5es de dan\u00e7a aut\u00eanticas. Explore as reservas naturais e o centro cultural de Ubud a uma curta dist\u00e2ncia em carro.<\/p>\n<p>O luxo ocidental e a arquitetura balinesa combinam um ambiente privado com uma impressionante piscina com pedras esculpidas e fontes. Escolha entre est\u00fadio, apartamentos de um quarto ou dois quartos. As varandas privadas e cozinha completa est\u00e3o dispon\u00edveis apenas nos apartamentos de dois quartos.<\/p>\n<p><strong>Rama Candidasa Resort &#038; Spa &#8211; Bali<\/strong><br \/>\n<img loading=\"lazy\" decoding=\"async\" src=\"https:\/\/www.heritageresorts.com\/wp-content\/uploads\/2019\/04\/Pool-1.jpg\" alt=\"\" width=\"1045\" height=\"697\" class=\"alignnone size-full wp-image-709\" srcset=\"https:\/\/www.heritageresorts.com\/wp-content\/uploads\/2019\/04\/Pool-1.jpg 1045w, https:\/\/www.heritageresorts.com\/wp-content\/uploads\/2019\/04\/Pool-1-600x400.jpg 600w, https:\/\/www.heritageresorts.com\/wp-content\/uploads\/2019\/04\/Pool-1-768x512.jpg 768w, https:\/\/www.heritageresorts.com\/wp-content\/uploads\/2019\/04\/Pool-1-1024x683.jpg 1024w\" sizes=\"auto, (max-width: 1045px) 100vw, 1045px\" \/><br \/>\nO melhor Resort em Bali! O Rama Candidasa Resort &#038; Spa est\u00e1 localizado no leste de Bali, no cora\u00e7\u00e3o do bairro de Candidasa. \u00c9 o \u00fanico lugar onde pode ter umas f\u00e9rias tranquilas e relaxantes em Bali, bem como explorar o magn\u00edfico para\u00edso subaqu\u00e1tico balin\u00eas, como em Tulamben, Amed, PadangBai, Blue Lagoon e muitos mais. <\/p>\n<p>O Rama Candidasa Resort &#038; Spa disp\u00f5e de 77 quartos artisticamente mobiliados com decora\u00e7\u00e3o balinesa contempor\u00e2nea aprimorada com comodidades modernas, todos com varanda isolada com vista para o mar, piscina ou um exuberante jardim tropical. As instala\u00e7\u00f5es de mergulho consistem em piscina ao ar livre com piscina infantil, espregui\u00e7adeira \u00e0 beira-mar, gazebo no jardim, jardim zen tranquilo, sala de reuni\u00f5es e eventos, instala\u00e7\u00f5es para casamentos, biblioteca e business center, spa de bem-estar, amplos terra\u00e7os e muito mais.<\/p>","protected":false},"excerpt":{"rendered":"<p>Um lugar fresco para descobrir no Extremo Oriente. A Indon\u00e9sia \u00e9 um pa\u00eds inigual\u00e1vel pela sua beleza formado por mais de 17.000 ilhas que se espalham atrav\u00e9s de 5.000 kms de oceano, dividindo os oceanos Pac\u00edfico e \u00cdndico entre a<span class=\"ellipsis\">&hellip;<\/span><\/p>\n<div class=\"read-more\"><a href=\"https:\/\/www.heritageresorts.com\/pt\/affiliated-resorts\/indonesian-resorts\">Read more &#8250;<\/a><\/div>\n<p><!-- end of .read-more --><\/p>\n","protected":false},"author":1,"featured_media":200,"parent":16,"menu_order":5,"comment_status":"closed","ping_status":"open","template":"","meta":{"footnotes":""},"class_list":["post-74","page","type-page","status-publish","has-post-thumbnail","hentry"],"_links":{"self":[{"href":"https:\/\/www.heritageresorts.com\/pt\/wp-json\/wp\/v2\/pages\/74","targetHints":{"allow":["GET"]}}],"collection":[{"href":"https:\/\/www.heritageresorts.com\/pt\/wp-json\/wp\/v2\/pages"}],"about":[{"href":"https:\/\/www.heritageresorts.com\/pt\/wp-json\/wp\/v2\/types\/page"}],"author":[{"embeddable":true,"href":"https:\/\/www.heritageresorts.com\/pt\/wp-json\/wp\/v2\/users\/1"}],"replies":[{"embeddable":true,"href":"https:\/\/www.heritageresorts.com\/pt\/wp-json\/wp\/v2\/comments?post=74"}],"version-history":[{"count":0,"href":"https:\/\/www.heritageresorts.com\/pt\/wp-json\/wp\/v2\/pages\/74\/revisions"}],"up":[{"embeddable":true,"href":"https:\/\/www.heritageresorts.com\/pt\/wp-json\/wp\/v2\/pages\/16"}],"wp:featuredmedia":[{"embeddable":true,"href":"https:\/\/www.heritageresorts.com\/pt\/wp-json\/wp\/v2\/media\/200"}],"wp:attachment":[{"href":"https:\/\/www.heritageresorts.com\/pt\/wp-json\/wp\/v2\/media?parent=74"}],"curies":[{"name":"wp","href":"https:\/\/api.w.org\/{rel}","templated":true}]}}