{"id":61,"date":"2014-03-12T16:37:30","date_gmt":"2014-03-12T14:37:30","guid":{"rendered":"http:\/\/heritageresorts.com\/2014\/?page_id=61"},"modified":"2024-04-03T11:08:55","modified_gmt":"2024-04-03T09:08:55","slug":"the-riverside-restaurant","status":"publish","type":"page","link":"https:\/\/www.heritageresorts.com\/pt\/heritage-restaurants\/the-riverside-restaurant","title":{"rendered":"The Riverside Restaurant"},"content":{"rendered":"<p><img loading=\"lazy\" decoding=\"async\" src=\"https:\/\/www.heritageresorts.com\/wp-content\/uploads\/2018\/12\/Riverside-Restaurant-Whitewater.jpg\" alt=\"\" width=\"1000\" height=\"500\" class=\"aligncenter size-full wp-image-425\" srcset=\"https:\/\/www.heritageresorts.com\/wp-content\/uploads\/2018\/12\/Riverside-Restaurant-Whitewater.jpg 1000w, https:\/\/www.heritageresorts.com\/wp-content\/uploads\/2018\/12\/Riverside-Restaurant-Whitewater-600x300.jpg 600w, https:\/\/www.heritageresorts.com\/wp-content\/uploads\/2018\/12\/Riverside-Restaurant-Whitewater-768x384.jpg 768w\" sizes=\"auto, (max-width: 1000px) 100vw, 1000px\" \/><\/p>\n<h3>O Hotel Whitewater e centro de \u00f3cio<\/h3>\n<p><a href=\"https:\/\/www.whitewater-hotel.co.uk\/food-and-drink\/riverside-restaurant\/\" rel=\"noopener\" target=\"_blank\">O nosso restaurante Riverside<\/a> oferece uma experi\u00eancia \u00fanica. Os cozinheiros preparam a mais fina das refei\u00e7\u00f5es, utilizando a melhor selec\u00e7\u00e3o dos alimentos frescos da \u00e1rea circundante. Uma vasta selec\u00e7\u00e3o de vinhos para complementar a alimenta\u00e7\u00e3o tamb\u00e9m est\u00e1 dispon\u00edvel.<\/p>\n<p>Com uma capacidade para 80 comensais, o Riverside oferece menus de jantar diariamente. Os h\u00f3spedes do hotel apreciam o pequeno almo\u00e7o no restaurante e podem desfrutar de aperitivos, caf\u00e9 ou ch\u00e1 da tarde no sal\u00e3o. O Riverside \u00e9 um local muito requisitado para celebra\u00e7\u00e3o de casamentos, tendo-lhe sido recentemente concedida uma licen\u00e7a para a realiza\u00e7\u00e3o de casamentos civis. H\u00e1 pacotes especiais de casamento dispon\u00edveis para que possa considerar.<\/p>\n<p>Almo\u00e7os de neg\u00f3cios s\u00e3o frequentemente realizados no restaurante como parte do nosso pacote de confer\u00eancia.<\/p>\n<p>O almo\u00e7o especial de domingo \u00e9 um dos favoritos na \u00e1rea e s\u00e3o frequentemente oferecidos diferentes menus nos momentos especiais do ano como Natal, P\u00e1scoa, Dia da M\u00e3e, Dia do Pai e Dia dos Namorados.<\/p>","protected":false},"excerpt":{"rendered":"<p>O Hotel Whitewater e centro de \u00f3cio O nosso restaurante Riverside oferece uma experi\u00eancia \u00fanica. Os cozinheiros preparam a mais fina das refei\u00e7\u00f5es, utilizando a melhor selec\u00e7\u00e3o dos alimentos frescos da \u00e1rea circundante. Uma vasta selec\u00e7\u00e3o de vinhos para complementar<span class=\"ellipsis\">&hellip;<\/span><\/p>\n<div class=\"read-more\"><a href=\"https:\/\/www.heritageresorts.com\/pt\/heritage-restaurants\/the-riverside-restaurant\">Read more &#8250;<\/a><\/div>\n<p><!-- end of .read-more --><\/p>\n","protected":false},"author":1,"featured_media":0,"parent":22,"menu_order":6,"comment_status":"closed","ping_status":"open","template":"","meta":{"footnotes":""},"class_list":["post-61","page","type-page","status-publish","hentry"],"_links":{"self":[{"href":"https:\/\/www.heritageresorts.com\/pt\/wp-json\/wp\/v2\/pages\/61","targetHints":{"allow":["GET"]}}],"collection":[{"href":"https:\/\/www.heritageresorts.com\/pt\/wp-json\/wp\/v2\/pages"}],"about":[{"href":"https:\/\/www.heritageresorts.com\/pt\/wp-json\/wp\/v2\/types\/page"}],"author":[{"embeddable":true,"href":"https:\/\/www.heritageresorts.com\/pt\/wp-json\/wp\/v2\/users\/1"}],"replies":[{"embeddable":true,"href":"https:\/\/www.heritageresorts.com\/pt\/wp-json\/wp\/v2\/comments?post=61"}],"version-history":[{"count":0,"href":"https:\/\/www.heritageresorts.com\/pt\/wp-json\/wp\/v2\/pages\/61\/revisions"}],"up":[{"embeddable":true,"href":"https:\/\/www.heritageresorts.com\/pt\/wp-json\/wp\/v2\/pages\/22"}],"wp:attachment":[{"href":"https:\/\/www.heritageresorts.com\/pt\/wp-json\/wp\/v2\/media?parent=61"}],"curies":[{"name":"wp","href":"https:\/\/api.w.org\/{rel}","templated":true}]}}