{"id":593,"date":"2019-03-21T14:24:16","date_gmt":"2019-03-21T12:24:16","guid":{"rendered":"http:\/\/www.heritageresorts.com\/2020\/?page_id=593"},"modified":"2019-04-03T13:39:40","modified_gmt":"2019-04-03T11:39:40","slug":"rci","status":"publish","type":"page","link":"https:\/\/www.heritageresorts.com\/pt\/members\/pre-arrival-information\/rci","title":{"rendered":"RCI"},"content":{"rendered":"<p><\/p>\n<h3>Bem-Vindo \u00e0 vossa casa Heritage!<\/h3>\n<p><strong>Formul\u00e1rio de informa\u00e7\u00e3o de pr\u00e9-chegada<\/strong><\/p>\n<p><strong>Temos o prazer de vos dar as boas vindas<\/strong>. De modo a que as vossas f\u00e9rias sejam o mais relaxantes poss\u00edvel, teremos o prazer de vos preparar um dos nossos cestos de boas-vindas e quaisquer outros artigos extra, que queiram solicitar, os quais estar\u00e3o no vosso apartamento \u00e0 vossa chegada.<\/p>\n<p>Gostar\u00edamos tamb\u00e9m de chamar a vossa aten\u00e7\u00e3o para as <a href=\"..\/half-board-offers\">nossas ofertas de meia-pens\u00e3o<\/a>. Saiam da cozinha e desfrutem os nossos restaurantes. A meia-pens\u00e3o poder\u00e1 ser contratada pelo m\u00ednimo de 3 dias, podendo ser feita \u00e0 vossa medida. Por favor, preencham o formul\u00e1rio de pr\u00e9-chegada abaixo, que dever\u00e1 ser-nos enviado pelo menos 72 horas antes da vossa chegada.<\/p>\n<p>Aten\u00e7\u00e3o! Antes de preencher o formul\u00e1rio, tomem nota do montante especificado na p\u00e1gina de confirma\u00e7\u00e3o que dever\u00e1 ser pago na \u00edntegra na recep\u00e7\u00e3o \u00e0 vossa chegada.<\/p>\n<p>\n<div class=\"wpcf7 no-js\" id=\"wpcf7-f693-o5\" lang=\"en-US\" dir=\"ltr\" data-wpcf7-id=\"693\">\n<div class=\"screen-reader-response\"><p role=\"status\" aria-live=\"polite\" aria-atomic=\"true\"><\/p> <ul><\/ul><\/div>\n<form action=\"\/pt\/wp-json\/wp\/v2\/pages\/593#wpcf7-f693-o5\" method=\"post\" class=\"wpcf7-form init\" aria-label=\"Contact form\" novalidate=\"novalidate\" data-status=\"init\">\n<fieldset class=\"hidden-fields-container\"><input type=\"hidden\" name=\"_wpcf7\" value=\"693\" \/><input type=\"hidden\" name=\"_wpcf7_version\" value=\"6.1.5\" \/><input type=\"hidden\" name=\"_wpcf7_locale\" value=\"en_US\" \/><input type=\"hidden\" name=\"_wpcf7_unit_tag\" value=\"wpcf7-f693-o5\" \/><input type=\"hidden\" name=\"_wpcf7_container_post\" value=\"0\" \/><input type=\"hidden\" name=\"_wpcf7_posted_data_hash\" value=\"\" \/><input type=\"hidden\" name=\"_wpcf7_recaptcha_response\" value=\"\" \/>\n<\/fieldset>\n<table>\n\t<tr>\n\t\t<td colspan=\"2\">\n\t\t\t<h3>Seus Detalhes\n\t\t\t<\/h3>\n\t\t<\/td>\n\t<\/tr>\n\t<tr>\n\t\t<td>\n\t\t\t<p>Nome <span class=\"required\">*<\/span><br \/>\n<span class=\"wpcf7-form-control-wrap\" data-name=\"your-name\"><input size=\"40\" maxlength=\"400\" class=\"wpcf7-form-control wpcf7-text wpcf7-validates-as-required\" aria-required=\"true\" aria-invalid=\"false\" value=\"\" type=\"text\" name=\"your-name\" \/><\/span>\n\t\t\t<\/p>\n\t\t<\/td>\n\t\t<td>\n\t\t\t<p>Sobrenome <span class=\"required\">*<\/span><br \/>\n<span class=\"wpcf7-form-control-wrap\" data-name=\"your-surname\"><input size=\"40\" maxlength=\"400\" class=\"wpcf7-form-control wpcf7-text wpcf7-validates-as-required\" aria-required=\"true\" aria-invalid=\"false\" value=\"\" type=\"text\" name=\"your-surname\" \/><\/span>\n\t\t\t<\/p>\n\t\t<\/td>\n\t<\/tr>\n\t<tr>\n\t\t<td>\n\t\t\t<p>N\u00famero do RCI <span class=\"required\">*<\/span><br \/>\n<span class=\"wpcf7-form-control-wrap\" data-name=\"your-contract\"><input size=\"40\" maxlength=\"400\" class=\"wpcf7-form-control wpcf7-text wpcf7-validates-as-required\" aria-required=\"true\" aria-invalid=\"false\" value=\"\" type=\"text\" name=\"your-contract\" \/><\/span>\n\t\t\t<\/p>\n\t\t<\/td>\n\t\t<td>\n\t\t\t<p>Email <span class=\"required\">*<\/span><br \/>\n<span class=\"wpcf7-form-control-wrap\" data-name=\"your-email\"><input size=\"40\" maxlength=\"400\" class=\"wpcf7-form-control wpcf7-email wpcf7-validates-as-required wpcf7-text wpcf7-validates-as-email\" aria-required=\"true\" aria-invalid=\"false\" value=\"\" type=\"email\" name=\"your-email\" \/><\/span>\n\t\t\t<\/p>\n\t\t<\/td>\n\t<\/tr>\n\t<tr>\n\t\t<td colspan=\"2\">\n\t\t\t<p>Endere\u00e7o <span class=\"required\">*<\/span><br \/>\n<span class=\"wpcf7-form-control-wrap\" data-name=\"your-address\"><input size=\"40\" maxlength=\"400\" class=\"wpcf7-form-control wpcf7-text wpcf7-validates-as-required\" aria-required=\"true\" aria-invalid=\"false\" value=\"\" type=\"text\" name=\"your-address\" \/><\/span>\n\t\t\t<\/p>\n\t\t<\/td>\n\t<\/tr>\n\t<tr>\n\t\t<td>\n\t\t\t<p>Localidade\/Cidade <span class=\"required\">*<\/span><br \/>\n<span class=\"wpcf7-form-control-wrap\" data-name=\"your-town\"><input size=\"40\" maxlength=\"400\" class=\"wpcf7-form-control wpcf7-text wpcf7-validates-as-required\" aria-required=\"true\" aria-invalid=\"false\" value=\"\" type=\"text\" name=\"your-town\" \/><\/span>\n\t\t\t<\/p>\n\t\t<\/td>\n\t\t<td>\n\t\t\t<p>C\u00f3digo postal <span class=\"required\">*<\/span><br \/>\n<span class=\"wpcf7-form-control-wrap\" data-name=\"your-zip\"><input size=\"40\" maxlength=\"400\" class=\"wpcf7-form-control wpcf7-text wpcf7-validates-as-required\" aria-required=\"true\" aria-invalid=\"false\" value=\"\" type=\"text\" name=\"your-zip\" \/><\/span>\n\t\t\t<\/p>\n\t\t<\/td>\n\t<\/tr>\n\t<tr>\n\t\t<td>\n\t\t\t<p>Telefone\/Telem\u00f3vel <span class=\"required\">*<\/span><br \/>\n<span class=\"wpcf7-form-control-wrap\" data-name=\"your-phone\"><input size=\"40\" maxlength=\"400\" class=\"wpcf7-form-control wpcf7-text wpcf7-validates-as-required\" aria-required=\"true\" aria-invalid=\"false\" value=\"\" type=\"text\" name=\"your-phone\" \/><\/span>\n\t\t\t<\/p>\n\t\t<\/td>\n\t\t<td>\n\t\t\t<p>Hora de chegada <span class=\"required\">*<\/span>\n\t\t\t<\/p>\n\t\t\t<p>[datetime* datetime-of-arrival date-format:dd\/mm\/yy time-format:HH:mm min-date:-1 first-day:1]\n\t\t\t<\/p>\n\t\t<\/td>\n\t<\/tr>\n\t<tr>\n\t\t<td>\n\t\t\t<p>Destino <span class=\"required\">*<\/span>\n\t\t\t<\/p>\n\t\t\t<p><span class=\"wpcf7-form-control-wrap\" data-name=\"your-destination\"><select class=\"wpcf7-form-control wpcf7-select wpcf7-validates-as-required\" aria-required=\"true\" aria-invalid=\"false\" name=\"your-destination\"><option value=\"\">&#8212;Please choose an option&#8212;<\/option><option value=\"Club Playa Real\">Club Playa Real<\/option><option value=\"Marbesa Club\">Marbesa Club<\/option><option value=\"Matchroom Country Club\">Matchroom Country Club<\/option><\/select><\/span>\n\t\t\t<\/p>\n\t\t<\/td>\n\t\t<td>\n\t\t\t<p>N\u00famero de V\u00f4o <span class=\"required\">*<\/span><br \/>\n<span class=\"wpcf7-form-control-wrap\" data-name=\"your-flight\"><input size=\"40\" maxlength=\"400\" class=\"wpcf7-form-control wpcf7-text wpcf7-validates-as-required\" aria-required=\"true\" aria-invalid=\"false\" value=\"\" type=\"text\" name=\"your-flight\" \/><\/span>\n\t\t\t<\/p>\n\t\t<\/td>\n\t<\/tr>\n\t<tr>\n\t\t<td>\n\t\t\t<p>N\u00famero de adultos \/ crian\u00e7as <span class=\"required\">*<\/span>\n\t\t\t<\/p>\n\t\t\t<p><span class=\"wpcf7-form-control-wrap\" data-name=\"num-adults\"><input size=\"40\" maxlength=\"400\" class=\"wpcf7-form-control wpcf7-text wpcf7-validates-as-required halv\" aria-required=\"true\" aria-invalid=\"false\" value=\"\" type=\"text\" name=\"num-adults\" \/><\/span> \/ <span class=\"wpcf7-form-control-wrap\" data-name=\"num-children\"><input size=\"40\" maxlength=\"400\" class=\"wpcf7-form-control wpcf7-text wpcf7-validates-as-required halv\" aria-required=\"true\" aria-invalid=\"false\" value=\"\" type=\"text\" name=\"num-children\" \/><\/span>\n\t\t\t<\/p>\n\t\t<\/td>\n\t\t<td>\n\t\t\t<p>Dia de partida <span class=\"required\">*<\/span>\n\t\t\t<\/p>\n\t\t\t<p><span class=\"wpcf7-form-control-wrap\" data-name=\"date-departure\"><input class=\"wpcf7-form-control wpcf7-date wpcf7-validates-as-required wpcf7-validates-as-date\" aria-required=\"true\" aria-invalid=\"false\" value=\"\" type=\"date\" name=\"date-departure\" \/><\/span>\n\t\t\t<\/p>\n\t\t<\/td>\n\t<\/tr>\n\t<tr>\n\t\t<td colspan=\"2\">\n\t\t\t<h3>O cesto inclui:\n\t\t\t<\/h3>\n\t\t<\/td>\n\t<\/tr>\n\t<tr>\n\t\t<td colspan=\"2\">\n\t\t\t<p><span class=\"wpcf7-form-control-wrap\" data-name=\"checkbox-welcome-pack\"><span class=\"wpcf7-form-control wpcf7-checkbox wpcf7-exclusive-checkbox\"><span class=\"wpcf7-list-item first\"><input type=\"checkbox\" name=\"checkbox-welcome-pack\" value=\"Cesto Normal: P\u00e3o, Manteiga, Compota, Bacon, A\u00e7\u00facar, Leite, Caf\u00e9, Ch\u00e1, Ovos, Sumo de Laranja, \u00c1gua, Vinho Tinto e custa \u20ac28.00.\" \/><span class=\"wpcf7-list-item-label\">Cesto Normal: P\u00e3o, Manteiga, Compota, Bacon, A\u00e7\u00facar, Leite, Caf\u00e9, Ch\u00e1, Ovos, Sumo de Laranja, \u00c1gua, Vinho Tinto e custa \u20ac28.00.<\/span><\/span><span class=\"wpcf7-list-item last\"><input type=\"checkbox\" name=\"checkbox-welcome-pack\" value=\"Cesto Gigante: Cesto Normal + 1 pacote de queijo fatiado, 1 pacote de fiambre fatiado, 1 Garrafa de Vinho Branco e custa \u20ac35.00.\" \/><span class=\"wpcf7-list-item-label\">Cesto Gigante: Cesto Normal + 1 pacote de queijo fatiado, 1 pacote de fiambre fatiado, 1 Garrafa de Vinho Branco e custa \u20ac35.00.<\/span><\/span><\/span><\/span>\n\t\t\t<\/p>\n\t\t<\/td>\n\t<\/tr>\n\t<tr>\n\t\t<td colspan=\"2\">\n\t\t\t<p><span class=\"wpcf7-form-control-wrap\" data-name=\"checkbox-half-board\"><span class=\"wpcf7-form-control wpcf7-checkbox\"><span class=\"wpcf7-list-item first last\"><input type=\"checkbox\" name=\"checkbox-half-board[]\" value=\"Sim\" \/><span class=\"wpcf7-list-item-label\">Sim<\/span><\/span><\/span><\/span> - Estou interessado no Pacotes de Meia-Pens\u00e3o\n\t\t\t<\/p>\n\t\t<\/td>\n\t<\/tr>\n\t<tr>\n\t\t<td colspan=\"2\">\n\t\t\t<p><span class=\"wpcf7-form-control-wrap\" data-name=\"checkbox-car-rental\"><span class=\"wpcf7-form-control wpcf7-checkbox\"><span class=\"wpcf7-list-item first last\"><input type=\"checkbox\" name=\"checkbox-car-rental[]\" value=\"Sim\" \/><span class=\"wpcf7-list-item-label\">Sim<\/span><\/span><\/span><\/span> - Estou interessado em Aluguel de Carros\n\t\t\t<\/p>\n\t\t<\/td>\n\t<\/tr>\n\t<tr>\n\t\t<td colspan=\"2\">\n\t\t<\/td>\n\t<\/tr>\n\t<tr>\n\t\t<td>\n\t\t<\/td>\n\t\t<td>\n\t\t\t<p><input class=\"wpcf7-form-control wpcf7-submit has-spinner\" type=\"submit\" value=\"Envie dados\" \/>\n\t\t\t<\/p>\n\t\t<\/td>\n\t<\/tr>\n<\/table><p style=\"display: none !important;\" class=\"akismet-fields-container\" data-prefix=\"_wpcf7_ak_\"><label>&#916;<textarea name=\"_wpcf7_ak_hp_textarea\" cols=\"45\" rows=\"8\" maxlength=\"100\"><\/textarea><\/label><input type=\"hidden\" id=\"ak_js_5\" name=\"_wpcf7_ak_js\" value=\"198\"\/><script>document.getElementById( \"ak_js_5\" ).setAttribute( \"value\", ( new Date() ).getTime() );<\/script><\/p><div class=\"wpcf7-response-output\" aria-hidden=\"true\"><\/div>\n<\/form>\n<\/div>\n<\/p>","protected":false},"excerpt":{"rendered":"<p>Bem-Vindo \u00e0 vossa casa Heritage! Formul\u00e1rio de informa\u00e7\u00e3o de pr\u00e9-chegada Temos o prazer de vos dar as boas vindas. De modo a que as vossas f\u00e9rias sejam o mais relaxantes poss\u00edvel, teremos o prazer de vos preparar um dos nossos<span class=\"ellipsis\">&hellip;<\/span><\/p>\n<div class=\"read-more\"><a href=\"https:\/\/www.heritageresorts.com\/pt\/members\/pre-arrival-information\/rci\">Read more &#8250;<\/a><\/div>\n<p><!-- end of .read-more --><\/p>\n","protected":false},"author":1,"featured_media":0,"parent":347,"menu_order":3,"comment_status":"closed","ping_status":"closed","template":"","meta":{"footnotes":""},"class_list":["post-593","page","type-page","status-publish","hentry"],"_links":{"self":[{"href":"https:\/\/www.heritageresorts.com\/pt\/wp-json\/wp\/v2\/pages\/593","targetHints":{"allow":["GET"]}}],"collection":[{"href":"https:\/\/www.heritageresorts.com\/pt\/wp-json\/wp\/v2\/pages"}],"about":[{"href":"https:\/\/www.heritageresorts.com\/pt\/wp-json\/wp\/v2\/types\/page"}],"author":[{"embeddable":true,"href":"https:\/\/www.heritageresorts.com\/pt\/wp-json\/wp\/v2\/users\/1"}],"replies":[{"embeddable":true,"href":"https:\/\/www.heritageresorts.com\/pt\/wp-json\/wp\/v2\/comments?post=593"}],"version-history":[{"count":0,"href":"https:\/\/www.heritageresorts.com\/pt\/wp-json\/wp\/v2\/pages\/593\/revisions"}],"up":[{"embeddable":true,"href":"https:\/\/www.heritageresorts.com\/pt\/wp-json\/wp\/v2\/pages\/347"}],"wp:attachment":[{"href":"https:\/\/www.heritageresorts.com\/pt\/wp-json\/wp\/v2\/media?parent=593"}],"curies":[{"name":"wp","href":"https:\/\/api.w.org\/{rel}","templated":true}]}}