{"id":59,"date":"2014-03-12T16:36:43","date_gmt":"2014-03-12T14:36:43","guid":{"rendered":"http:\/\/heritageresorts.com\/2014\/?page_id=59"},"modified":"2024-04-03T10:58:17","modified_gmt":"2024-04-03T08:58:17","slug":"the-dolly-blue-bar-grill","status":"publish","type":"page","link":"https:\/\/www.heritageresorts.com\/pt\/heritage-restaurants\/the-dolly-blue-bar-grill","title":{"rendered":"The Dolly Blue Bar &#038; Grill"},"content":{"rendered":"<p><img loading=\"lazy\" decoding=\"async\" src=\"https:\/\/www.heritageresorts.com\/wp-content\/uploads\/2018\/12\/dolly-blue-whitewater.jpg\" alt=\"\" width=\"1000\" height=\"500\" class=\"aligncenter size-full wp-image-421\" srcset=\"https:\/\/www.heritageresorts.com\/wp-content\/uploads\/2018\/12\/dolly-blue-whitewater.jpg 1000w, https:\/\/www.heritageresorts.com\/wp-content\/uploads\/2018\/12\/dolly-blue-whitewater-600x300.jpg 600w, https:\/\/www.heritageresorts.com\/wp-content\/uploads\/2018\/12\/dolly-blue-whitewater-768x384.jpg 768w\" sizes=\"auto, (max-width: 1000px) 100vw, 1000px\" \/><\/p>\n<h3>O Hotel Whitewater e centro de \u00f3cio<\/h3>\n<p>Bem-vindo ao nosso novo e elegante bar!<\/p>\n<p>Agora parte do Hotel, depois de uma grande remodela\u00e7\u00e3o, o novo &#8220;<a href=\"https:\/\/dollybluebar.co.uk\/\" rel=\"noopener\" target=\"_blank\">Dolly Blue bar<\/a>&#8221; foi concebido para proporcionar um ambiente relaxante. Sente-se nos modernos sof\u00e1s de couro vermelho e castanho, em torno de novas mesas e cadeiras de couro moderno e ilumina\u00e7\u00e3o de ambiente e desfrute de uma excelente selec\u00e7\u00e3o de vinhos, cervejas e bebidas espirituosas, com vista para o rio.<\/p>\n<p>Na primavera e no ver\u00e3o desfrute de uma bebida na esplanada ribeirinha. H\u00e1 um menu completo dispon\u00edvel, especialmente preparado pelo nosso Chef.<\/p>","protected":false},"excerpt":{"rendered":"<p>O Hotel Whitewater e centro de \u00f3cio Bem-vindo ao nosso novo e elegante bar! Agora parte do Hotel, depois de uma grande remodela\u00e7\u00e3o, o novo &#8220;Dolly Blue bar&#8221; foi concebido para proporcionar um ambiente relaxante. Sente-se nos modernos sof\u00e1s de<span class=\"ellipsis\">&hellip;<\/span><\/p>\n<div class=\"read-more\"><a href=\"https:\/\/www.heritageresorts.com\/pt\/heritage-restaurants\/the-dolly-blue-bar-grill\">Read more &#8250;<\/a><\/div>\n<p><!-- end of .read-more --><\/p>\n","protected":false},"author":1,"featured_media":0,"parent":22,"menu_order":4,"comment_status":"closed","ping_status":"open","template":"","meta":{"footnotes":""},"class_list":["post-59","page","type-page","status-publish","hentry"],"_links":{"self":[{"href":"https:\/\/www.heritageresorts.com\/pt\/wp-json\/wp\/v2\/pages\/59","targetHints":{"allow":["GET"]}}],"collection":[{"href":"https:\/\/www.heritageresorts.com\/pt\/wp-json\/wp\/v2\/pages"}],"about":[{"href":"https:\/\/www.heritageresorts.com\/pt\/wp-json\/wp\/v2\/types\/page"}],"author":[{"embeddable":true,"href":"https:\/\/www.heritageresorts.com\/pt\/wp-json\/wp\/v2\/users\/1"}],"replies":[{"embeddable":true,"href":"https:\/\/www.heritageresorts.com\/pt\/wp-json\/wp\/v2\/comments?post=59"}],"version-history":[{"count":0,"href":"https:\/\/www.heritageresorts.com\/pt\/wp-json\/wp\/v2\/pages\/59\/revisions"}],"up":[{"embeddable":true,"href":"https:\/\/www.heritageresorts.com\/pt\/wp-json\/wp\/v2\/pages\/22"}],"wp:attachment":[{"href":"https:\/\/www.heritageresorts.com\/pt\/wp-json\/wp\/v2\/media?parent=59"}],"curies":[{"name":"wp","href":"https:\/\/api.w.org\/{rel}","templated":true}]}}