{"id":49,"date":"2014-03-10T16:37:59","date_gmt":"2014-03-10T14:37:59","guid":{"rendered":"http:\/\/heritageresorts.com\/2014\/?page_id=49"},"modified":"2019-04-24T10:48:40","modified_gmt":"2019-04-24T08:48:40","slug":"le-papillon","status":"publish","type":"page","link":"https:\/\/www.heritageresorts.com\/pt\/heritage-restaurants\/le-papillon","title":{"rendered":"Le Papillon"},"content":{"rendered":"<p><img loading=\"lazy\" decoding=\"async\" src=\"https:\/\/www.heritageresorts.com\/wp-content\/uploads\/2018\/12\/papillon_tuneado.jpg\" alt=\"\" width=\"1000\" height=\"500\" class=\"aligncenter size-full wp-image-414\" srcset=\"https:\/\/www.heritageresorts.com\/wp-content\/uploads\/2018\/12\/papillon_tuneado.jpg 1000w, https:\/\/www.heritageresorts.com\/wp-content\/uploads\/2018\/12\/papillon_tuneado-600x300.jpg 600w, https:\/\/www.heritageresorts.com\/wp-content\/uploads\/2018\/12\/papillon_tuneado-768x384.jpg 768w\" sizes=\"auto, (max-width: 1000px) 100vw, 1000px\" \/><\/p>\n<p><strong>Restaurante Le Papillon \u2013 Elegante restaurante junto \u00e0 praia.<\/strong><\/p>\n<p>Le Papillon, Urb.Marbesa Heritage Resorts \u00e9 um elegante restaurante \u00e0 beira-mar. O Le Papillon possui uma extensa variedade de del\u00edcias culin\u00e1rias internacionais e tradicionais da gastronomia espanhola. O restaurante oferece uma excelente carta de vinhos e apertitivos.<\/p>\n<p>O restaurante foi recentemente remodelado com mobili\u00e1rio confort\u00e1vel e elegante e oferece o cen\u00e1rio perfeito para almo\u00e7os e jantares. O menu \u00e0 hora do almo\u00e7o tem refei\u00e7\u00f5es leves e pratos mais substanciosos, como o robalo assado, perna de borrego, a deliciosa paella e frango de caril Le Papillon.<\/p>\n<p>As crian\u00e7as s\u00e3o bem-vindas no Le Papillon. H\u00e1 uma grande \u00e1rea recreativa frente \u00e0 praia, ideal para as crian\u00e7as. O menu infantil oferece pratos como esparguete bolonhesa e nuggets de frango e batatas fritas, a pre\u00e7os muito acess\u00edveis.<\/p>\n<p>O Le Papillon oferece luxuosas camas chill out por um surpreendente pre\u00e7o de 25 Euros ao dia. Caso deseje refrescar-se com uma garrafa de Champagne (Mo\u00ebt Chandon), pod\u00ea-o-\u00e0 fazer por uns incr\u00edveis 75 Euros (cama e champagne) Um ideal dia rom\u00e2ntico!<\/p>\n<p>O Le Papillon tem um terra\u00e7o de vidro aquecido que o torna um local \u00f3ptimo para jantares de inverno. A lareira do restaurante cria um ambiente aconchegante. Existe tamb\u00e9m m\u00fasica ao vivo certas noites. O Le Papillon \u00e9 realmente um lugar para todas as esta\u00e7\u00f5es do ano e uma experi\u00eancia a n\u00e3o perder!<\/p>\n<p>Para mais informa\u00e7\u00f5es entre em contacto com o restaurante em 952 834 113. <\/p>\n<p><a href=\"http:\/\/www.restaurantepapillon.com\" rel=\"noopener noreferrer\" target=\"_blank\">www.restaurantepapillon.com<\/a><\/p>","protected":false},"excerpt":{"rendered":"<p>Restaurante Le Papillon \u2013 Elegante restaurante junto \u00e0 praia. Le Papillon, Urb.Marbesa Heritage Resorts \u00e9 um elegante restaurante \u00e0 beira-mar. O Le Papillon possui uma extensa variedade de del\u00edcias culin\u00e1rias internacionais e tradicionais da gastronomia espanhola. O restaurante oferece uma<span class=\"ellipsis\">&hellip;<\/span><\/p>\n<div class=\"read-more\"><a href=\"https:\/\/www.heritageresorts.com\/pt\/heritage-restaurants\/le-papillon\">Read more &#8250;<\/a><\/div>\n<p><!-- end of .read-more --><\/p>\n","protected":false},"author":1,"featured_media":0,"parent":22,"menu_order":1,"comment_status":"closed","ping_status":"open","template":"","meta":{"footnotes":""},"class_list":["post-49","page","type-page","status-publish","hentry"],"_links":{"self":[{"href":"https:\/\/www.heritageresorts.com\/pt\/wp-json\/wp\/v2\/pages\/49","targetHints":{"allow":["GET"]}}],"collection":[{"href":"https:\/\/www.heritageresorts.com\/pt\/wp-json\/wp\/v2\/pages"}],"about":[{"href":"https:\/\/www.heritageresorts.com\/pt\/wp-json\/wp\/v2\/types\/page"}],"author":[{"embeddable":true,"href":"https:\/\/www.heritageresorts.com\/pt\/wp-json\/wp\/v2\/users\/1"}],"replies":[{"embeddable":true,"href":"https:\/\/www.heritageresorts.com\/pt\/wp-json\/wp\/v2\/comments?post=49"}],"version-history":[{"count":0,"href":"https:\/\/www.heritageresorts.com\/pt\/wp-json\/wp\/v2\/pages\/49\/revisions"}],"up":[{"embeddable":true,"href":"https:\/\/www.heritageresorts.com\/pt\/wp-json\/wp\/v2\/pages\/22"}],"wp:attachment":[{"href":"https:\/\/www.heritageresorts.com\/pt\/wp-json\/wp\/v2\/media?parent=49"}],"curies":[{"name":"wp","href":"https:\/\/api.w.org\/{rel}","templated":true}]}}