{"id":476,"date":"2019-03-20T12:04:14","date_gmt":"2019-03-20T10:04:14","guid":{"rendered":"http:\/\/www.heritageresorts.com\/2020\/?page_id=476"},"modified":"2025-08-18T15:10:10","modified_gmt":"2025-08-18T13:10:10","slug":"holiday-competition","status":"publish","type":"page","link":"https:\/\/www.heritageresorts.com\/pt\/contact-us\/holiday-competition","title":{"rendered":"Competi\u00e7\u00e3o de f\u00e9rias"},"content":{"rendered":"<p><\/p>\n<h3>Ganhe umas f\u00e9rias com a fam\u00edlia para a Costa del Sol Espanha ou a Tail\u00e2ndia!<\/h3>\n<p>Todos os meses o Heritage Resorts promove um sorteio de umas f\u00e9rias em fam\u00edlia na fabulosa, ensolarada Costa del Sol, Espanha ou a Tail\u00e2ndia. O pr\u00eamio \u00e9 uma estada num resort de luxo na Costa del Sol ou a Tail\u00e2ndia at\u00e9 4 pessoas por 7 noites. N\u00e3o inclui viagens, comida ou bebida. O alojamento est\u00e1 sujeito \u00e0 disponibilidade no momento da reserva.<\/p>\n<p>\u00c9 muito simples entrar no sorteio; basta preencher o question\u00e1rio abaixo e clicar em &#8220;participar na competi\u00e7\u00e3o&#8221;. Certifique-se de ler os termos e condi\u00e7\u00f5es.<\/p>\n<p>\n<div class=\"wpcf7 no-js\" id=\"wpcf7-f683-o4\" lang=\"en-US\" dir=\"ltr\" data-wpcf7-id=\"683\">\n<div class=\"screen-reader-response\"><p role=\"status\" aria-live=\"polite\" aria-atomic=\"true\"><\/p> <ul><\/ul><\/div>\n<form action=\"\/pt\/wp-json\/wp\/v2\/pages\/476#wpcf7-f683-o4\" method=\"post\" class=\"wpcf7-form init\" aria-label=\"Contact form\" novalidate=\"novalidate\" data-status=\"init\">\n<fieldset class=\"hidden-fields-container\"><input type=\"hidden\" name=\"_wpcf7\" value=\"683\" \/><input type=\"hidden\" name=\"_wpcf7_version\" value=\"6.1.5\" \/><input type=\"hidden\" name=\"_wpcf7_locale\" value=\"en_US\" \/><input type=\"hidden\" name=\"_wpcf7_unit_tag\" value=\"wpcf7-f683-o4\" \/><input type=\"hidden\" name=\"_wpcf7_container_post\" value=\"0\" \/><input type=\"hidden\" name=\"_wpcf7_posted_data_hash\" value=\"\" \/><input type=\"hidden\" name=\"_wpcf7_recaptcha_response\" value=\"\" \/>\n<\/fieldset>\n<table>\n\t<tr>\n\t\t<td colspan=\"2\">\n\t\t\t<h3>Passo 1: Por favor, responda a estas 3 perguntas:\n\t\t\t<\/h3>\n\t\t<\/td>\n\t<\/tr>\n\t<tr>\n\t\t<td colspan=\"2\">\n\t\t\t<p>Qual \u00e9 a capital de Espanha?<br \/>\n<span class=\"wpcf7-form-control-wrap\" data-name=\"radio-q1\"><span class=\"wpcf7-form-control wpcf7-radio\"><span class=\"wpcf7-list-item first\"><input type=\"radio\" name=\"radio-q1\" value=\"MADRID\" checked=\"checked\" \/><span class=\"wpcf7-list-item-label\">MADRID<\/span><\/span><span class=\"wpcf7-list-item\"><input type=\"radio\" name=\"radio-q1\" value=\"BARCELONA\" \/><span class=\"wpcf7-list-item-label\">BARCELONA<\/span><\/span><span class=\"wpcf7-list-item last\"><input type=\"radio\" name=\"radio-q1\" value=\"VALENCIA\" \/><span class=\"wpcf7-list-item-label\">VALENCIA<\/span><\/span><\/span><\/span>\n\t\t\t<\/p>\n\t\t<\/td>\n\t<\/tr>\n\t<tr>\n\t\t<td colspan=\"2\">\n\t\t\t<p>Onde est\u00e1 Lincolnshire?<br \/>\n<span class=\"wpcf7-form-control-wrap\" data-name=\"radio-q2\"><span class=\"wpcf7-form-control wpcf7-radio\"><span class=\"wpcf7-list-item first\"><input type=\"radio\" name=\"radio-q2\" value=\"IRLANDA\" checked=\"checked\" \/><span class=\"wpcf7-list-item-label\">IRLANDA<\/span><\/span><span class=\"wpcf7-list-item\"><input type=\"radio\" name=\"radio-q2\" value=\"ESC\u00d3CIA\" \/><span class=\"wpcf7-list-item-label\">ESC\u00d3CIA<\/span><\/span><span class=\"wpcf7-list-item last\"><input type=\"radio\" name=\"radio-q2\" value=\"INGLATERRA\" \/><span class=\"wpcf7-list-item-label\">INGLATERRA<\/span><\/span><\/span><\/span>\n\t\t\t<\/p>\n\t\t<\/td>\n\t<\/tr>\n\t<tr>\n\t\t<td colspan=\"2\">\n\t\t\t<p>Quem \u00e9 o presidente dos Estados Unidos?<br \/>\n<span class=\"wpcf7-form-control-wrap\" data-name=\"radio-q3\"><span class=\"wpcf7-form-control wpcf7-radio\"><span class=\"wpcf7-list-item first\"><input type=\"radio\" name=\"radio-q3\" value=\"DONALD TRUMP\" checked=\"checked\" \/><span class=\"wpcf7-list-item-label\">DONALD TRUMP<\/span><\/span><span class=\"wpcf7-list-item\"><input type=\"radio\" name=\"radio-q3\" value=\"BARACK OBAMA\" \/><span class=\"wpcf7-list-item-label\">BARACK OBAMA<\/span><\/span><span class=\"wpcf7-list-item last\"><input type=\"radio\" name=\"radio-q3\" value=\"GEORGE BUSH\" \/><span class=\"wpcf7-list-item-label\">GEORGE BUSH<\/span><\/span><\/span><\/span>\n\t\t\t<\/p>\n\t\t<\/td>\n\t<\/tr>\n\t<tr>\n\t\t<td colspan=\"2\">\n\t\t\t<h3>Passo 2: Preencha o formul\u00e1rio abaixo para entrar no sorteio de pr\u00e9mios.\n\t\t\t<\/h3>\n\t\t<\/td>\n\t<\/tr>\n\t<tr>\n\t\t<td>\n\t\t\t<p>Nome <span class=\"required\">*<\/span><br \/>\n<span class=\"wpcf7-form-control-wrap\" data-name=\"your-name\"><input size=\"40\" maxlength=\"400\" class=\"wpcf7-form-control wpcf7-text wpcf7-validates-as-required\" aria-required=\"true\" aria-invalid=\"false\" value=\"\" type=\"text\" name=\"your-name\" \/><\/span>\n\t\t\t<\/p>\n\t\t<\/td>\n\t\t<td>\n\t\t\t<p>Sobrenome <span class=\"required\">*<\/span><br \/>\n<span class=\"wpcf7-form-control-wrap\" data-name=\"your-surname\"><input size=\"40\" maxlength=\"400\" class=\"wpcf7-form-control wpcf7-text wpcf7-validates-as-required\" aria-required=\"true\" aria-invalid=\"false\" value=\"\" type=\"text\" name=\"your-surname\" \/><\/span>\n\t\t\t<\/p>\n\t\t<\/td>\n\t<\/tr>\n\t<tr>\n\t\t<td>\n\t\t\t<p>Telefone\/Telem\u00f3vel 1 <span class=\"required\">*<\/span><br \/>\n<span class=\"wpcf7-form-control-wrap\" data-name=\"your-phone1\"><input size=\"40\" maxlength=\"400\" class=\"wpcf7-form-control wpcf7-text wpcf7-validates-as-required\" aria-required=\"true\" aria-invalid=\"false\" value=\"\" type=\"text\" name=\"your-phone1\" \/><\/span>\n\t\t\t<\/p>\n\t\t<\/td>\n\t\t<td>\n\t\t\t<p>Telefone\/Telem\u00f3vel 2<br \/>\n<span class=\"wpcf7-form-control-wrap\" data-name=\"your-phone2\"><input size=\"40\" maxlength=\"400\" class=\"wpcf7-form-control wpcf7-text\" aria-invalid=\"false\" value=\"\" type=\"text\" name=\"your-phone2\" \/><\/span>\n\t\t\t<\/p>\n\t\t<\/td>\n\t<\/tr>\n\t<tr>\n\t\t<td colspan=\"2\">\n\t\t\t<p>Email <span class=\"required\">*<\/span><br \/>\n<span class=\"wpcf7-form-control-wrap\" data-name=\"your-email\"><input size=\"40\" maxlength=\"400\" class=\"wpcf7-form-control wpcf7-email wpcf7-validates-as-required wpcf7-text wpcf7-validates-as-email\" aria-required=\"true\" aria-invalid=\"false\" value=\"\" type=\"email\" name=\"your-email\" \/><\/span>\n\t\t\t<\/p>\n\t\t<\/td>\n\t<\/tr>\n\t<tr>\n\t\t<td colspan=\"2\">\n\t\t\t<p>Endere\u00e7o<br \/>\n<span class=\"wpcf7-form-control-wrap\" data-name=\"your-address\"><input size=\"40\" maxlength=\"400\" class=\"wpcf7-form-control wpcf7-text\" aria-invalid=\"false\" value=\"\" type=\"text\" name=\"your-address\" \/><\/span>\n\t\t\t<\/p>\n\t\t<\/td>\n\t<\/tr>\n\t<tr>\n\t\t<td>\n\t\t\t<p>Localidade\/Cidade<br \/>\n<span class=\"wpcf7-form-control-wrap\" data-name=\"your-town\"><input size=\"40\" maxlength=\"400\" class=\"wpcf7-form-control wpcf7-text\" aria-invalid=\"false\" value=\"\" type=\"text\" name=\"your-town\" \/><\/span>\n\t\t\t<\/p>\n\t\t<\/td>\n\t\t<td>\n\t\t\t<p>C\u00f3digo postal<br \/>\n<span class=\"wpcf7-form-control-wrap\" data-name=\"your-zip\"><input size=\"40\" maxlength=\"400\" class=\"wpcf7-form-control wpcf7-text\" aria-invalid=\"false\" value=\"\" type=\"text\" name=\"your-zip\" \/><\/span>\n\t\t\t<\/p>\n\t\t<\/td>\n\t<\/tr>\n\t<tr>\n\t\t<td>\n\t\t\t<p>Pa\u00eds <span class=\"required\">*<\/span><br \/>\n<span class=\"wpcf7-form-control-wrap\" data-name=\"your-country\"><input size=\"40\" maxlength=\"400\" class=\"wpcf7-form-control wpcf7-text wpcf7-validates-as-required\" aria-required=\"true\" aria-invalid=\"false\" value=\"\" type=\"text\" name=\"your-country\" \/><\/span>\n\t\t\t<\/p>\n\t\t<\/td>\n\t\t<td>\n\t\t\t<p>Pa\u00eds de resid\u00eancia <span class=\"required\">*<\/span><br \/>\n<span class=\"wpcf7-form-control-wrap\" data-name=\"your-residence\"><input size=\"40\" maxlength=\"400\" class=\"wpcf7-form-control wpcf7-text wpcf7-validates-as-required\" aria-required=\"true\" aria-invalid=\"false\" value=\"\" type=\"text\" name=\"your-residence\" \/><\/span>\n\t\t\t<\/p>\n\t\t<\/td>\n\t<\/tr>\n\t<tr>\n\t\t<td>\n\t\t\t<p>Idade do homem <span class=\"required\">*<\/span><br \/>\n<span class=\"wpcf7-form-control-wrap\" data-name=\"age-male\"><input size=\"40\" maxlength=\"400\" class=\"wpcf7-form-control wpcf7-text wpcf7-validates-as-required\" aria-required=\"true\" aria-invalid=\"false\" value=\"\" type=\"text\" name=\"age-male\" \/><\/span>\n\t\t\t<\/p>\n\t\t<\/td>\n\t\t<td>\n\t\t\t<p>Idade da mulher <span class=\"required\">*<\/span><br \/>\n<span class=\"wpcf7-form-control-wrap\" data-name=\"age-female\"><input size=\"40\" maxlength=\"400\" class=\"wpcf7-form-control wpcf7-text wpcf7-validates-as-required\" aria-required=\"true\" aria-invalid=\"false\" value=\"\" type=\"text\" name=\"age-female\" \/><\/span>\n\t\t\t<\/p>\n\t\t<\/td>\n\t<\/tr>\n\t<tr>\n\t\t<td>\n\t\t\t<p>Profiss\u00e3o do homem <span class=\"required\">*<\/span><br \/>\n<span class=\"wpcf7-form-control-wrap\" data-name=\"prof-male\"><input size=\"40\" maxlength=\"400\" class=\"wpcf7-form-control wpcf7-text wpcf7-validates-as-required\" aria-required=\"true\" aria-invalid=\"false\" value=\"\" type=\"text\" name=\"prof-male\" \/><\/span>\n\t\t\t<\/p>\n\t\t<\/td>\n\t\t<td>\n\t\t\t<p>Profiss\u00e3o da mulher <span class=\"required\">*<\/span><br \/>\n<span class=\"wpcf7-form-control-wrap\" data-name=\"prof-female\"><input size=\"40\" maxlength=\"400\" class=\"wpcf7-form-control wpcf7-text wpcf7-validates-as-required\" aria-required=\"true\" aria-invalid=\"false\" value=\"\" type=\"text\" name=\"prof-female\" \/><\/span>\n\t\t\t<\/p>\n\t\t<\/td>\n\t<\/tr>\n\t<tr>\n\t\t<td>\n\t\t\t<p>Melhor hora para telefonar\n\t\t\t<\/p>\n\t\t\t<p><span class=\"wpcf7-form-control-wrap\" data-name=\"time-to-call\"><select class=\"wpcf7-form-control wpcf7-select\" aria-invalid=\"false\" name=\"time-to-call\"><option value=\"\">&#8212;Please choose an option&#8212;<\/option><option value=\"Entre 9-12\">Entre 9-12<\/option><option value=\"Entre 12-15\">Entre 12-15<\/option><option value=\"Entre 15-18\">Entre 15-18<\/option><option value=\"Entre 18-21\">Entre 18-21<\/option><\/select><\/span>\n\t\t\t<\/p>\n\t\t<\/td>\n\t\t<td>\n\t\t\t<p>Rendimento anual de ambos <span class=\"required\">*<\/span>\n\t\t\t<\/p>\n\t\t\t<p><span class=\"wpcf7-form-control-wrap\" data-name=\"combined-income\"><select class=\"wpcf7-form-control wpcf7-select wpcf7-validates-as-required\" aria-required=\"true\" aria-invalid=\"false\" name=\"combined-income\"><option value=\"\">&#8212;Please choose an option&#8212;<\/option><option value=\"Menos de 20000\u20ac\">Menos de 20000\u20ac<\/option><option value=\"20000\u20ac - 25000\u20ac\">20000\u20ac - 25000\u20ac<\/option><option value=\"25000\u20ac - 30000\u20ac\">25000\u20ac - 30000\u20ac<\/option><option value=\"30000\u20ac - 35000\u20ac\">30000\u20ac - 35000\u20ac<\/option><option value=\"Mais de 35000\u20ac\">Mais de 35000\u20ac<\/option><\/select><\/span>\n\t\t\t<\/p>\n\t\t<\/td>\n\t<\/tr>\n\t<tr>\n\t\t<td>\n\t\t\t<p>Or\u00e7amento anual para f\u00e9rias <span class=\"required\">*<\/span>\n\t\t\t<\/p>\n\t\t\t<p><span class=\"wpcf7-form-control-wrap\" data-name=\"holiday-budget\"><select class=\"wpcf7-form-control wpcf7-select wpcf7-validates-as-required\" aria-required=\"true\" aria-invalid=\"false\" name=\"holiday-budget\"><option value=\"\">&#8212;Please choose an option&#8212;<\/option><option value=\"Menos de 1500\u20ac\">Menos de 1500\u20ac<\/option><option value=\"1500\u20ac - 2500\u20ac\">1500\u20ac - 2500\u20ac<\/option><option value=\"2500\u20ac - 4000\u20ac\">2500\u20ac - 4000\u20ac<\/option><option value=\"Mais de 4000\u20ac\">Mais de 4000\u20ac<\/option><\/select><\/span>\n\t\t\t<\/p>\n\t\t<\/td>\n\t\t<td>\n\t\t\t<p>Quais dos seguintes cart\u00f5es de cr\u00e9dito utiliza <span class=\"required\">*<\/span>\n\t\t\t<\/p>\n\t\t\t<p><span class=\"wpcf7-form-control-wrap\" data-name=\"which-cc\"><select class=\"wpcf7-form-control wpcf7-select wpcf7-validates-as-required\" aria-required=\"true\" aria-invalid=\"false\" name=\"which-cc\"><option value=\"\">&#8212;Please choose an option&#8212;<\/option><option value=\"Visa\">Visa<\/option><option value=\"Mastercard\">Mastercard<\/option><option value=\"American Express\">American Express<\/option><\/select><\/span>\n\t\t\t<\/p>\n\t\t<\/td>\n\t<\/tr>\n\t<tr>\n\t\t<td>\n\t\t\t<p>Estado civil <span class=\"required\">*<\/span>\n\t\t\t<\/p>\n\t\t\t<p><span class=\"wpcf7-form-control-wrap\" data-name=\"marital-status\"><select class=\"wpcf7-form-control wpcf7-select wpcf7-validates-as-required\" aria-required=\"true\" aria-invalid=\"false\" name=\"marital-status\"><option value=\"\">&#8212;Please choose an option&#8212;<\/option><option value=\"Solteiro\/a\">Solteiro\/a<\/option><option value=\"Casado\/a\">Casado\/a<\/option><option value=\"Sociedade de pessoas\">Sociedade de pessoas<\/option><option value=\"Uni\u00e3o de facto\">Uni\u00e3o de facto<\/option><option value=\"Vi\u00favo\/a\">Vi\u00favo\/a<\/option><\/select><\/span>\n\t\t\t<\/p>\n\t\t<\/td>\n\t\t<td>\n\t\t\t<p>N\u00famero de adultos \/ crian\u00e7as <span class=\"required\">*<\/span>\n\t\t\t<\/p>\n\t\t\t<p><span class=\"wpcf7-form-control-wrap\" data-name=\"num-adults\"><input size=\"40\" maxlength=\"400\" class=\"wpcf7-form-control wpcf7-text wpcf7-validates-as-required halv\" aria-required=\"true\" aria-invalid=\"false\" value=\"\" type=\"text\" name=\"num-adults\" \/><\/span> \/ <span class=\"wpcf7-form-control-wrap\" data-name=\"num-children\"><input size=\"40\" maxlength=\"400\" class=\"wpcf7-form-control wpcf7-text wpcf7-validates-as-required halv\" aria-required=\"true\" aria-invalid=\"false\" value=\"\" type=\"text\" name=\"num-children\" \/><\/span>\n\t\t\t<\/p>\n\t\t<\/td>\n\t<\/tr>\n\t<tr>\n\t\t<td>\n\t\t\t<p>Data de chegada solicitada <span class=\"required\">*<\/span>\n\t\t\t<\/p>\n\t\t\t<p><span class=\"wpcf7-form-control-wrap\" data-name=\"date-1st\"><input class=\"wpcf7-form-control wpcf7-date wpcf7-validates-as-required wpcf7-validates-as-date\" aria-required=\"true\" aria-invalid=\"false\" value=\"\" type=\"date\" name=\"date-1st\" \/><\/span>\n\t\t\t<\/p>\n\t\t<\/td>\n\t\t<td>\n\t\t\t<p>Segunda data de chegada proposta <span class=\"required\">*<\/span>\n\t\t\t<\/p>\n\t\t\t<p><span class=\"wpcf7-form-control-wrap\" data-name=\"date-2nd\"><input class=\"wpcf7-form-control wpcf7-date wpcf7-validates-as-required wpcf7-validates-as-date\" aria-required=\"true\" aria-invalid=\"false\" value=\"\" type=\"date\" name=\"date-2nd\" \/><\/span>\n\t\t\t<\/p>\n\t\t<\/td>\n\t<\/tr>\n\t<tr>\n\t\t<td colspan=\"2\">\n\t\t\t<p><span class=\"wpcf7-form-control-wrap\" data-name=\"checkbox-half-board\"><span class=\"wpcf7-form-control wpcf7-checkbox\"><span class=\"wpcf7-list-item first last\"><input type=\"checkbox\" name=\"checkbox-half-board[]\" value=\"Sim\" \/><span class=\"wpcf7-list-item-label\">Sim<\/span><\/span><\/span><\/span> - Estou interessado no Pacotes de Meia-Pens\u00e3o\n\t\t\t<\/p>\n\t\t<\/td>\n\t<\/tr>\n\t<tr>\n\t\t<td colspan=\"2\">\n\t\t\t<p><span class=\"wpcf7-form-control-wrap\" data-name=\"checkbox-car-rental\"><span class=\"wpcf7-form-control wpcf7-checkbox\"><span class=\"wpcf7-list-item first last\"><input type=\"checkbox\" name=\"checkbox-car-rental[]\" value=\"Sim\" \/><span class=\"wpcf7-list-item-label\">Sim<\/span><\/span><\/span><\/span> - Estou interessado em Aluguel de Carros\n\t\t\t<\/p>\n\t\t<\/td>\n\t<\/tr>\n\t<tr>\n\t\t<td colspan=\"2\">\n\t\t\t<p>Coment\u00e1rio<br \/>\n<span class=\"wpcf7-form-control-wrap\" data-name=\"your-message\"><textarea cols=\"40\" rows=\"10\" maxlength=\"2000\" class=\"wpcf7-form-control wpcf7-textarea\" aria-invalid=\"false\" name=\"your-message\"><\/textarea><\/span>\n\t\t\t<\/p>\n\t\t<\/td>\n\t<\/tr>\n\t<tr>\n\t\t<td colspan=\"2\">\n\t\t\t<p><span class=\"wpcf7-form-control-wrap\" data-name=\"hr-terms\"><span class=\"wpcf7-form-control wpcf7-checkbox wpcf7-validates-as-required\"><span class=\"wpcf7-list-item first last\"><input type=\"checkbox\" name=\"hr-terms[]\" value=\"Yes\" \/><span class=\"wpcf7-list-item-label\">Yes<\/span><\/span><\/span><\/span><a id=\"toggle\" href=\"javascript:();\">Li e compreendi os termos e condi\u00e7\u00f5es.<\/a>\n\t\t\t<\/p>\n\t\t\t<div id=\"showTerms\">\n\t\t\t\t<h3>Termos e Condi\u00e7\u00f5es\n\t\t\t\t<\/h3>\n\t\t\t\t<ol>\n\t\t\t\t\t<li>\n\t\t\t\t\t\t<p>Os empregados do Heritage Resorts e os seus s\u00f3cios n\u00e3o t\u00eam direito a esta oferta.\n\t\t\t\t\t\t<\/p>\n\t\t\t\t\t<\/li>\n\t\t\t\t\t<li>\n\t\t\t\t\t\t<p>Os participantes devem ter entre 30 e 60 anos e devem estar casados ou conviver como marido e mulher h\u00e1, pelo menos, 3 anos.\n\t\t\t\t\t\t<\/p>\n\t\t\t\t\t<\/li>\n\t\t\t\t\t<li>\n\t\t\t\t\t\t<p>Os participantes devem estar empregados e auferir sal\u00e1rio.\n\t\t\t\t\t\t<\/p>\n\t\t\t\t\t<\/li>\n\t\t\t\t\t<li>\n\t\t\t\t\t\t<p>A ocupa\u00e7\u00e3o m\u00e1xima permitida \u00e9 de 4 pessoas (incluindo crian\u00e7as ou beb\u00e9s).\n\t\t\t\t\t\t<\/p>\n\t\t\t\t\t<\/li>\n\t\t\t\t\t<li>\n\t\t\t\t\t\t<p>O per\u00edodo de alojamento durante uma semana ser\u00e1 de S\u00e1bado at\u00e9 ao S\u00e1bado seguinte, pois este \u00e9 o dia normal de mudan\u00e7a nos resorts. Existe um n\u00famero limitado de apartamentos dispon\u00edveis de sexta a sexta.\n\t\t\t\t\t\t<\/p>\n\t\t\t\t\t<\/li>\n\t\t\t\t\t<li>\n\t\t\t\t\t\t<p>Exige-se uma confirma\u00e7\u00e3o por escrito na chegada.\n\t\t\t\t\t\t<\/p>\n\t\t\t\t\t<\/li>\n\t\t\t\t\t<li>\n\t\t\t\t\t\t<p>O pre\u00e7o exacto desta oferta realmente vantajosa ser\u00e1 definido pelo Heritage Resorts ap\u00f3s a recep\u00e7\u00e3o do seu formul\u00e1rio de candidatura e depende da \u00e9poca do ano e do tamanho do alojamento. Ser\u00e1 cobrado um dep\u00f3sito reembols\u00e1vel de 125,00 \u20ac nos termos das cl\u00e1usulas 14 e 15 destes termos e condi\u00e7\u00f5es.\n\t\t\t\t\t\t<\/p>\n\t\t\t\t\t<\/li>\n\t\t\t\t\t<li>\n\t\t\t\t\t\t<p>Durante a estada num dos resorts, o participante sabe perfeitamente que a visita ao resort e \u00e0s suas instala\u00e7\u00f5es e a apresenta\u00e7\u00e3o para venda com dura\u00e7\u00e3o n\u00e3o inferior a 90 minutos \u00e9 a condi\u00e7\u00e3o para que lhe seja aplic\u00e1vel um pre\u00e7o reduzido ao alojamento. N\u00e3o existe qualquer obriga\u00e7\u00e3o de adquirir.\n\t\t\t\t\t\t<\/p>\n\t\t\t\t\t<\/li>\n\t\t\t\t\t<li>\n\t\t\t\t\t\t<p>A apresenta\u00e7\u00e3o referida na cl\u00e1usula 8 deve ser feita pelas entidades referidas na cl\u00e1usula 2.\n\t\t\t\t\t\t<\/p>\n\t\t\t\t\t<\/li>\n\t\t\t\t\t<li>\n\t\t\t\t\t\t<p>Os participantes sabem perfeitamente que todas as despesas de transporte e as despesas casuais para viajar para ou desde os resorts s\u00e3o sempre da sua responsabilidade. Todas as despesas em comida e bebida, etc. n\u00e3o est\u00e3o inclu\u00eddas nesta oferta.\n\t\t\t\t\t\t<\/p>\n\t\t\t\t\t<\/li>\n\t\t\t\t\t<li>\n\t\t\t\t\t\t<p>Tanto a pessoa como os seus acompanhantes s\u00e3o os respons\u00e1veis por levar com eles passaportes v\u00e1lidos.\n\t\t\t\t\t\t<\/p>\n\t\t\t\t\t<\/li>\n\t\t\t\t\t<li>\n\t\t\t\t\t\t<p>O Heritage Resorts reserva-se o direito de oferecer alojamento noutros locais fora do resort Heritage.\n\t\t\t\t\t\t<\/p>\n\t\t\t\t\t<\/li>\n\t\t\t\t\t<li>\n\t\t\t\t\t\t<p>Os pormenores sobre o v\u00f4o (n\u00famero do v\u00f4o, companhia, dia e hora da chegada) s\u00e3o solicitados com, pelo menos, 4 semanas de anteced\u00eancia.\n\t\t\t\t\t\t<\/p>\n\t\t\t\t\t<\/li>\n\t\t\t\t\t<li>\n\t\t\t\t\t\t<p>Os participantes s\u00e3o respons\u00e1veis pelo mobili\u00e1rio, utens\u00edlios e acess\u00f3rios do alojamento fornecido pelo Heritage Resorts durante a sua estada.\n\t\t\t\t\t\t<\/p>\n\t\t\t\t\t<\/li>\n\t\t\t\t\t<li>\n\t\t\t\t\t\t<p>Ao preencher o formul\u00e1rio, os participantes reconhecem que leram atentamente e compreenderam estes termos e condi\u00e7\u00f5es e aceitam estar obrigados pelos mesmos em todo o momento e, se tal n\u00e3o acontecer, podem perder o dep\u00f3sito de 125,00\u20ac.\n\t\t\t\t\t\t<\/p>\n\t\t\t\t\t<\/li>\n\t\t\t\t<\/ol>\n\t\t\t<\/div>\n\t\t<\/td>\n\t<\/tr>\n\t<tr>\n\t\t<td colspan=\"2\">\n\t\t<\/td>\n\t<\/tr>\n\t<tr>\n\t\t<td>\n\t\t<\/td>\n\t\t<td>\n\t\t\t<p><input class=\"wpcf7-form-control wpcf7-submit has-spinner\" type=\"submit\" value=\"Envie dados\" \/>\n\t\t\t<\/p>\n\t\t<\/td>\n\t<\/tr>\n<\/table><p style=\"display: none !important;\" class=\"akismet-fields-container\" data-prefix=\"_wpcf7_ak_\"><label>&#916;<textarea name=\"_wpcf7_ak_hp_textarea\" cols=\"45\" rows=\"8\" maxlength=\"100\"><\/textarea><\/label><input type=\"hidden\" id=\"ak_js_4\" name=\"_wpcf7_ak_js\" value=\"146\"\/><script>document.getElementById( \"ak_js_4\" ).setAttribute( \"value\", ( new Date() ).getTime() );<\/script><\/p><div class=\"wpcf7-response-output\" aria-hidden=\"true\"><\/div>\n<\/form>\n<\/div>\n<\/p>","protected":false},"excerpt":{"rendered":"<p>Ganhe umas f\u00e9rias com a fam\u00edlia para a Costa del Sol Espanha ou a Tail\u00e2ndia! Todos os meses o Heritage Resorts promove um sorteio de umas f\u00e9rias em fam\u00edlia na fabulosa, ensolarada Costa del Sol, Espanha ou a Tail\u00e2ndia. O<span class=\"ellipsis\">&hellip;<\/span><\/p>\n<div class=\"read-more\"><a href=\"https:\/\/www.heritageresorts.com\/pt\/contact-us\/holiday-competition\">Read more &#8250;<\/a><\/div>\n<p><!-- end of .read-more --><\/p>\n","protected":false},"author":1,"featured_media":0,"parent":36,"menu_order":1,"comment_status":"closed","ping_status":"closed","template":"","meta":{"footnotes":""},"class_list":["post-476","page","type-page","status-publish","hentry"],"_links":{"self":[{"href":"https:\/\/www.heritageresorts.com\/pt\/wp-json\/wp\/v2\/pages\/476","targetHints":{"allow":["GET"]}}],"collection":[{"href":"https:\/\/www.heritageresorts.com\/pt\/wp-json\/wp\/v2\/pages"}],"about":[{"href":"https:\/\/www.heritageresorts.com\/pt\/wp-json\/wp\/v2\/types\/page"}],"author":[{"embeddable":true,"href":"https:\/\/www.heritageresorts.com\/pt\/wp-json\/wp\/v2\/users\/1"}],"replies":[{"embeddable":true,"href":"https:\/\/www.heritageresorts.com\/pt\/wp-json\/wp\/v2\/comments?post=476"}],"version-history":[{"count":0,"href":"https:\/\/www.heritageresorts.com\/pt\/wp-json\/wp\/v2\/pages\/476\/revisions"}],"up":[{"embeddable":true,"href":"https:\/\/www.heritageresorts.com\/pt\/wp-json\/wp\/v2\/pages\/36"}],"wp:attachment":[{"href":"https:\/\/www.heritageresorts.com\/pt\/wp-json\/wp\/v2\/media?parent=476"}],"curies":[{"name":"wp","href":"https:\/\/api.w.org\/{rel}","templated":true}]}}