{"id":360,"date":"2018-11-21T11:26:40","date_gmt":"2018-11-21T09:26:40","guid":{"rendered":"http:\/\/www.heritageresorts.com\/2020\/?page_id=360"},"modified":"2019-04-03T13:37:17","modified_gmt":"2019-04-03T11:37:17","slug":"ambassador-club","status":"publish","type":"page","link":"https:\/\/www.heritageresorts.com\/pt\/members\/ambassador-club","title":{"rendered":"Programa de Refer\u00eancias de S\u00f3cios"},"content":{"rendered":"<p><\/p>\n<h3>Novo! O Clube embaixador do Heritage!!<\/h3>\n<p><strong><img loading=\"lazy\" decoding=\"async\" src=\"https:\/\/www.heritageresorts.com\/wp-content\/uploads\/2019\/03\/intro-member.jpg\" alt=\"\" width=\"300\" height=\"221\" class=\"alignright size-full wp-image-618\" \/>Exclusivo para s\u00f3cios do Club Heritage International.<\/strong><\/p>\n<p>Apresente os seus amigos ao Heritage Resorts &#8211; ambos agradecer-lhe-\u00e3o!<\/p>\n<p>A maioria dos nossos novos s\u00f3cios aderem ao Heritage atrav\u00e9s de refer\u00eancias, o que nos satisfaz pois significa que est\u00e3o t\u00e3o contentes com os nossos produtos e servi\u00e7os que convidam os seus amigos. Estas apresenta\u00e7\u00f5es s\u00e3o muito bem vindas, especialmente quando temos a for\u00e7a do seu testemunho.<\/p>\n<p>Como ir\u00e1 verificar, existe uma oportunidade onde finalmente, os seus amigos poder\u00e3o ganhar dinheiro para gastar nas f\u00e9rias! Poderia tamb\u00e9m usar este dinheiro extra para pagar as suas taxas de manuten\u00e7\u00e3o; enfim, este dinheiro ser\u00e1 seu para usar como quiser. Os seus amigos ir\u00e3o agradecer-lhe por apresentar-lhes uma vida de super-f\u00e9rias!<\/p>\n<h3>Veja como o Clube Embaixador funciona:<\/h3>\n<p>O s\u00f3cio : Por convidar um amigo ao Heritage Resorts, depois de aderir ao clube, teremos o maior prazer de lhe dar \u00a3 500! Continuar\u00e1 a receber \u20a4 500 por cada compra, n\u00e3o tendo limites para o n\u00famero de convites.<\/p>\n<p>Esta recompensa aplica-se a cada amigo que nos apresentar, que compre &#8211; o seu rendimento \u00e9 ilimitado!<\/p>\n<p>Os seus amigos ir\u00e3o ficar muito satisfeitos por ter a oportunidade de ganhar esse dinheiro extra!<\/p>\n<p>Os seus amigos poder\u00e3o ver por si mesmos!<\/p>\n<p>Teremos todo o prazer EM OFERECER AOS SEUS AMIGOS UMA SEMANA DE ALOJAMENTO GRATUITO num dos RESORTS HERITAGE PARA QUE VEJAM que vantagens ter\u00e3o por afiliar-se! (Veja detalhes para qualifica\u00e7\u00e3o abaixo.)<\/p>\n<p>* Nota: Este sistema substitui todas as ofertas de refer\u00eancias anteriores. Para que se qualifique para este regime, a sua refer\u00eancia dever\u00e1 adquirir um m\u00ednimo de uma subscrip\u00e7\u00e3o completa de um T1. Todas as ofertas estar\u00e3o sujeitas a disponibilidade. Heritage Resorts, Abril de 2009.<\/p>\n<h3>Aqui est\u00e1 o que dever\u00e1 fazer a continua\u00e7\u00e3o:<\/h3>\n<p>Certifique-se que seus amigos \/ familiares satisfazem os nossos requisitos b\u00e1sicos para a oferta de uma semana de alojamento gratuito:<\/p>\n<ol>\n<li>A oferta \u00e9 v\u00e1lida para casais e seus filhos, sendo casados ou que vivam juntos pelo menos h\u00e1 3 anos.<\/li>\n<li>Haver\u00e1 uma apresenta\u00e7\u00e3o de 90 minutos do Heritage Resorts durante a sua estada.<\/li>\n<li>H\u00e1 uma taxa administrativa de \u00a3100.<\/li>\n<\/ol>\n<p>A nossa equipa de marketing p\u00f4r-se-\u00e0 em contacto com os seus amigos \/ familiares para providenciar alojamento e datas adequados.<\/p>\n<p><strong>Isso \u00e9 tudo que ter\u00e1 de fazer, n\u00f3s faremos o resto.<\/strong><\/p>\n<p>Por favor, providencie-nos o m\u00e1ximo de informa\u00e7\u00e3o poss\u00edvel para que um dos nossos funcion\u00e1rios lhes possa responder o mais rapidamente poss\u00edvel.<\/p>\n<p>\n<div class=\"wpcf7 no-js\" id=\"wpcf7-f687-o5\" lang=\"en-US\" dir=\"ltr\" data-wpcf7-id=\"687\">\n<div class=\"screen-reader-response\"><p role=\"status\" aria-live=\"polite\" aria-atomic=\"true\"><\/p> <ul><\/ul><\/div>\n<form action=\"\/pt\/wp-json\/wp\/v2\/pages\/360#wpcf7-f687-o5\" method=\"post\" class=\"wpcf7-form init\" aria-label=\"Contact form\" novalidate=\"novalidate\" data-status=\"init\">\n<fieldset class=\"hidden-fields-container\"><input type=\"hidden\" name=\"_wpcf7\" value=\"687\" \/><input type=\"hidden\" name=\"_wpcf7_version\" value=\"6.1.5\" \/><input type=\"hidden\" name=\"_wpcf7_locale\" value=\"en_US\" \/><input type=\"hidden\" name=\"_wpcf7_unit_tag\" value=\"wpcf7-f687-o5\" \/><input type=\"hidden\" name=\"_wpcf7_container_post\" value=\"0\" \/><input type=\"hidden\" name=\"_wpcf7_posted_data_hash\" value=\"\" \/><input type=\"hidden\" name=\"_wpcf7_recaptcha_response\" value=\"\" \/>\n<\/fieldset>\n<table>\n\t<tr>\n\t\t<td colspan=\"2\">\n\t\t\t<h3>Os seus dados de s\u00f3cio\n\t\t\t<\/h3>\n\t\t<\/td>\n\t<\/tr>\n\t<tr>\n\t\t<td>\n\t\t\t<p>Nome <span class=\"required\">*<\/span><br \/>\n<span class=\"wpcf7-form-control-wrap\" data-name=\"your-name\"><input size=\"40\" maxlength=\"400\" class=\"wpcf7-form-control wpcf7-text wpcf7-validates-as-required\" aria-required=\"true\" aria-invalid=\"false\" value=\"\" type=\"text\" name=\"your-name\" \/><\/span>\n\t\t\t<\/p>\n\t\t<\/td>\n\t\t<td>\n\t\t\t<p>Sobrenome <span class=\"required\">*<\/span><br \/>\n<span class=\"wpcf7-form-control-wrap\" data-name=\"your-surname\"><input size=\"40\" maxlength=\"400\" class=\"wpcf7-form-control wpcf7-text wpcf7-validates-as-required\" aria-required=\"true\" aria-invalid=\"false\" value=\"\" type=\"text\" name=\"your-surname\" \/><\/span>\n\t\t\t<\/p>\n\t\t<\/td>\n\t<\/tr>\n\t<tr>\n\t\t<td>\n\t\t\t<p>N\u00famero do contracto <span class=\"required\">*<\/span><br \/>\n<span class=\"wpcf7-form-control-wrap\" data-name=\"your-contract\"><input size=\"40\" maxlength=\"400\" class=\"wpcf7-form-control wpcf7-text wpcf7-validates-as-required\" aria-required=\"true\" aria-invalid=\"false\" value=\"\" type=\"text\" name=\"your-contract\" \/><\/span>\n\t\t\t<\/p>\n\t\t<\/td>\n\t\t<td>\n\t\t\t<p>Telefone\/Telem\u00f3vel <span class=\"required\">*<\/span><br \/>\n<span class=\"wpcf7-form-control-wrap\" data-name=\"your-phone\"><input size=\"40\" maxlength=\"400\" class=\"wpcf7-form-control wpcf7-text wpcf7-validates-as-required\" aria-required=\"true\" aria-invalid=\"false\" value=\"\" type=\"text\" name=\"your-phone\" \/><\/span>\n\t\t\t<\/p>\n\t\t<\/td>\n\t<\/tr>\n\t<tr>\n\t\t<td colspan=\"2\">\n\t\t\t<p>Email <span class=\"required\">*<\/span><br \/>\n<span class=\"wpcf7-form-control-wrap\" data-name=\"your-email\"><input size=\"40\" maxlength=\"400\" class=\"wpcf7-form-control wpcf7-email wpcf7-validates-as-required wpcf7-text wpcf7-validates-as-email\" aria-required=\"true\" aria-invalid=\"false\" value=\"\" type=\"email\" name=\"your-email\" \/><\/span>\n\t\t\t<\/p>\n\t\t<\/td>\n\t<\/tr>\n\t<tr>\n\t\t<td colspan=\"2\">\n\t\t\t<h3>Informa\u00e7\u00f5es para contato com o casal 1\n\t\t\t<\/h3>\n\t\t<\/td>\n\t<\/tr>\n\t<tr>\n\t\t<td>\n\t\t\t<p>Nome Completo <span class=\"required\">*<\/span><br \/>\n<span class=\"wpcf7-form-control-wrap\" data-name=\"ref1-name\"><input size=\"40\" maxlength=\"400\" class=\"wpcf7-form-control wpcf7-text wpcf7-validates-as-required\" aria-required=\"true\" aria-invalid=\"false\" value=\"\" type=\"text\" name=\"ref1-name\" \/><\/span>\n\t\t\t<\/p>\n\t\t<\/td>\n\t\t<td>\n\t\t\t<p>Nacionalidade <span class=\"required\">*<\/span><br \/>\n<span class=\"wpcf7-form-control-wrap\" data-name=\"ref1-country\"><input size=\"40\" maxlength=\"400\" class=\"wpcf7-form-control wpcf7-text wpcf7-validates-as-required\" aria-required=\"true\" aria-invalid=\"false\" value=\"\" type=\"text\" name=\"ref1-country\" \/><\/span>\n\t\t\t<\/p>\n\t\t<\/td>\n\t<\/tr>\n\t<tr>\n\t\t<td>\n\t\t\t<p>Telefone\/Telem\u00f3vel <span class=\"required\">*<\/span><br \/>\n<span class=\"wpcf7-form-control-wrap\" data-name=\"ref1-phone\"><input size=\"40\" maxlength=\"400\" class=\"wpcf7-form-control wpcf7-text wpcf7-validates-as-required\" aria-required=\"true\" aria-invalid=\"false\" value=\"\" type=\"text\" name=\"ref1-phone\" \/><\/span>\n\t\t\t<\/p>\n\t\t<\/td>\n\t\t<td>\n\t\t\t<p>Email <span class=\"required\">*<\/span><br \/>\n<span class=\"wpcf7-form-control-wrap\" data-name=\"ref1-email\"><input size=\"40\" maxlength=\"400\" class=\"wpcf7-form-control wpcf7-email wpcf7-validates-as-required wpcf7-text wpcf7-validates-as-email\" aria-required=\"true\" aria-invalid=\"false\" value=\"\" type=\"email\" name=\"ref1-email\" \/><\/span>\n\t\t\t<\/p>\n\t\t<\/td>\n\t<\/tr>\n\t<tr>\n\t\t<td colspan=\"2\">\n\t\t\t<h3>Informa\u00e7\u00f5es para contacto com o casal 2 (Opcional)\n\t\t\t<\/h3>\n\t\t<\/td>\n\t<\/tr>\n\t<tr>\n\t\t<td>\n\t\t\t<p>Nome Completo<br \/>\n<span class=\"wpcf7-form-control-wrap\" data-name=\"ref2-name\"><input size=\"40\" maxlength=\"400\" class=\"wpcf7-form-control wpcf7-text\" aria-invalid=\"false\" value=\"\" type=\"text\" name=\"ref2-name\" \/><\/span>\n\t\t\t<\/p>\n\t\t<\/td>\n\t\t<td>\n\t\t\t<p>Nacionalidade<br \/>\n<span class=\"wpcf7-form-control-wrap\" data-name=\"ref2-country\"><input size=\"40\" maxlength=\"400\" class=\"wpcf7-form-control wpcf7-text\" aria-invalid=\"false\" value=\"\" type=\"text\" name=\"ref2-country\" \/><\/span>\n\t\t\t<\/p>\n\t\t<\/td>\n\t<\/tr>\n\t<tr>\n\t\t<td>\n\t\t\t<p>Telefone\/Telem\u00f3vel<br \/>\n<span class=\"wpcf7-form-control-wrap\" data-name=\"ref2-phone\"><input size=\"40\" maxlength=\"400\" class=\"wpcf7-form-control wpcf7-text\" aria-invalid=\"false\" value=\"\" type=\"text\" name=\"ref2-phone\" \/><\/span>\n\t\t\t<\/p>\n\t\t<\/td>\n\t\t<td>\n\t\t\t<p>Email<br \/>\n<span class=\"wpcf7-form-control-wrap\" data-name=\"ref2-email\"><input size=\"40\" maxlength=\"400\" class=\"wpcf7-form-control wpcf7-email wpcf7-text wpcf7-validates-as-email\" aria-invalid=\"false\" value=\"\" type=\"email\" name=\"ref2-email\" \/><\/span>\n\t\t\t<\/p>\n\t\t<\/td>\n\t<\/tr>\n\t<tr>\n\t\t<td colspan=\"2\">\n\t\t\t<h3>Informa\u00e7\u00f5es para contacto com o casal 3 (Opcional)\n\t\t\t<\/h3>\n\t\t<\/td>\n\t<\/tr>\n\t<tr>\n\t\t<td>\n\t\t\t<p>Nome Completo<br \/>\n<span class=\"wpcf7-form-control-wrap\" data-name=\"ref3-name\"><input size=\"40\" maxlength=\"400\" class=\"wpcf7-form-control wpcf7-text\" aria-invalid=\"false\" value=\"\" type=\"text\" name=\"ref3-name\" \/><\/span>\n\t\t\t<\/p>\n\t\t<\/td>\n\t\t<td>\n\t\t\t<p>Nacionalidade<br \/>\n<span class=\"wpcf7-form-control-wrap\" data-name=\"ref3-country\"><input size=\"40\" maxlength=\"400\" class=\"wpcf7-form-control wpcf7-text\" aria-invalid=\"false\" value=\"\" type=\"text\" name=\"ref3-country\" \/><\/span>\n\t\t\t<\/p>\n\t\t<\/td>\n\t<\/tr>\n\t<tr>\n\t\t<td>\n\t\t\t<p>Telefone\/Telem\u00f3vel<br \/>\n<span class=\"wpcf7-form-control-wrap\" data-name=\"ref3-phone\"><input size=\"40\" maxlength=\"400\" class=\"wpcf7-form-control wpcf7-text\" aria-invalid=\"false\" value=\"\" type=\"text\" name=\"ref3-phone\" \/><\/span>\n\t\t\t<\/p>\n\t\t<\/td>\n\t\t<td>\n\t\t\t<p>Email<br \/>\n<span class=\"wpcf7-form-control-wrap\" data-name=\"ref3-email\"><input size=\"40\" maxlength=\"400\" class=\"wpcf7-form-control wpcf7-email wpcf7-text wpcf7-validates-as-email\" aria-invalid=\"false\" value=\"\" type=\"email\" name=\"ref3-email\" \/><\/span>\n\t\t\t<\/p>\n\t\t<\/td>\n\t<\/tr>\n\t<tr>\n\t\t<td colspan=\"2\">\n\t\t<\/td>\n\t<\/tr>\n\t<tr>\n\t\t<td>\n\t\t\t<p>&nbsp;\n\t\t\t<\/p>\n\t\t<\/td>\n\t\t<td>\n\t\t\t<p><input class=\"wpcf7-form-control wpcf7-submit has-spinner\" type=\"submit\" value=\"Envie dados\" \/>\n\t\t\t<\/p>\n\t\t<\/td>\n\t<\/tr>\n<\/table><p style=\"display: none !important;\" class=\"akismet-fields-container\" data-prefix=\"_wpcf7_ak_\"><label>&#916;<textarea name=\"_wpcf7_ak_hp_textarea\" cols=\"45\" rows=\"8\" maxlength=\"100\"><\/textarea><\/label><input type=\"hidden\" id=\"ak_js_5\" name=\"_wpcf7_ak_js\" value=\"12\"\/><script>document.getElementById( \"ak_js_5\" ).setAttribute( \"value\", ( new Date() ).getTime() );<\/script><\/p><div class=\"wpcf7-response-output\" aria-hidden=\"true\"><\/div>\n<\/form>\n<\/div>\n<\/p>","protected":false},"excerpt":{"rendered":"<p>Novo! O Clube embaixador do Heritage!! Exclusivo para s\u00f3cios do Club Heritage International. Apresente os seus amigos ao Heritage Resorts &#8211; ambos agradecer-lhe-\u00e3o! A maioria dos nossos novos s\u00f3cios aderem ao Heritage atrav\u00e9s de refer\u00eancias, o que nos satisfaz pois<span class=\"ellipsis\">&hellip;<\/span><\/p>\n<div class=\"read-more\"><a href=\"https:\/\/www.heritageresorts.com\/pt\/members\/ambassador-club\">Read more &#8250;<\/a><\/div>\n<p><!-- end of .read-more --><\/p>\n","protected":false},"author":1,"featured_media":0,"parent":343,"menu_order":0,"comment_status":"closed","ping_status":"closed","template":"","meta":{"footnotes":""},"class_list":["post-360","page","type-page","status-publish","hentry"],"_links":{"self":[{"href":"https:\/\/www.heritageresorts.com\/pt\/wp-json\/wp\/v2\/pages\/360","targetHints":{"allow":["GET"]}}],"collection":[{"href":"https:\/\/www.heritageresorts.com\/pt\/wp-json\/wp\/v2\/pages"}],"about":[{"href":"https:\/\/www.heritageresorts.com\/pt\/wp-json\/wp\/v2\/types\/page"}],"author":[{"embeddable":true,"href":"https:\/\/www.heritageresorts.com\/pt\/wp-json\/wp\/v2\/users\/1"}],"replies":[{"embeddable":true,"href":"https:\/\/www.heritageresorts.com\/pt\/wp-json\/wp\/v2\/comments?post=360"}],"version-history":[{"count":0,"href":"https:\/\/www.heritageresorts.com\/pt\/wp-json\/wp\/v2\/pages\/360\/revisions"}],"up":[{"embeddable":true,"href":"https:\/\/www.heritageresorts.com\/pt\/wp-json\/wp\/v2\/pages\/343"}],"wp:attachment":[{"href":"https:\/\/www.heritageresorts.com\/pt\/wp-json\/wp\/v2\/media?parent=360"}],"curies":[{"name":"wp","href":"https:\/\/api.w.org\/{rel}","templated":true}]}}