{"id":350,"date":"2018-11-21T11:06:23","date_gmt":"2018-11-21T09:06:23","guid":{"rendered":"http:\/\/www.heritageresorts.com\/2020\/?page_id=350"},"modified":"2025-10-28T16:37:06","modified_gmt":"2025-10-28T15:37:06","slug":"maintenance","status":"publish","type":"page","link":"https:\/\/www.heritageresorts.com\/pt\/members\/maintenance","title":{"rendered":"Taxas de Manuten\u00e7\u00e3o"},"content":{"rendered":"<p><\/p>\n<h3>Pagar taxas de Manuten\u00e7\u00e3o<\/h3>\n<p>Para garantir que o seu apartamento de f\u00e9rias \u00e9 mantido em perfeitas condi\u00e7\u00f5es e para que possa garantir a sua semana ideal, \u00e9 importante que pague as taxas de manuten\u00e7\u00e3o o mais rapidamente poss\u00edvel.<\/p>\n<p>Poder\u00e1 pagar por transfer\u00eancia banc\u00e1ria. <a id=\"toggle\" href=\"javascript:();\">Por favor, clique aqui para mais informa\u00e7\u00e3o<\/a>.<\/p>\n<div id=\"showTerms\">\n<hr \/>\n<p><strong>Por favor, considere o seguinte se vai pagar por transfer\u00eancia banc\u00e1ria<\/strong><\/p>\n<p>Gibraltar pertence \u00e0 UE e uma transfer\u00eancia banc\u00e1ria directa tipo <strong>SHA<\/strong> deve ser suficiente para garantir que receba o montante facturado menos os encargos do nosso Banco. Sugerimos que instrua o seu banco para realizar uma transfer\u00eancia <strong>OUR<\/strong> para garantir o pagamento integral:<\/p>\n<p>Quando uma transfer\u00eancia banc\u00e1ria indirecta tipo <strong>SHA<\/strong> \u00e9 realizada \u00e9 muito dif\u00edcil determinar as despesas cobradas pelos bancos entre o remetente e o banco receptor. Cabe-lhe a si seleccionar um banco com capacidade para realizar transfer\u00eancias banc\u00e1rias directas, de forma a que possa minimizar os custos. \u00c9 imposs\u00edvel da nossa parte determinar as despesas cobradas pelos bancos intermedi\u00e1rios. N\u00f3s sugerimos que solicite uma pista ou uma mensagem &#8220;swift&#8221; ao seu banco. <\/p>\n<hr \/>\n<\/div>\n<p>Para pagamentos online, <strong>certifique-se de que clica no mesmo &#8220;Clube&#8221; que est\u00e1 na sua fatura<\/strong>. As instru\u00e7\u00f5es para pagamento ser\u00e1 mostrado. Consulte o seu certificado de s\u00f3cio para o seu n\u00famero de contrato:<\/p>\n<hr \/>\n<table class=\"ttable\">\n<tr>\n<td style=\"width:50%;\">\n<p style=\"text-align:center;\"><a href=\"https:\/\/portal.fntc.com\/ClubHeritageInternational\" target=\"_blank\" rel=\"noopener noreferrer\"><img loading=\"lazy\" decoding=\"async\" src=\"https:\/\/www.heritageresorts.com\/wp-content\/uploads\/2019\/03\/chi.jpg\" alt=\"\" width=\"120\" height=\"60\" class=\"aligncenter size-full wp-image-520\" \/><br \/>\n<strong>Club Heritage International<\/strong><\/a><\/p>\n<\/td>\n<td style=\"width:50%;display:none;\">\n<p style=\"text-align:center;\"><a href=\"https:\/\/portal.fntc.com\/MatchroomCountryClub\" target=\"_blank\" rel=\"noopener noreferrer\"><img loading=\"lazy\" decoding=\"async\" src=\"https:\/\/www.heritageresorts.com\/wp-content\/uploads\/2019\/03\/matchroom.jpg\" alt=\"\" width=\"71\" height=\"60\" class=\"aligncenter size-full wp-image-521\" \/><br \/>\n<strong>Matchroom Country Club<\/strong><\/a><\/p>\n<\/td>\n<\/tr>\n<tr>\n<td style=\"width:50%;\">\n<p style=\"text-align:center;\"><a href=\"https:\/\/portal.fntc.com\/ClubPlayaReal\" target=\"_blank\" rel=\"noopener noreferrer\"><img loading=\"lazy\" decoding=\"async\" src=\"https:\/\/www.heritageresorts.com\/wp-content\/uploads\/2019\/03\/playareal.jpg\" alt=\"\" width=\"90\" height=\"60\" class=\"aligncenter size-full wp-image-522\" \/><br \/>\n<strong>Club Playa Real<\/strong><\/a><\/p>\n<\/td>\n<td style=\"width:50%;\">\n<p style=\"text-align:center;\"><a href=\"https:\/\/portal.fntc.com\/MarbesaClub\" target=\"_blank\" rel=\"noopener noreferrer\"><img loading=\"lazy\" decoding=\"async\" src=\"https:\/\/www.heritageresorts.com\/wp-content\/uploads\/2019\/03\/marbesa.jpg\" alt=\"\" width=\"60\" height=\"60\" class=\"aligncenter size-full wp-image-523\" \/><br \/>\n<strong>Marbesa Club<\/strong><\/a><\/p>\n<\/td>\n<\/tr>\n<\/table>\n<hr \/>\n<a class=\"wp-colorbox-iframe\" href=\"https:\/\/www.heritageresorts.com\/hr-media\/example.php\">Clique aqui para ver um exemplo de formul\u00e1rio<\/a>\n<p>Se tiver quaisquer d\u00favidas ou quest\u00f5es sobre a ades\u00e3o ou reservas de f\u00e9rias: <a href=\"..\/contact-us\/\">Entre em contacto conosco<\/a>.<\/p>","protected":false},"excerpt":{"rendered":"<p>Pagar taxas de Manuten\u00e7\u00e3o Para garantir que o seu apartamento de f\u00e9rias \u00e9 mantido em perfeitas condi\u00e7\u00f5es e para que possa garantir a sua semana ideal, \u00e9 importante que pague as taxas de manuten\u00e7\u00e3o o mais rapidamente poss\u00edvel. Poder\u00e1 pagar<span class=\"ellipsis\">&hellip;<\/span><\/p>\n<div class=\"read-more\"><a href=\"https:\/\/www.heritageresorts.com\/pt\/members\/maintenance\">Read more &#8250;<\/a><\/div>\n<p><!-- end of .read-more --><\/p>\n","protected":false},"author":1,"featured_media":0,"parent":343,"menu_order":0,"comment_status":"closed","ping_status":"closed","template":"","meta":{"footnotes":""},"class_list":["post-350","page","type-page","status-publish","hentry"],"_links":{"self":[{"href":"https:\/\/www.heritageresorts.com\/pt\/wp-json\/wp\/v2\/pages\/350","targetHints":{"allow":["GET"]}}],"collection":[{"href":"https:\/\/www.heritageresorts.com\/pt\/wp-json\/wp\/v2\/pages"}],"about":[{"href":"https:\/\/www.heritageresorts.com\/pt\/wp-json\/wp\/v2\/types\/page"}],"author":[{"embeddable":true,"href":"https:\/\/www.heritageresorts.com\/pt\/wp-json\/wp\/v2\/users\/1"}],"replies":[{"embeddable":true,"href":"https:\/\/www.heritageresorts.com\/pt\/wp-json\/wp\/v2\/comments?post=350"}],"version-history":[{"count":0,"href":"https:\/\/www.heritageresorts.com\/pt\/wp-json\/wp\/v2\/pages\/350\/revisions"}],"up":[{"embeddable":true,"href":"https:\/\/www.heritageresorts.com\/pt\/wp-json\/wp\/v2\/pages\/343"}],"wp:attachment":[{"href":"https:\/\/www.heritageresorts.com\/pt\/wp-json\/wp\/v2\/media?parent=350"}],"curies":[{"name":"wp","href":"https:\/\/api.w.org\/{rel}","templated":true}]}}