{"id":33,"date":"2014-02-12T15:19:40","date_gmt":"2014-02-12T13:19:40","guid":{"rendered":"http:\/\/heritageresorts.com\/2014\/?page_id=33"},"modified":"2022-05-18T12:48:27","modified_gmt":"2022-05-18T10:48:27","slug":"about-heritage","status":"publish","type":"page","link":"https:\/\/www.heritageresorts.com\/pt\/about-heritage","title":{"rendered":"Sobre N\u00f3s"},"content":{"rendered":"<p><\/p>\n<h3>Dando-lhe a sua casa longe de casa!<\/h3>\n<p>Com trinta anos de experi\u00eancia na constru\u00e7\u00e3o e gest\u00e3o de empreendimentos tur\u00edsticos, o Heritage Resorts tem um portfolio \u00fanico de boas f\u00e9rias e destinos de lazer.<\/p>\n<p>Actualmente, o Heritage possui 4 resorts na Costa del Sol, sul de Espanha.<\/p>\n<p>Al\u00e9m deste, o Hotel e Clube de lazer Whitewater, no Lake District.<\/p>\n<p>Golf views from Matchroom in EspanhaO Heritage tem resorts afiliados por todo o mundo que permite aos propriet\u00e1rios escolher de entre um vasto leque de destinos ex\u00f3ticos de f\u00e9rias.<\/p>\n<p>Os propriet\u00e1rios de casas de f\u00e9rias no Heritage Resorts brevemente tornar-se-\u00e3o conscientes das raz\u00f5es pelas que o Heritage conseguiu este sucesso: a combina\u00e7\u00e3o de uma influ\u00eancia familiar, \u00f3ptima gest\u00e3o e um firme compromisso que garanta que os melhores interesses dos seus clientes sejam atendidos em todo o momento, completando assim o pacote perfeito de f\u00e9rias de sonho.<\/p>\n<p>Contacte-nos de forma a obter mais detalhes sobre a multiplicidade de fabulosos destinos de f\u00e9rias dispon\u00edveis no Heritage Resorts.<\/p>","protected":false},"excerpt":{"rendered":"<p>Dando-lhe a sua casa longe de casa! Com trinta anos de experi\u00eancia na constru\u00e7\u00e3o e gest\u00e3o de empreendimentos tur\u00edsticos, o Heritage Resorts tem um portfolio \u00fanico de boas f\u00e9rias e destinos de lazer. Actualmente, o Heritage possui 4 resorts na<span class=\"ellipsis\">&hellip;<\/span><\/p>\n<div class=\"read-more\"><a href=\"https:\/\/www.heritageresorts.com\/pt\/about-heritage\">Read more &#8250;<\/a><\/div>\n<p><!-- end of .read-more --><\/p>\n","protected":false},"author":1,"featured_media":0,"parent":0,"menu_order":5,"comment_status":"closed","ping_status":"open","template":"","meta":{"footnotes":""},"class_list":["post-33","page","type-page","status-publish","hentry"],"_links":{"self":[{"href":"https:\/\/www.heritageresorts.com\/pt\/wp-json\/wp\/v2\/pages\/33","targetHints":{"allow":["GET"]}}],"collection":[{"href":"https:\/\/www.heritageresorts.com\/pt\/wp-json\/wp\/v2\/pages"}],"about":[{"href":"https:\/\/www.heritageresorts.com\/pt\/wp-json\/wp\/v2\/types\/page"}],"author":[{"embeddable":true,"href":"https:\/\/www.heritageresorts.com\/pt\/wp-json\/wp\/v2\/users\/1"}],"replies":[{"embeddable":true,"href":"https:\/\/www.heritageresorts.com\/pt\/wp-json\/wp\/v2\/comments?post=33"}],"version-history":[{"count":0,"href":"https:\/\/www.heritageresorts.com\/pt\/wp-json\/wp\/v2\/pages\/33\/revisions"}],"wp:attachment":[{"href":"https:\/\/www.heritageresorts.com\/pt\/wp-json\/wp\/v2\/media?parent=33"}],"curies":[{"name":"wp","href":"https:\/\/api.w.org\/{rel}","templated":true}]}}