{"id":2,"date":"2013-08-28T10:36:14","date_gmt":"2013-08-28T10:36:14","guid":{"rendered":"http:\/\/heritageresorts.com\/2014\/?page_id=2"},"modified":"2025-11-17T13:01:17","modified_gmt":"2025-11-17T12:01:17","slug":"our-resorts-hotels","status":"publish","type":"page","link":"https:\/\/www.heritageresorts.com\/pt\/our-resorts-hotels","title":{"rendered":"Os Nossos Resorts &#038; Hotels"},"content":{"rendered":"<p><img loading=\"lazy\" decoding=\"async\" src=\"https:\/\/www.heritageresorts.com\/wp-content\/uploads\/2013\/08\/hr_explore.jpg\" alt=\"\" width=\"635\" height=\"331\" class=\"aligncenter size-full wp-image-94\" srcset=\"https:\/\/www.heritageresorts.com\/wp-content\/uploads\/2013\/08\/hr_explore.jpg 635w, https:\/\/www.heritageresorts.com\/wp-content\/uploads\/2013\/08\/hr_explore-600x312.jpg 600w, https:\/\/www.heritageresorts.com\/wp-content\/uploads\/2013\/08\/hr_explore-100x52.jpg 100w, https:\/\/www.heritageresorts.com\/wp-content\/uploads\/2013\/08\/hr_explore-150x78.jpg 150w, https:\/\/www.heritageresorts.com\/wp-content\/uploads\/2013\/08\/hr_explore-200x104.jpg 200w, https:\/\/www.heritageresorts.com\/wp-content\/uploads\/2013\/08\/hr_explore-300x156.jpg 300w, https:\/\/www.heritageresorts.com\/wp-content\/uploads\/2013\/08\/hr_explore-450x234.jpg 450w\" sizes=\"auto, (max-width: 635px) 100vw, 635px\" \/><\/p>\n<h2>O grupo Heritage Resorts d\u00e1-lhe a escolher mais de 25 luxuosos resorts por todo o Mundo<\/h2>\n<p>Com trinta anos de experi\u00eancia na constru\u00e7\u00e3o e gest\u00e3o de resorts e casas de f\u00e9rias, o Heritage Resorts oferece um incompar\u00e1vel leque de f\u00e9rias de qualidade e destinos de lazer. Proporcionar a melhor selec\u00e7\u00e3o de f\u00e9rias para toda a fam\u00edlia, todo o ano.<\/p>\n<p>Actualmente, o Heritage possui 3 resorts para f\u00e9rias na Costa del Sol, sul de Espanha. <a href=\".\/our-resorts-hotels\/marbella-beach-resort\/\" title=\"Marbella Beach Resort\">Marbella Beach Resort<\/a>, <a href=\".\/our-resorts-hotels\/marbesa-club\/\" title=\"Marbesa Club\">Marbesa Club<\/a> &#038; <a href=\".\/our-resorts-hotels\/club-playa-real\/\" title=\"Club Playa Real\">Club Playa Real<\/a>. O sucesso e a reputa\u00e7\u00e3o do Heritage tamb\u00e9m tem crescido no Reino Unido.<\/p>\n<p>Os resorts afiliados por todo o mundo propiciam aos propriet\u00e1rios uma selec\u00e7\u00e3o irresist\u00edvel de novas e ex\u00f3ticas casas de f\u00e9rias na <a href=\".\/affiliated-resorts\/indian-resorts\/\">\u00cdndia<\/a>, <a href=\".\/affiliated-resorts\/indonesian-resorts\/\">Indon\u00e9sia<\/a> e <a href=\".\/affiliated-resorts\/thai-resorts\/\">Tail\u00e2ndia<\/a>.<\/p>\n<h3>Club Heritage International<\/h3>\n<p>\u00c9 um clube exclusivo para propriet\u00e1rios, onde os s\u00f3cios podem desfrutar de umas f\u00e9rias maravilhosas al\u00e9m de muitos outros privil\u00e9gios: desconto em aluguer de ve\u00edculos e restaurantes dos resorts; pre\u00e7os especiais para golf;semanas de f\u00e9rias extra; um Clube Embaixador exclusivo gerador de receitas, jornais do clube com actualiza\u00e7\u00f5es regulares.<\/p>\n<p>Siga este link para ver o os <a href=\".\/affiliated-resorts\/\">resorts afiliados ao Clube Heritage Internacional<\/a>, onde encontrar\u00e1 informa\u00e7\u00e3o completa acerca das numerosas e excitantes oportunidades de f\u00e9rias dispon\u00edveis para si, um membro do Club Heritage International.<\/p>","protected":false},"excerpt":{"rendered":"<p>O grupo Heritage Resorts d\u00e1-lhe a escolher mais de 25 luxuosos resorts por todo o Mundo Com trinta anos de experi\u00eancia na constru\u00e7\u00e3o e gest\u00e3o de resorts e casas de f\u00e9rias, o Heritage Resorts oferece um incompar\u00e1vel leque de f\u00e9rias<span class=\"ellipsis\">&hellip;<\/span><\/p>\n<div class=\"read-more\"><a href=\"https:\/\/www.heritageresorts.com\/pt\/our-resorts-hotels\">Read more &#8250;<\/a><\/div>\n<p><!-- end of .read-more --><\/p>\n","protected":false},"author":1,"featured_media":0,"parent":0,"menu_order":1,"comment_status":"closed","ping_status":"open","template":"","meta":{"footnotes":""},"class_list":["post-2","page","type-page","status-publish","hentry"],"_links":{"self":[{"href":"https:\/\/www.heritageresorts.com\/pt\/wp-json\/wp\/v2\/pages\/2","targetHints":{"allow":["GET"]}}],"collection":[{"href":"https:\/\/www.heritageresorts.com\/pt\/wp-json\/wp\/v2\/pages"}],"about":[{"href":"https:\/\/www.heritageresorts.com\/pt\/wp-json\/wp\/v2\/types\/page"}],"author":[{"embeddable":true,"href":"https:\/\/www.heritageresorts.com\/pt\/wp-json\/wp\/v2\/users\/1"}],"replies":[{"embeddable":true,"href":"https:\/\/www.heritageresorts.com\/pt\/wp-json\/wp\/v2\/comments?post=2"}],"version-history":[{"count":0,"href":"https:\/\/www.heritageresorts.com\/pt\/wp-json\/wp\/v2\/pages\/2\/revisions"}],"wp:attachment":[{"href":"https:\/\/www.heritageresorts.com\/pt\/wp-json\/wp\/v2\/media?parent=2"}],"curies":[{"name":"wp","href":"https:\/\/api.w.org\/{rel}","templated":true}]}}