{"id":16,"date":"2014-02-03T12:04:22","date_gmt":"2014-02-03T10:04:22","guid":{"rendered":"http:\/\/heritageresorts.com\/2014\/?page_id=16"},"modified":"2019-04-24T10:41:01","modified_gmt":"2019-04-24T08:41:01","slug":"affiliated-resorts","status":"publish","type":"page","link":"https:\/\/www.heritageresorts.com\/pt\/affiliated-resorts","title":{"rendered":"Resorts filiados"},"content":{"rendered":"<p>Os resorts afiliados ao Heritage s\u00e3o cuidadosamente seleccionados de modo a oferecer aos s\u00f3cios do Clube Heritage International um amplo leque de oportunidades de f\u00e9rias por todo o mundo. Cada destino e resort foram seleccionados especialmente para adaptar-se \u00e0s necessidades dos nosso s\u00f3cios. Clique em cada destino para mais detalhes e resorts.<\/p>\n<table class=\"ttable resorts\" style=\"display:none;\">\n<tr>\n<td><a href=\"affiliated-resorts\/gambian-resorts\"><img loading=\"lazy\" decoding=\"async\" src=\"https:\/\/www.heritageresorts.com\/wp-content\/uploads\/2019\/01\/gambia.jpg\" alt=\"\" width=\"300\" height=\"120\" class=\"aligncenter size-full wp-image-456\" \/><\/a><\/td>\n<td class=\"hrrt\"><a href=\"affiliated-resorts\/gambian-resorts\"><\/p>\n<h3>G\u00e2mbia<\/h3>\n<p>O gambiano \u00e9 eleito o quarto lugar mais amistoso da terra!<\/a><\/td>\n<\/tr>\n<\/table>\n<table class=\"ttable resorts\">\n<tr>\n<td><a href=\"affiliated-resorts\/indian-resorts\"><img loading=\"lazy\" decoding=\"async\" src=\"https:\/\/www.heritageresorts.com\/wp-content\/uploads\/2014\/02\/india.jpg\" alt=\"\" width=\"300\" height=\"120\" class=\"aligncenter size-full wp-image-169\" srcset=\"https:\/\/www.heritageresorts.com\/wp-content\/uploads\/2014\/02\/india.jpg 300w, https:\/\/www.heritageresorts.com\/wp-content\/uploads\/2014\/02\/india-100x40.jpg 100w, https:\/\/www.heritageresorts.com\/wp-content\/uploads\/2014\/02\/india-150x60.jpg 150w, https:\/\/www.heritageresorts.com\/wp-content\/uploads\/2014\/02\/india-200x80.jpg 200w\" sizes=\"auto, (max-width: 300px) 100vw, 300px\" \/><\/a><\/td>\n<td class=\"hrrt\"><a href=\"affiliated-resorts\/indian-resorts\"><\/p>\n<h3>\u00cdndia<\/h3>\n<p>A nova cultura e destino de f\u00e9rias.<\/a><\/td>\n<\/tr>\n<\/table>\n<table class=\"ttable resorts\">\n<tr>\n<td><a href=\"affiliated-resorts\/indonesian-resorts\"><img loading=\"lazy\" decoding=\"async\" src=\"https:\/\/www.heritageresorts.com\/wp-content\/uploads\/2014\/02\/indonesia.jpg\" alt=\"Indonesia\" width=\"300\" height=\"120\" class=\"aligncenter size-full wp-image-155\" srcset=\"https:\/\/www.heritageresorts.com\/wp-content\/uploads\/2014\/02\/indonesia.jpg 300w, https:\/\/www.heritageresorts.com\/wp-content\/uploads\/2014\/02\/indonesia-100x40.jpg 100w, https:\/\/www.heritageresorts.com\/wp-content\/uploads\/2014\/02\/indonesia-150x60.jpg 150w, https:\/\/www.heritageresorts.com\/wp-content\/uploads\/2014\/02\/indonesia-200x80.jpg 200w\" sizes=\"auto, (max-width: 300px) 100vw, 300px\" \/><\/a><\/td>\n<td class=\"hrrt\"><a href=\"affiliated-resorts\/indonesian-resorts\"><\/p>\n<h3>Indon\u00e9sia<\/h3>\n<p>Um lugar inexplor\u00e1vel ainda por descobrir no Extremo Oriente.<\/a><\/td>\n<\/tr>\n<\/table>\n<table class=\"ttable resorts\">\n<tr>\n<td><a href=\"affiliated-resorts\/thai-resorts\"><img loading=\"lazy\" decoding=\"async\" src=\"https:\/\/www.heritageresorts.com\/wp-content\/uploads\/2014\/02\/thailand.jpg\" alt=\"Thailand\" width=\"300\" height=\"120\" class=\"aligncenter size-full wp-image-147\" srcset=\"https:\/\/www.heritageresorts.com\/wp-content\/uploads\/2014\/02\/thailand.jpg 300w, https:\/\/www.heritageresorts.com\/wp-content\/uploads\/2014\/02\/thailand-100x40.jpg 100w, https:\/\/www.heritageresorts.com\/wp-content\/uploads\/2014\/02\/thailand-150x60.jpg 150w, https:\/\/www.heritageresorts.com\/wp-content\/uploads\/2014\/02\/thailand-200x80.jpg 200w\" sizes=\"auto, (max-width: 300px) 100vw, 300px\" \/><\/a><\/td>\n<td class=\"hrrt\"><a href=\"affiliated-resorts\/thai-resorts\"><\/p>\n<h3>Tail\u00e2ndia<\/h3>\n<p>Tail\u00e2ndia, uma terra de sorrisos.<\/a><\/td>\n<\/tr>\n<\/table>\n<p><\/p>","protected":false},"excerpt":{"rendered":"<p>Os resorts afiliados ao Heritage s\u00e3o cuidadosamente seleccionados de modo a oferecer aos s\u00f3cios do Clube Heritage International um amplo leque de oportunidades de f\u00e9rias por todo o mundo. Cada destino e resort foram seleccionados especialmente para adaptar-se \u00e0s necessidades<span class=\"ellipsis\">&hellip;<\/span><\/p>\n<div class=\"read-more\"><a href=\"https:\/\/www.heritageresorts.com\/pt\/affiliated-resorts\">Read more &#8250;<\/a><\/div>\n<p><!-- end of .read-more --><\/p>\n","protected":false},"author":1,"featured_media":0,"parent":0,"menu_order":2,"comment_status":"closed","ping_status":"open","template":"","meta":{"footnotes":""},"class_list":["post-16","page","type-page","status-publish","hentry"],"_links":{"self":[{"href":"https:\/\/www.heritageresorts.com\/pt\/wp-json\/wp\/v2\/pages\/16","targetHints":{"allow":["GET"]}}],"collection":[{"href":"https:\/\/www.heritageresorts.com\/pt\/wp-json\/wp\/v2\/pages"}],"about":[{"href":"https:\/\/www.heritageresorts.com\/pt\/wp-json\/wp\/v2\/types\/page"}],"author":[{"embeddable":true,"href":"https:\/\/www.heritageresorts.com\/pt\/wp-json\/wp\/v2\/users\/1"}],"replies":[{"embeddable":true,"href":"https:\/\/www.heritageresorts.com\/pt\/wp-json\/wp\/v2\/comments?post=16"}],"version-history":[{"count":0,"href":"https:\/\/www.heritageresorts.com\/pt\/wp-json\/wp\/v2\/pages\/16\/revisions"}],"wp:attachment":[{"href":"https:\/\/www.heritageresorts.com\/pt\/wp-json\/wp\/v2\/media?parent=16"}],"curies":[{"name":"wp","href":"https:\/\/api.w.org\/{rel}","templated":true}]}}