{"id":76,"date":"2014-03-12T16:48:35","date_gmt":"2014-03-12T14:48:35","guid":{"rendered":"http:\/\/heritageresorts.com\/2014\/?page_id=76"},"modified":"2019-05-13T10:28:58","modified_gmt":"2019-05-13T08:28:58","slug":"thai-resorts","status":"publish","type":"page","link":"https:\/\/www.heritageresorts.com\/it\/affiliated-resorts\/thai-resorts","title":{"rendered":"Thailandia"},"content":{"rendered":"<p><img loading=\"lazy\" decoding=\"async\" src=\"https:\/\/www.heritageresorts.com\/wp-content\/uploads\/2014\/03\/thailand_4web.jpg\" alt=\"thai resorts\" width=\"635\" height=\"331\" class=\"aligncenter size-full wp-image-201\" srcset=\"https:\/\/www.heritageresorts.com\/wp-content\/uploads\/2014\/03\/thailand_4web.jpg 635w, https:\/\/www.heritageresorts.com\/wp-content\/uploads\/2014\/03\/thailand_4web-600x312.jpg 600w, https:\/\/www.heritageresorts.com\/wp-content\/uploads\/2014\/03\/thailand_4web-100x52.jpg 100w, https:\/\/www.heritageresorts.com\/wp-content\/uploads\/2014\/03\/thailand_4web-150x78.jpg 150w, https:\/\/www.heritageresorts.com\/wp-content\/uploads\/2014\/03\/thailand_4web-200x104.jpg 200w, https:\/\/www.heritageresorts.com\/wp-content\/uploads\/2014\/03\/thailand_4web-300x156.jpg 300w, https:\/\/www.heritageresorts.com\/wp-content\/uploads\/2014\/03\/thailand_4web-450x234.jpg 450w\" sizes=\"auto, (max-width: 635px) 100vw, 635px\" \/><\/p>\n<p><strong>La terra dei sorrisi<\/strong><\/p>\n<p>Ora, meritatamente, una delle destinazioni leader nel mondo per discriminare i turisti, la Thailandia e le sue bellissime isole offrono splendide spiagge tropicali, di cristallo, mare turchese, magnifici paesaggi di una cultura affascinante! Il paese offre altre attrazioni culturali, compresi i templi e le citt\u00e0 deserte, di qualsiasi altro paese del Sud-Est asiatico.<\/p>\n<p>Bangkok \u00e8 la capitale di questo paese maestoso e affascina i visitatori con la sua energia, negozi, mercato di acqua e di tesori culturali. La Thailandia \u00e8 un paese facilmente raggiungibile e dispone di un sistema di trasporti molto efficiente. Il piacere culinario di cucina tailandese \u00e8 oggi riconosciuto in tutto il mondo, \u00e8 anche una delle numerose attrazioni. La gente \u00e8 notoriamente amichevole che fa di questo paese divino come una meta di vacanze e di un popolo ritorno posto di volta in volta<\/p>\n<p><strong>Karma Chang Chiangmai<\/strong><br \/>\n<img loading=\"lazy\" decoding=\"async\" src=\"https:\/\/www.heritageresorts.com\/wp-content\/uploads\/2019\/04\/chang3.jpg\" alt=\"\" width=\"1920\" height=\"1080\" class=\"alignnone size-full wp-image-718\" srcset=\"https:\/\/www.heritageresorts.com\/wp-content\/uploads\/2019\/04\/chang3.jpg 1920w, https:\/\/www.heritageresorts.com\/wp-content\/uploads\/2019\/04\/chang3-600x338.jpg 600w, https:\/\/www.heritageresorts.com\/wp-content\/uploads\/2019\/04\/chang3-768x432.jpg 768w, https:\/\/www.heritageresorts.com\/wp-content\/uploads\/2019\/04\/chang3-1024x576.jpg 1024w\" sizes=\"auto, (max-width: 1920px) 100vw, 1920px\" \/><br \/>\nExperience Thailand\u2019s spiritual heart and old world charm at Karma Chang.<\/p>\n<p>Karma Chang is situated nearby Chiang Mai\u2019s riverside, one of the city\u2019s most popular locales. A mere 4 km from the city centre, Karma Chang is a haven of relaxation and the ideal launchpad from which to explore Chiang Mai\u2019s numerous attractions including Wat Ko Klang Temple, Wat Chedi Liem, Wat Chedi Liam Temple.<\/p>\n<p>Karma Chang is an ideal launchpad from which to explore Chiang Mai&#8217;s various sights, flavours and rich cultural heritage. Accommodation options include a range of hotel-style units and studio apartments, tastefully decorated with traditional Thai and Lanna-style interiors.<\/p>\n<p><strong>Karma Royal Bella Vista<\/strong><br \/>\n<img loading=\"lazy\" decoding=\"async\" src=\"https:\/\/www.heritageresorts.com\/wp-content\/uploads\/2019\/04\/Headline_d.jpg\" alt=\"\" width=\"1600\" height=\"1067\" class=\"alignnone size-full wp-image-719\" srcset=\"https:\/\/www.heritageresorts.com\/wp-content\/uploads\/2019\/04\/Headline_d.jpg 1600w, https:\/\/www.heritageresorts.com\/wp-content\/uploads\/2019\/04\/Headline_d-600x400.jpg 600w, https:\/\/www.heritageresorts.com\/wp-content\/uploads\/2019\/04\/Headline_d-768x512.jpg 768w, https:\/\/www.heritageresorts.com\/wp-content\/uploads\/2019\/04\/Headline_d-1024x683.jpg 1024w\" sizes=\"auto, (max-width: 1600px) 100vw, 1600px\" \/><br \/>\nKarma Royal Bella Vista is a peaceful oasis just outside of Chiang Mai, comprising of unique home-style cottages.<\/p>\n<p>You\u2019ll also enjoy our facilities \u2013 including the spa, gym and restaurant \u2013 as you look out over Karma Royal Bella Vista\u2019s cobbled streets, gently flowing streams and lush gardens. There\u2019s no better place from which to explore Thailand\u2019s spiritual heartland, including some 300 Buddhist temples in the surrounding region, plus the unique shopping, arts and culture to be found in Chiang Mai\u2019s old city.<\/p>\n<p>Karma Royal Bella Vista offers unique home-style comfortably appointed cottages. Each cottage has two bedrooms, a living room, kitchen and private patio, and is attractively furnished in a mixture of classic and modern Thai style.<\/p>\n<p><strong>Karma Royal Boat Lagoon<\/strong><br \/>\n<img loading=\"lazy\" decoding=\"async\" src=\"https:\/\/www.heritageresorts.com\/wp-content\/uploads\/2019\/04\/Karma-Royal-Phuket-_Karma_Royal_Phuket.jpg\" alt=\"\" width=\"1440\" height=\"960\" class=\"alignnone size-full wp-image-720\" srcset=\"https:\/\/www.heritageresorts.com\/wp-content\/uploads\/2019\/04\/Karma-Royal-Phuket-_Karma_Royal_Phuket.jpg 1440w, https:\/\/www.heritageresorts.com\/wp-content\/uploads\/2019\/04\/Karma-Royal-Phuket-_Karma_Royal_Phuket-600x400.jpg 600w, https:\/\/www.heritageresorts.com\/wp-content\/uploads\/2019\/04\/Karma-Royal-Phuket-_Karma_Royal_Phuket-768x512.jpg 768w, https:\/\/www.heritageresorts.com\/wp-content\/uploads\/2019\/04\/Karma-Royal-Phuket-_Karma_Royal_Phuket-1024x683.jpg 1024w\" sizes=\"auto, (max-width: 1440px) 100vw, 1440px\" \/><br \/>\nWith its marina setting, smart apartments and chic Club House, Karma Royal Phuket is the perfect base from which to explore the beautiful Thai island of Phuket.<\/p>\n<p>Within the resort you can enjoy superb amenities including a swimming pool, spa and restaurants. Step outside to experience Phuket\u2019s golden beaches, tropical forests and vivid culture. Take a boat trip to discover idyllic bays and near-deserted islands, explore Phuket\u2019s old town, visit shrines and temples, or swim and snorkel the crystal-clear waters.<\/p>\n<p>Karma Royal Phuket is a self-contained resort with a palm-fringed pool and lush tropical landscaping. The spacious apartments are cool and comfortable, featuring tiled floors, polished wood furniture and Thai artworks.<\/p>\n<p><strong>Absolute Bangla Suites<\/strong><br \/>\n<img loading=\"lazy\" decoding=\"async\" src=\"https:\/\/www.heritageresorts.com\/wp-content\/uploads\/2019\/04\/007.jpg\" alt=\"\" width=\"1000\" height=\"555\" class=\"alignnone size-full wp-image-721\" srcset=\"https:\/\/www.heritageresorts.com\/wp-content\/uploads\/2019\/04\/007.jpg 1000w, https:\/\/www.heritageresorts.com\/wp-content\/uploads\/2019\/04\/007-600x333.jpg 600w, https:\/\/www.heritageresorts.com\/wp-content\/uploads\/2019\/04\/007-768x426.jpg 768w\" sizes=\"auto, (max-width: 1000px) 100vw, 1000px\" \/><br \/>\nOne of the most luxurious new resorts in Patong, Absolute Bangla Suites offers 29 studios, nine junior suites, seven executive suites, two grand jacuzzi suites and seven penthouses. <\/p>\n<p>Refresh and relax in the rooftop pool with poolside dining and music lounge looking out over the dramatic bay of Patong. Or choose to dine in our private Climax Restaurant dining room. <\/p>\n<p>Enjoy secure parking, state-of-the-art security, in-room treatments and a buzzing bar and lounge. Absolute Bangla Suites is a jewel as beautiful as the emerald waters of the neighbouring Andaman Sea.<\/p>\n<p><strong>Absolute Twin Sands Resorts &#038; Spa<\/strong><br \/>\n<img loading=\"lazy\" decoding=\"async\" src=\"https:\/\/www.heritageresorts.com\/wp-content\/uploads\/2019\/04\/013.jpg\" alt=\"\" width=\"1000\" height=\"700\" class=\"alignnone size-full wp-image-722\" srcset=\"https:\/\/www.heritageresorts.com\/wp-content\/uploads\/2019\/04\/013.jpg 1000w, https:\/\/www.heritageresorts.com\/wp-content\/uploads\/2019\/04\/013-600x420.jpg 600w, https:\/\/www.heritageresorts.com\/wp-content\/uploads\/2019\/04\/013-768x538.jpg 768w\" sizes=\"auto, (max-width: 1000px) 100vw, 1000px\" \/><br \/>\nAbsolute Twin Sands Resort &#038; Spa is a stunning resort with panoramic ocean views, contemporary apartments, outstanding dining and wellbeing opportunities and five-star service, all in a spectacular peninsula setting minutes from Patong on the stunning island of Phuket. <\/p>\n<p>Nestled between two perfect white sand beaches, every one of the 185 apartments and penthouses, available as studio, one and two bedroom, combine the best of contemporary design, architecture and furnishings to create a comfortably chic holiday retreat for couples and families alike.<\/p>","protected":false},"excerpt":{"rendered":"<p>La terra dei sorrisi Ora, meritatamente, una delle destinazioni leader nel mondo per discriminare i turisti, la Thailandia e le sue bellissime isole offrono splendide spiagge tropicali, di cristallo, mare turchese, magnifici paesaggi di una cultura affascinante! Il paese offre<span class=\"ellipsis\">&hellip;<\/span><\/p>\n<div class=\"read-more\"><a href=\"https:\/\/www.heritageresorts.com\/it\/affiliated-resorts\/thai-resorts\">Read more &#8250;<\/a><\/div>\n<p><!-- end of .read-more --><\/p>\n","protected":false},"author":1,"featured_media":201,"parent":16,"menu_order":6,"comment_status":"closed","ping_status":"open","template":"","meta":{"footnotes":""},"class_list":["post-76","page","type-page","status-publish","has-post-thumbnail","hentry"],"_links":{"self":[{"href":"https:\/\/www.heritageresorts.com\/it\/wp-json\/wp\/v2\/pages\/76","targetHints":{"allow":["GET"]}}],"collection":[{"href":"https:\/\/www.heritageresorts.com\/it\/wp-json\/wp\/v2\/pages"}],"about":[{"href":"https:\/\/www.heritageresorts.com\/it\/wp-json\/wp\/v2\/types\/page"}],"author":[{"embeddable":true,"href":"https:\/\/www.heritageresorts.com\/it\/wp-json\/wp\/v2\/users\/1"}],"replies":[{"embeddable":true,"href":"https:\/\/www.heritageresorts.com\/it\/wp-json\/wp\/v2\/comments?post=76"}],"version-history":[{"count":0,"href":"https:\/\/www.heritageresorts.com\/it\/wp-json\/wp\/v2\/pages\/76\/revisions"}],"up":[{"embeddable":true,"href":"https:\/\/www.heritageresorts.com\/it\/wp-json\/wp\/v2\/pages\/16"}],"wp:featuredmedia":[{"embeddable":true,"href":"https:\/\/www.heritageresorts.com\/it\/wp-json\/wp\/v2\/media\/201"}],"wp:attachment":[{"href":"https:\/\/www.heritageresorts.com\/it\/wp-json\/wp\/v2\/media?parent=76"}],"curies":[{"name":"wp","href":"https:\/\/api.w.org\/{rel}","templated":true}]}}