{"id":74,"date":"2014-03-12T16:46:56","date_gmt":"2014-03-12T14:46:56","guid":{"rendered":"http:\/\/heritageresorts.com\/2014\/?page_id=74"},"modified":"2019-05-13T10:30:38","modified_gmt":"2019-05-13T08:30:38","slug":"indonesian-resorts","status":"publish","type":"page","link":"https:\/\/www.heritageresorts.com\/it\/affiliated-resorts\/indonesian-resorts","title":{"rendered":"Indonesia"},"content":{"rendered":"<p><img loading=\"lazy\" decoding=\"async\" src=\"https:\/\/www.heritageresorts.com\/wp-content\/uploads\/2014\/03\/indonesia_4web.jpg\" alt=\"indonesian resorts\" width=\"635\" height=\"331\" class=\"aligncenter size-full wp-image-200\" srcset=\"https:\/\/www.heritageresorts.com\/wp-content\/uploads\/2014\/03\/indonesia_4web.jpg 635w, https:\/\/www.heritageresorts.com\/wp-content\/uploads\/2014\/03\/indonesia_4web-600x312.jpg 600w, https:\/\/www.heritageresorts.com\/wp-content\/uploads\/2014\/03\/indonesia_4web-100x52.jpg 100w, https:\/\/www.heritageresorts.com\/wp-content\/uploads\/2014\/03\/indonesia_4web-150x78.jpg 150w, https:\/\/www.heritageresorts.com\/wp-content\/uploads\/2014\/03\/indonesia_4web-200x104.jpg 200w, https:\/\/www.heritageresorts.com\/wp-content\/uploads\/2014\/03\/indonesia_4web-300x156.jpg 300w, https:\/\/www.heritageresorts.com\/wp-content\/uploads\/2014\/03\/indonesia_4web-450x234.jpg 450w\" sizes=\"auto, (max-width: 635px) 100vw, 635px\" \/><\/p>\n<p><strong>Un luogo fresco per scoprire nel lontano.<\/strong><\/p>\n<p>L&#8217;Indonesia \u00e8 un unico, bello, paese costituito da un incredibile 17.000 isole che si sviluppa su 5.000 km di oceano, che divide il Pacifico e gli oceani Indiano all&#8217;equa tra Asia e Australia. All&#8217;interno di questo tratto di terra e di mare sono terrazze di riso verde, montagne drammatica, spiagge di sabbia bianca abbagliante azzurro e profondo dei mari. L&#8217;Indonesia ha anche magnifiche foreste pluviali e del paesaggio.<\/p>\n<p>Il paese \u00e8 sede di quasi 240 milioni di persone di 300 diversi gruppi etnici. L&#8217;Indonesia ha anche una forte influenza europea a causa dei suoi legami con l&#8217;Europa attraverso il commercio internazionale. Questa destinazione pittoresca fornisce non solo il perfetto relax, vacanza al mare, \u00e8 anche ricca di storia e cultura. Bali \u00e8 di gran lunga, il gioiello. Il clima \u00e8 decisamente tropicale. Non vi \u00e8 alcun autunno o in inverno e distintivo &#8220;a secco&#8221; e &#8220;bagnato&#8221; stagioni parti l&#8217;anno. Heritage Resorts sono nelle posizioni perfetto per assicurarsi di sperimentare il meglio di Indonesia.<\/p>\n<p><strong>Karma Mayura &#8211; Bali<\/strong><br \/>\n<img loading=\"lazy\" decoding=\"async\" src=\"https:\/\/www.heritageresorts.com\/wp-content\/uploads\/2019\/04\/karma_mayura_karma_mayura.jpg\" alt=\"\" width=\"1240\" height=\"827\" class=\"alignnone size-full wp-image-706\" srcset=\"https:\/\/www.heritageresorts.com\/wp-content\/uploads\/2019\/04\/karma_mayura_karma_mayura.jpg 1240w, https:\/\/www.heritageresorts.com\/wp-content\/uploads\/2019\/04\/karma_mayura_karma_mayura-600x400.jpg 600w, https:\/\/www.heritageresorts.com\/wp-content\/uploads\/2019\/04\/karma_mayura_karma_mayura-768x512.jpg 768w, https:\/\/www.heritageresorts.com\/wp-content\/uploads\/2019\/04\/karma_mayura_karma_mayura-1024x683.jpg 1024w\" sizes=\"auto, (max-width: 1240px) 100vw, 1240px\" \/><br \/>\nKarma Mayura is in the tiny village of Mas \u2013 just a 10-minute drive from the centre of Ubud, Bali\u2019s artistic, spiritual and cultural heart.<\/p>\n<p>This fascinating area was thrown into the spotlight by Elizabeth Gilbert\u2019s 2006 memoir Eat Pray Love, later a hit film starring Julia Roberts. Visit the royal palace, experience a traditional Balinese dance performance or spend a day exploring Ubud\u2019s many galleries \u2013 which range from grand museums to tiny hole-in-the-walls. And don\u2019t miss the Sacred Monkey Forest \u2013 a lush jungle sanctuary populated by attention-seeking macaques.<\/p>\n<p>Built to blend in with its lush natural surroundings, Karma Mayura boasts just 32 beautifully appointed guest rooms. Each features custom-made furniture and fittings, including elaborately carved hardwood beds with sumptuous bedding for a peaceful night&#8217;s slumber. The rooms also have large outdoor balconies with sweeping views across the countryside.<\/p>\n<p><strong>Karma Royal Candidasa &#8211; Bali<\/strong><br \/>\n<img loading=\"lazy\" decoding=\"async\" src=\"https:\/\/www.heritageresorts.com\/wp-content\/uploads\/2019\/04\/Karma-Royal-Candidasa-Imeprial_apartment_balcony.jpg\" alt=\"\" width=\"1420\" height=\"947\" class=\"alignnone size-full wp-image-707\" srcset=\"https:\/\/www.heritageresorts.com\/wp-content\/uploads\/2019\/04\/Karma-Royal-Candidasa-Imeprial_apartment_balcony.jpg 1420w, https:\/\/www.heritageresorts.com\/wp-content\/uploads\/2019\/04\/Karma-Royal-Candidasa-Imeprial_apartment_balcony-600x400.jpg 600w, https:\/\/www.heritageresorts.com\/wp-content\/uploads\/2019\/04\/Karma-Royal-Candidasa-Imeprial_apartment_balcony-768x512.jpg 768w, https:\/\/www.heritageresorts.com\/wp-content\/uploads\/2019\/04\/Karma-Royal-Candidasa-Imeprial_apartment_balcony-1024x683.jpg 1024w\" sizes=\"auto, (max-width: 1420px) 100vw, 1420px\" \/><br \/>\nLocated between palm-fringed sands and verdant hills, Karma Royal Candidasa is a slice of tropical paradise on the Indonesian island of Bali.<\/p>\n<p>The resort boasts a choice of apartments, surrounded by lush gardens and with direct access from the pool to the beach. Indulge in a spa treatment, dine in our international restaurant and enjoy the evening entertainment. The resort also offers excursions and adventures, including diving, snorkelling, fishing, trekking and cycling. Relaxation begins at Karma Royal Candidasa.<\/p>\n<p>Modern comforts blend seamlessly with Indonesian architecture to create a stylish and relaxing atmosphere. Teakwood balconies overlook the beach, a thatched roof shades the restaurant and landscaped gardens create a luxuriant setting for the studio, one- and two-bedroom apartments. All our fully air-conditioned rooms have en-suite shower\/bathrooms, flat-screen TVs, wi-fi access and mini-bars.<\/p>\n<p><strong>Karma Royal Sanur &#8211; Bali<\/strong><br \/>\n<img loading=\"lazy\" decoding=\"async\" src=\"https:\/\/www.heritageresorts.com\/wp-content\/uploads\/2019\/04\/sanur-pool1.jpg\" alt=\"\" width=\"1240\" height=\"827\" class=\"alignnone size-full wp-image-708\" srcset=\"https:\/\/www.heritageresorts.com\/wp-content\/uploads\/2019\/04\/sanur-pool1.jpg 1240w, https:\/\/www.heritageresorts.com\/wp-content\/uploads\/2019\/04\/sanur-pool1-600x400.jpg 600w, https:\/\/www.heritageresorts.com\/wp-content\/uploads\/2019\/04\/sanur-pool1-768x512.jpg 768w, https:\/\/www.heritageresorts.com\/wp-content\/uploads\/2019\/04\/sanur-pool1-1024x683.jpg 1024w\" sizes=\"auto, (max-width: 1240px) 100vw, 1240px\" \/><br \/>\nOur newly refurbished resort is one of Sanur\u2019s best-kept secrets; a luxurious hideaway with lush landscaped grounds, a stunning pool and beautifully appointed apartments<\/p>\n<p>Just a five-minute stroll takes you to Sanur\u2019s serene 5km beach, with its fishermen\u2019s shacks, bars and restaurants. Sanur is Bali\u2019s largest traditional village and offers a range of activities, including a Balinese spa and authentic dance performances. Or drive a short distance to explore nature reserves and the cultural centre of Ubud.<\/p>\n<p>Western luxury and Balinese architecture combine in a private setting, complete with a stunning pool featuring carved stonework and fountains. Choose from studio, one-bedroom combination and two-bedroom apartments. A selection have private balconies and full kitchen facilities are available only in the two bedroom apartments.<\/p>\n<p><strong>Rama Candidasa Resort &#038; Spa &#8211; Bali<\/strong><br \/>\n<img loading=\"lazy\" decoding=\"async\" src=\"https:\/\/www.heritageresorts.com\/wp-content\/uploads\/2019\/04\/Pool-1.jpg\" alt=\"\" width=\"1045\" height=\"697\" class=\"alignnone size-full wp-image-709\" srcset=\"https:\/\/www.heritageresorts.com\/wp-content\/uploads\/2019\/04\/Pool-1.jpg 1045w, https:\/\/www.heritageresorts.com\/wp-content\/uploads\/2019\/04\/Pool-1-600x400.jpg 600w, https:\/\/www.heritageresorts.com\/wp-content\/uploads\/2019\/04\/Pool-1-768x512.jpg 768w, https:\/\/www.heritageresorts.com\/wp-content\/uploads\/2019\/04\/Pool-1-1024x683.jpg 1024w\" sizes=\"auto, (max-width: 1045px) 100vw, 1045px\" \/><br \/>\nThe best Resort in Bali! Rama Candidasa Resort &#038; Spa is located in the east of Bali, in the heart of the Candidasa district. It is the only place for having a peaceful and relaxing holiday in Bali as well as to explore the magnificent underwater paradise in Bali, such at Tulamben, Amed, PadangBai, Blue Lagoon and many more.<\/p>\n<p>For your accommodation in Bali, Rama Candidasa Resort &#038; Spa boasts 77 artistically furnished rooms with contemporary Balinese d\u00e9cor enhanced with modern amenities, all with secluded balcony offering views over the ocean, pool or tropical lush garden. The dive resort facilities consists of outdoor swimming pool with children pool, oceanfront day bed, garden gazebo, tranquil zen garden, meeting and function room, wedding facilities, library &#038; business center, a wellness spa, extensive terraced sun decks and plenty more besides.<\/p>","protected":false},"excerpt":{"rendered":"<p>Un luogo fresco per scoprire nel lontano. L&#8217;Indonesia \u00e8 un unico, bello, paese costituito da un incredibile 17.000 isole che si sviluppa su 5.000 km di oceano, che divide il Pacifico e gli oceani Indiano all&#8217;equa tra Asia e Australia.<span class=\"ellipsis\">&hellip;<\/span><\/p>\n<div class=\"read-more\"><a href=\"https:\/\/www.heritageresorts.com\/it\/affiliated-resorts\/indonesian-resorts\">Read more &#8250;<\/a><\/div>\n<p><!-- end of .read-more --><\/p>\n","protected":false},"author":1,"featured_media":200,"parent":16,"menu_order":5,"comment_status":"closed","ping_status":"open","template":"","meta":{"footnotes":""},"class_list":["post-74","page","type-page","status-publish","has-post-thumbnail","hentry"],"_links":{"self":[{"href":"https:\/\/www.heritageresorts.com\/it\/wp-json\/wp\/v2\/pages\/74","targetHints":{"allow":["GET"]}}],"collection":[{"href":"https:\/\/www.heritageresorts.com\/it\/wp-json\/wp\/v2\/pages"}],"about":[{"href":"https:\/\/www.heritageresorts.com\/it\/wp-json\/wp\/v2\/types\/page"}],"author":[{"embeddable":true,"href":"https:\/\/www.heritageresorts.com\/it\/wp-json\/wp\/v2\/users\/1"}],"replies":[{"embeddable":true,"href":"https:\/\/www.heritageresorts.com\/it\/wp-json\/wp\/v2\/comments?post=74"}],"version-history":[{"count":0,"href":"https:\/\/www.heritageresorts.com\/it\/wp-json\/wp\/v2\/pages\/74\/revisions"}],"up":[{"embeddable":true,"href":"https:\/\/www.heritageresorts.com\/it\/wp-json\/wp\/v2\/pages\/16"}],"wp:featuredmedia":[{"embeddable":true,"href":"https:\/\/www.heritageresorts.com\/it\/wp-json\/wp\/v2\/media\/200"}],"wp:attachment":[{"href":"https:\/\/www.heritageresorts.com\/it\/wp-json\/wp\/v2\/media?parent=74"}],"curies":[{"name":"wp","href":"https:\/\/api.w.org\/{rel}","templated":true}]}}