{"id":61,"date":"2014-03-12T16:37:30","date_gmt":"2014-03-12T14:37:30","guid":{"rendered":"http:\/\/heritageresorts.com\/2014\/?page_id=61"},"modified":"2024-04-03T11:08:55","modified_gmt":"2024-04-03T09:08:55","slug":"the-riverside-restaurant","status":"publish","type":"page","link":"https:\/\/www.heritageresorts.com\/it\/heritage-restaurants\/the-riverside-restaurant","title":{"rendered":"The Riverside Restaurant"},"content":{"rendered":"<p><img loading=\"lazy\" decoding=\"async\" src=\"https:\/\/www.heritageresorts.com\/wp-content\/uploads\/2018\/12\/Riverside-Restaurant-Whitewater.jpg\" alt=\"\" width=\"1000\" height=\"500\" class=\"aligncenter size-full wp-image-425\" srcset=\"https:\/\/www.heritageresorts.com\/wp-content\/uploads\/2018\/12\/Riverside-Restaurant-Whitewater.jpg 1000w, https:\/\/www.heritageresorts.com\/wp-content\/uploads\/2018\/12\/Riverside-Restaurant-Whitewater-600x300.jpg 600w, https:\/\/www.heritageresorts.com\/wp-content\/uploads\/2018\/12\/Riverside-Restaurant-Whitewater-768x384.jpg 768w\" sizes=\"auto, (max-width: 1000px) 100vw, 1000px\" \/><\/p>\n<h3>The Whitewater Hotel &#038; leisure Centre<\/h3>\n<p><a href=\"https:\/\/www.whitewater-hotel.co.uk\/food-and-drink\/riverside-restaurant\/\" rel=\"noopener\" target=\"_blank\">Il nostro ristorante Riverside<\/a> offre un&#8217;esperienza unica di pranzo. Gli chef preparano i migliori dei pasti, che riflettono la migliore selezione di cibi freschi della zona circostante. Una raffinata selezione di vini per completare il cibo \u00e8 inoltre disponibile.<\/p>\n<p>Con una capacit\u00e0 fino a 80 commensali, la Riverside offre menu cena ogni giorno. Gli ospiti gustare la colazione nel ristorante e gustare un drink pre-pasto, il caff\u00e8 del mattino o il t\u00e8 del pomeriggio nel salotto. Il Riverside \u00e8 un luogo preferito per ricevimenti di nozze, \u00e8 stata concessa una licenza per lo svolgimento dei matrimoni civili. I dettagli sono disponibili presso il cancelliere a Ulverston. Ci sono pacchetti di nozze speciali disponibili per voi a prendere in considerazione colazioni di lavoro sono spesso detenuti nel ristorante come parte del nostro pacchetto conferenza.<\/p>\n<p>La speciale Domenica Pranzo \u00e8 un favorito nella zona e vari menu sono spesso offerti a quei tempi particolari dell&#8217;anno come Natale, Pasqua, Festa della mamma, del pap\u00e0 e la sera di San Valentino.<\/p>","protected":false},"excerpt":{"rendered":"<p>The Whitewater Hotel &#038; leisure Centre Il nostro ristorante Riverside offre un&#8217;esperienza unica di pranzo. Gli chef preparano i migliori dei pasti, che riflettono la migliore selezione di cibi freschi della zona circostante. Una raffinata selezione di vini per completare<span class=\"ellipsis\">&hellip;<\/span><\/p>\n<div class=\"read-more\"><a href=\"https:\/\/www.heritageresorts.com\/it\/heritage-restaurants\/the-riverside-restaurant\">Read more &#8250;<\/a><\/div>\n<p><!-- end of .read-more --><\/p>\n","protected":false},"author":1,"featured_media":0,"parent":22,"menu_order":6,"comment_status":"closed","ping_status":"open","template":"","meta":{"footnotes":""},"class_list":["post-61","page","type-page","status-publish","hentry"],"_links":{"self":[{"href":"https:\/\/www.heritageresorts.com\/it\/wp-json\/wp\/v2\/pages\/61","targetHints":{"allow":["GET"]}}],"collection":[{"href":"https:\/\/www.heritageresorts.com\/it\/wp-json\/wp\/v2\/pages"}],"about":[{"href":"https:\/\/www.heritageresorts.com\/it\/wp-json\/wp\/v2\/types\/page"}],"author":[{"embeddable":true,"href":"https:\/\/www.heritageresorts.com\/it\/wp-json\/wp\/v2\/users\/1"}],"replies":[{"embeddable":true,"href":"https:\/\/www.heritageresorts.com\/it\/wp-json\/wp\/v2\/comments?post=61"}],"version-history":[{"count":0,"href":"https:\/\/www.heritageresorts.com\/it\/wp-json\/wp\/v2\/pages\/61\/revisions"}],"up":[{"embeddable":true,"href":"https:\/\/www.heritageresorts.com\/it\/wp-json\/wp\/v2\/pages\/22"}],"wp:attachment":[{"href":"https:\/\/www.heritageresorts.com\/it\/wp-json\/wp\/v2\/media?parent=61"}],"curies":[{"name":"wp","href":"https:\/\/api.w.org\/{rel}","templated":true}]}}