{"id":49,"date":"2014-03-10T16:37:59","date_gmt":"2014-03-10T14:37:59","guid":{"rendered":"http:\/\/heritageresorts.com\/2014\/?page_id=49"},"modified":"2019-04-24T10:48:40","modified_gmt":"2019-04-24T08:48:40","slug":"le-papillon","status":"publish","type":"page","link":"https:\/\/www.heritageresorts.com\/it\/heritage-restaurants\/le-papillon","title":{"rendered":"Le Papillon"},"content":{"rendered":"<p><img loading=\"lazy\" decoding=\"async\" src=\"https:\/\/www.heritageresorts.com\/wp-content\/uploads\/2018\/12\/papillon_tuneado.jpg\" alt=\"\" width=\"1000\" height=\"500\" class=\"aligncenter size-full wp-image-414\" srcset=\"https:\/\/www.heritageresorts.com\/wp-content\/uploads\/2018\/12\/papillon_tuneado.jpg 1000w, https:\/\/www.heritageresorts.com\/wp-content\/uploads\/2018\/12\/papillon_tuneado-600x300.jpg 600w, https:\/\/www.heritageresorts.com\/wp-content\/uploads\/2018\/12\/papillon_tuneado-768x384.jpg 768w\" sizes=\"auto, (max-width: 1000px) 100vw, 1000px\" \/><\/p>\n<p><strong>Le Papillon Ristorante-Elegante, ristoranti sulla spiaggia e sotto le stelle.<\/strong><\/p>\n<p>Le Papillon, Urb.Marbesa Heritage Resorts \u00e8 alla moda, Ristorante sulla spiaggia. Le Papillon offre una vasta gamma di specialit\u00e0 culinarie che propone piatti internazionali e tradizionali, Cucina spagnola. Il ristorante offre una lista di buon vino e il menu di cocktail.<\/p>\n<p>Il Ristorante \u00e8 stato recentemente ristrutturato, con arredamento elegante e offre l&#8217;ambiente ideale per pranzo e cena. Il menu \u00e8 ora di pranzo snack leggeri e piatti pi\u00f9 sostanziosi come la spigola al forno, cosciotto di Agnello, la paella e il delizioso Le Papillon di pollo al curry.<\/p>\n<p>I bambini sono i benvenuti a Le Papillon. Vi \u00e8 un grande, parco giochi e di fronte alla spiaggia \u00e8 fantastico per i bambini. Il menu offre antipasti bambini sani e tradizionali favoriti bambini, come gli spaghetti alla bolognese e pepite di pollo e patatine a prezzi molto convenienti.<\/p>\n<p>Le Papillon offre ora chill out lussuosi letti per un sorprendente 25 euro al giorno. Se desiderate raffreddare con una bottiglia di champagne (Mo\u00ebt Chandon). Offriamo la chill out letto e una bottiglia di champagne e incredibile 75 Euro. Una giornata ideale romantico fuori.<\/p>\n<p>Le Papillon dispone di una terrazza riscaldata di vetro che lo rende un ottimo luogo di ristoro inverno. Il camino nel ristorante creano un&#8217;atmosfera calda e ambiente. Live Music avviene su certe sere. Le Papillon \u00e8 davvero un luogo per tutte le stagioni ed un&#8217;esperienza da non perdere!<\/p>\n<p>Per ulteriori informazioni si prega di contattare il ristorante direttamente sulla 952 834 113.<\/p>\n<p><a href=\"http:\/\/www.restaurantepapillon.com\" rel=\"noopener noreferrer\" target=\"_blank\">www.restaurantepapillon.com<\/a><\/p>","protected":false},"excerpt":{"rendered":"<p>Le Papillon Ristorante-Elegante, ristoranti sulla spiaggia e sotto le stelle. Le Papillon, Urb.Marbesa Heritage Resorts \u00e8 alla moda, Ristorante sulla spiaggia. Le Papillon offre una vasta gamma di specialit\u00e0 culinarie che propone piatti internazionali e tradizionali, Cucina spagnola. Il ristorante<span class=\"ellipsis\">&hellip;<\/span><\/p>\n<div class=\"read-more\"><a href=\"https:\/\/www.heritageresorts.com\/it\/heritage-restaurants\/le-papillon\">Read more &#8250;<\/a><\/div>\n<p><!-- end of .read-more --><\/p>\n","protected":false},"author":1,"featured_media":0,"parent":22,"menu_order":1,"comment_status":"closed","ping_status":"open","template":"","meta":{"footnotes":""},"class_list":["post-49","page","type-page","status-publish","hentry"],"_links":{"self":[{"href":"https:\/\/www.heritageresorts.com\/it\/wp-json\/wp\/v2\/pages\/49","targetHints":{"allow":["GET"]}}],"collection":[{"href":"https:\/\/www.heritageresorts.com\/it\/wp-json\/wp\/v2\/pages"}],"about":[{"href":"https:\/\/www.heritageresorts.com\/it\/wp-json\/wp\/v2\/types\/page"}],"author":[{"embeddable":true,"href":"https:\/\/www.heritageresorts.com\/it\/wp-json\/wp\/v2\/users\/1"}],"replies":[{"embeddable":true,"href":"https:\/\/www.heritageresorts.com\/it\/wp-json\/wp\/v2\/comments?post=49"}],"version-history":[{"count":0,"href":"https:\/\/www.heritageresorts.com\/it\/wp-json\/wp\/v2\/pages\/49\/revisions"}],"up":[{"embeddable":true,"href":"https:\/\/www.heritageresorts.com\/it\/wp-json\/wp\/v2\/pages\/22"}],"wp:attachment":[{"href":"https:\/\/www.heritageresorts.com\/it\/wp-json\/wp\/v2\/media?parent=49"}],"curies":[{"name":"wp","href":"https:\/\/api.w.org\/{rel}","templated":true}]}}