{"id":474,"date":"2019-03-20T11:58:28","date_gmt":"2019-03-20T09:58:28","guid":{"rendered":"http:\/\/www.heritageresorts.com\/2020\/?page_id=474"},"modified":"2019-04-03T13:41:19","modified_gmt":"2019-04-03T11:41:19","slug":"become-a-member","status":"publish","type":"page","link":"https:\/\/www.heritageresorts.com\/it\/contact-us\/become-a-member","title":{"rendered":"Diventare membro"},"content":{"rendered":"<p><strong>Ecco una grande opportunit\u00e0, per voi e per la vostra famiglia, di passare una fantastica vacanza in Spagna a un prezzo davvero incredibile!<\/strong><\/p>\n<p>Heritage Resorts and Hotels sono lieti di offrirvi la possibilit\u00e0 di usufruire di un soggiorno di una settimana e di provare la qualit\u00e0 e l\u2019ospitalit\u00e0 che ci hanno coronato di successo per oltre 30 anni.<\/p>\n<p>L\u2019offerta \u00e8 valida tutto l\u2019anno ed \u00e8 assolutamente imperdibile! Non perdete tempo e prenotate oggi stesso semplicemente compilando il modulo sottostante. I prezzi variano da un minimo di \u20ac149 per tutta la famiglia e per l\u2019intera settimana.<\/p>\n<p>Offriamo inoltre pacchetti mezza pensione a \u20ac25 per persona al giorno, in modo da potervi veramente rilassare e non pensare a cucinare! Possiamo inoltre organizzare noleggio auto, escursioni e pacchetti benessere.<\/p>\n<p>Dopo aver inviato il modulo, il nostro team dell\u2019uffucio prenotazioni vi contatter\u00e0 per organizzare la vostra vacanza da sogno! I campi contrassegnati dall\u2019asterisco (<span class=\"required\">*<\/span>) sono obbligatori.<\/p>\n<p>\n<div class=\"wpcf7 no-js\" id=\"wpcf7-f679-o3\" lang=\"en-US\" dir=\"ltr\" data-wpcf7-id=\"679\">\n<div class=\"screen-reader-response\"><p role=\"status\" aria-live=\"polite\" aria-atomic=\"true\"><\/p> <ul><\/ul><\/div>\n<form action=\"\/it\/wp-json\/wp\/v2\/pages\/474#wpcf7-f679-o3\" method=\"post\" class=\"wpcf7-form init\" aria-label=\"Contact form\" novalidate=\"novalidate\" data-status=\"init\">\n<fieldset class=\"hidden-fields-container\"><input type=\"hidden\" name=\"_wpcf7\" value=\"679\" \/><input type=\"hidden\" name=\"_wpcf7_version\" value=\"6.1.5\" \/><input type=\"hidden\" name=\"_wpcf7_locale\" value=\"en_US\" \/><input type=\"hidden\" name=\"_wpcf7_unit_tag\" value=\"wpcf7-f679-o3\" \/><input type=\"hidden\" name=\"_wpcf7_container_post\" value=\"0\" \/><input type=\"hidden\" name=\"_wpcf7_posted_data_hash\" value=\"\" \/><input type=\"hidden\" name=\"_wpcf7_recaptcha_response\" value=\"\" \/>\n<\/fieldset>\n<table>\n\t<tr>\n\t\t<td>\n\t\t\t<p>Nome <span class=\"required\">*<\/span><br \/>\n<span class=\"wpcf7-form-control-wrap\" data-name=\"your-name\"><input size=\"40\" maxlength=\"400\" class=\"wpcf7-form-control wpcf7-text wpcf7-validates-as-required\" aria-required=\"true\" aria-invalid=\"false\" value=\"\" type=\"text\" name=\"your-name\" \/><\/span>\n\t\t\t<\/p>\n\t\t<\/td>\n\t\t<td>\n\t\t\t<p>Cognome <span class=\"required\">*<\/span><br \/>\n<span class=\"wpcf7-form-control-wrap\" data-name=\"your-surname\"><input size=\"40\" maxlength=\"400\" class=\"wpcf7-form-control wpcf7-text wpcf7-validates-as-required\" aria-required=\"true\" aria-invalid=\"false\" value=\"\" type=\"text\" name=\"your-surname\" \/><\/span>\n\t\t\t<\/p>\n\t\t<\/td>\n\t<\/tr>\n\t<tr>\n\t\t<td>\n\t\t\t<p>Telefono\/cellulare 1 <span class=\"required\">*<\/span><br \/>\n<span class=\"wpcf7-form-control-wrap\" data-name=\"your-phone1\"><input size=\"40\" maxlength=\"400\" class=\"wpcf7-form-control wpcf7-text wpcf7-validates-as-required\" aria-required=\"true\" aria-invalid=\"false\" value=\"\" type=\"text\" name=\"your-phone1\" \/><\/span>\n\t\t\t<\/p>\n\t\t<\/td>\n\t\t<td>\n\t\t\t<p>Telefono\/cellulare 2<br \/>\n<span class=\"wpcf7-form-control-wrap\" data-name=\"your-phone2\"><input size=\"40\" maxlength=\"400\" class=\"wpcf7-form-control wpcf7-text\" aria-invalid=\"false\" value=\"\" type=\"text\" name=\"your-phone2\" \/><\/span>\n\t\t\t<\/p>\n\t\t<\/td>\n\t<\/tr>\n\t<tr>\n\t\t<td colspan=\"2\">\n\t\t\t<p>E-mail <span class=\"required\">*<\/span><br \/>\n<span class=\"wpcf7-form-control-wrap\" data-name=\"your-email\"><input size=\"40\" maxlength=\"400\" class=\"wpcf7-form-control wpcf7-email wpcf7-validates-as-required wpcf7-text wpcf7-validates-as-email\" aria-required=\"true\" aria-invalid=\"false\" value=\"\" type=\"email\" name=\"your-email\" \/><\/span>\n\t\t\t<\/p>\n\t\t<\/td>\n\t<\/tr>\n\t<tr>\n\t\t<td colspan=\"2\">\n\t\t\t<p>Indirizzo<br \/>\n<span class=\"wpcf7-form-control-wrap\" data-name=\"your-address\"><input size=\"40\" maxlength=\"400\" class=\"wpcf7-form-control wpcf7-text\" aria-invalid=\"false\" value=\"\" type=\"text\" name=\"your-address\" \/><\/span>\n\t\t\t<\/p>\n\t\t<\/td>\n\t<\/tr>\n\t<tr>\n\t\t<td>\n\t\t\t<p>Luogo\/citt\u00e0<br \/>\n<span class=\"wpcf7-form-control-wrap\" data-name=\"your-town\"><input size=\"40\" maxlength=\"400\" class=\"wpcf7-form-control wpcf7-text\" aria-invalid=\"false\" value=\"\" type=\"text\" name=\"your-town\" \/><\/span>\n\t\t\t<\/p>\n\t\t<\/td>\n\t\t<td>\n\t\t\t<p>CAP\/codice postale<br \/>\n<span class=\"wpcf7-form-control-wrap\" data-name=\"your-zip\"><input size=\"40\" maxlength=\"400\" class=\"wpcf7-form-control wpcf7-text\" aria-invalid=\"false\" value=\"\" type=\"text\" name=\"your-zip\" \/><\/span>\n\t\t\t<\/p>\n\t\t<\/td>\n\t<\/tr>\n\t<tr>\n\t\t<td>\n\t\t\t<p>Nazione <span class=\"required\">*<\/span><br \/>\n<span class=\"wpcf7-form-control-wrap\" data-name=\"your-country\"><input size=\"40\" maxlength=\"400\" class=\"wpcf7-form-control wpcf7-text wpcf7-validates-as-required\" aria-required=\"true\" aria-invalid=\"false\" value=\"\" type=\"text\" name=\"your-country\" \/><\/span>\n\t\t\t<\/p>\n\t\t<\/td>\n\t\t<td>\n\t\t\t<p>Nazione di residenza <span class=\"required\">*<\/span><br \/>\n<span class=\"wpcf7-form-control-wrap\" data-name=\"your-residence\"><input size=\"40\" maxlength=\"400\" class=\"wpcf7-form-control wpcf7-text wpcf7-validates-as-required\" aria-required=\"true\" aria-invalid=\"false\" value=\"\" type=\"text\" name=\"your-residence\" \/><\/span>\n\t\t\t<\/p>\n\t\t<\/td>\n\t<\/tr>\n\t<tr>\n\t\t<td>\n\t\t\t<p>Et\u00e0 maschio <span class=\"required\">*<\/span><br \/>\n<span class=\"wpcf7-form-control-wrap\" data-name=\"age-male\"><input size=\"40\" maxlength=\"400\" class=\"wpcf7-form-control wpcf7-text wpcf7-validates-as-required\" aria-required=\"true\" aria-invalid=\"false\" value=\"\" type=\"text\" name=\"age-male\" \/><\/span>\n\t\t\t<\/p>\n\t\t<\/td>\n\t\t<td>\n\t\t\t<p>Et\u00e0 femmina <span class=\"required\">*<\/span><br \/>\n<span class=\"wpcf7-form-control-wrap\" data-name=\"age-female\"><input size=\"40\" maxlength=\"400\" class=\"wpcf7-form-control wpcf7-text wpcf7-validates-as-required\" aria-required=\"true\" aria-invalid=\"false\" value=\"\" type=\"text\" name=\"age-female\" \/><\/span>\n\t\t\t<\/p>\n\t\t<\/td>\n\t<\/tr>\n\t<tr>\n\t\t<td>\n\t\t\t<p>Professione maschio <span class=\"required\">*<\/span><br \/>\n<span class=\"wpcf7-form-control-wrap\" data-name=\"prof-male\"><input size=\"40\" maxlength=\"400\" class=\"wpcf7-form-control wpcf7-text wpcf7-validates-as-required\" aria-required=\"true\" aria-invalid=\"false\" value=\"\" type=\"text\" name=\"prof-male\" \/><\/span>\n\t\t\t<\/p>\n\t\t<\/td>\n\t\t<td>\n\t\t\t<p>Professione femmina <span class=\"required\">*<\/span><br \/>\n<span class=\"wpcf7-form-control-wrap\" data-name=\"prof-female\"><input size=\"40\" maxlength=\"400\" class=\"wpcf7-form-control wpcf7-text wpcf7-validates-as-required\" aria-required=\"true\" aria-invalid=\"false\" value=\"\" type=\"text\" name=\"prof-female\" \/><\/span>\n\t\t\t<\/p>\n\t\t<\/td>\n\t<\/tr>\n\t<tr>\n\t\t<td>\n\t\t\t<p>Orario migliore per ricevere la chiamata\n\t\t\t<\/p>\n\t\t\t<p><span class=\"wpcf7-form-control-wrap\" data-name=\"time-to-call\"><select class=\"wpcf7-form-control wpcf7-select\" aria-invalid=\"false\" name=\"time-to-call\"><option value=\"\">&#8212;Please choose an option&#8212;<\/option><option value=\"Dalle - alle 9-12\">Dalle - alle 9-12<\/option><option value=\"Dalle - alle 12-15\">Dalle - alle 12-15<\/option><option value=\"Dalle - alle 15-18\">Dalle - alle 15-18<\/option><option value=\"Dalle - alle 18-21\">Dalle - alle 18-21<\/option><\/select><\/span>\n\t\t\t<\/p>\n\t\t<\/td>\n\t\t<td>\n\t\t\t<p>Reddito annuale combinato <span class=\"required\">*<\/span>\n\t\t\t<\/p>\n\t\t\t<p><span class=\"wpcf7-form-control-wrap\" data-name=\"combined-income\"><select class=\"wpcf7-form-control wpcf7-select wpcf7-validates-as-required\" aria-required=\"true\" aria-invalid=\"false\" name=\"combined-income\"><option value=\"\">&#8212;Please choose an option&#8212;<\/option><option value=\"Meno di 20000\u20ac\">Meno di 20000\u20ac<\/option><option value=\"20000\u20ac - 25000\u20ac\">20000\u20ac - 25000\u20ac<\/option><option value=\"25000\u20ac - 30000\u20ac\">25000\u20ac - 30000\u20ac<\/option><option value=\"30000\u20ac - 35000\u20ac\">30000\u20ac - 35000\u20ac<\/option><option value=\"Pi\u00f9 di 35000\u20ac\">Pi\u00f9 di 35000\u20ac<\/option><\/select><\/span>\n\t\t\t<\/p>\n\t\t<\/td>\n\t<\/tr>\n\t<tr>\n\t\t<td>\n\t\t\t<p>Somma annuale destinata alle vacanze <span class=\"required\">*<\/span>\n\t\t\t<\/p>\n\t\t\t<p><span class=\"wpcf7-form-control-wrap\" data-name=\"holiday-budget\"><select class=\"wpcf7-form-control wpcf7-select wpcf7-validates-as-required\" aria-required=\"true\" aria-invalid=\"false\" name=\"holiday-budget\"><option value=\"\">&#8212;Please choose an option&#8212;<\/option><option value=\"meno di 1500\u20ac\">meno di 1500\u20ac<\/option><option value=\"1500\u20ac - 2500\u20ac\">1500\u20ac - 2500\u20ac<\/option><option value=\"2500\u20ac - 4000\u20ac\">2500\u20ac - 4000\u20ac<\/option><option value=\"Pi\u00f9 di 4000\u20ac\">Pi\u00f9 di 4000\u20ac<\/option><\/select><\/span>\n\t\t\t<\/p>\n\t\t<\/td>\n\t\t<td>\n\t\t\t<p>Quali delle seguenti carte di credito vengono utilizzate <span class=\"required\">*<\/span>\n\t\t\t<\/p>\n\t\t\t<p><span class=\"wpcf7-form-control-wrap\" data-name=\"which-cc\"><select class=\"wpcf7-form-control wpcf7-select wpcf7-validates-as-required\" aria-required=\"true\" aria-invalid=\"false\" name=\"which-cc\"><option value=\"\">&#8212;Please choose an option&#8212;<\/option><option value=\"Visa\">Visa<\/option><option value=\"Mastercard\">Mastercard<\/option><option value=\"American Express\">American Express<\/option><\/select><\/span>\n\t\t\t<\/p>\n\t\t<\/td>\n\t<\/tr>\n\t<tr>\n\t\t<td>\n\t\t\t<p>Stato civile <span class=\"required\">*<\/span>\n\t\t\t<\/p>\n\t\t\t<p><span class=\"wpcf7-form-control-wrap\" data-name=\"marital-status\"><select class=\"wpcf7-form-control wpcf7-select wpcf7-validates-as-required\" aria-required=\"true\" aria-invalid=\"false\" name=\"marital-status\"><option value=\"\">&#8212;Please choose an option&#8212;<\/option><option value=\"Celibe\/nubile\">Celibe\/nubile<\/option><option value=\"Coniugato\">Coniugato<\/option><option value=\"Societ\u00e0 di persone\">Societ\u00e0 di persone<\/option><option value=\"Convivente\">Convivente<\/option><option value=\"Vedovo\">Vedovo<\/option><\/select><\/span>\n\t\t\t<\/p>\n\t\t<\/td>\n\t\t<td>\n\t\t\t<p>Numero di adulti\/bambini <span class=\"required\">*<\/span>\n\t\t\t<\/p>\n\t\t\t<p><span class=\"wpcf7-form-control-wrap\" data-name=\"num-adults\"><input size=\"40\" maxlength=\"400\" class=\"wpcf7-form-control wpcf7-text wpcf7-validates-as-required halv\" aria-required=\"true\" aria-invalid=\"false\" value=\"\" type=\"text\" name=\"num-adults\" \/><\/span> \/ <span class=\"wpcf7-form-control-wrap\" data-name=\"num-children\"><input size=\"40\" maxlength=\"400\" class=\"wpcf7-form-control wpcf7-text wpcf7-validates-as-required halv\" aria-required=\"true\" aria-invalid=\"false\" value=\"\" type=\"text\" name=\"num-children\" \/><\/span>\n\t\t\t<\/p>\n\t\t<\/td>\n\t<\/tr>\n\t<tr>\n\t\t<td>\n\t\t\t<p>Data di arrivo richiesta <span class=\"required\">*<\/span>\n\t\t\t<\/p>\n\t\t\t<p><span class=\"wpcf7-form-control-wrap\" data-name=\"date-1st\"><input class=\"wpcf7-form-control wpcf7-date wpcf7-validates-as-required wpcf7-validates-as-date\" aria-required=\"true\" aria-invalid=\"false\" value=\"\" type=\"date\" name=\"date-1st\" \/><\/span>\n\t\t\t<\/p>\n\t\t<\/td>\n\t\t<td>\n\t\t\t<p>Data di arrivo alternativa <span class=\"required\">*<\/span>\n\t\t\t<\/p>\n\t\t\t<p><span class=\"wpcf7-form-control-wrap\" data-name=\"date-2nd\"><input class=\"wpcf7-form-control wpcf7-date wpcf7-validates-as-required wpcf7-validates-as-date\" aria-required=\"true\" aria-invalid=\"false\" value=\"\" type=\"date\" name=\"date-2nd\" \/><\/span>\n\t\t\t<\/p>\n\t\t<\/td>\n\t<\/tr>\n\t<tr>\n\t\t<td colspan=\"2\">\n\t\t\t<p><span class=\"wpcf7-form-control-wrap\" data-name=\"checkbox-half-board\"><span class=\"wpcf7-form-control wpcf7-checkbox\"><span class=\"wpcf7-list-item first last\"><input type=\"checkbox\" name=\"checkbox-half-board[]\" value=\"Si\" \/><span class=\"wpcf7-list-item-label\">Si<\/span><\/span><\/span><\/span> - Sono interessato al pacchetto di mezza pensione\n\t\t\t<\/p>\n\t\t<\/td>\n\t<\/tr>\n\t<tr>\n\t\t<td colspan=\"2\">\n\t\t\t<p><span class=\"wpcf7-form-control-wrap\" data-name=\"checkbox-car-rental\"><span class=\"wpcf7-form-control wpcf7-checkbox\"><span class=\"wpcf7-list-item first last\"><input type=\"checkbox\" name=\"checkbox-car-rental[]\" value=\"Si\" \/><span class=\"wpcf7-list-item-label\">Si<\/span><\/span><\/span><\/span> - Sono interessato a Noleggio auto\n\t\t\t<\/p>\n\t\t<\/td>\n\t<\/tr>\n\t<tr>\n\t\t<td colspan=\"2\">\n\t\t\t<p>Commento<br \/>\n<span class=\"wpcf7-form-control-wrap\" data-name=\"your-message\"><textarea cols=\"40\" rows=\"10\" maxlength=\"2000\" class=\"wpcf7-form-control wpcf7-textarea\" aria-invalid=\"false\" name=\"your-message\"><\/textarea><\/span>\n\t\t\t<\/p>\n\t\t<\/td>\n\t<\/tr>\n\t<tr>\n\t\t<td colspan=\"2\">\n\t\t\t<p><span class=\"wpcf7-form-control-wrap\" data-name=\"hr-terms\"><span class=\"wpcf7-form-control wpcf7-checkbox wpcf7-validates-as-required\"><span class=\"wpcf7-list-item first last\"><input type=\"checkbox\" name=\"hr-terms[]\" value=\"Si\" \/><span class=\"wpcf7-list-item-label\">Si<\/span><\/span><\/span><\/span><a id=\"toggle\" href=\"javascript:();\">Ho letto e compreso i termini e le condizioni.<\/a>\n\t\t\t<\/p>\n\t\t\t<div id=\"showTerms\">\n\t\t\t\t<h3>Termini e condizioni\n\t\t\t\t<\/h3>\n\t\t\t\t<ol>\n\t\t\t\t\t<li>\n\t\t\t\t\t\t<p>Gli impiegati e gli affiliati a Heritage Resorts non hanno diritto a usufruire di questa promozione.\n\t\t\t\t\t\t<\/p>\n\t\t\t\t\t<\/li>\n\t\t\t\t\t<li>\n\t\t\t\t\t\t<p>I partecipanti devono essere di et\u00e0 compresa fra i 30 e i 60 anni, essere sposati o aver coabitato come coppia per almeno 3 anni.\n\t\t\t\t\t\t<\/p>\n\t\t\t\t\t<\/li>\n\t\t\t\t\t<li>\n\t\t\t\t\t\t<p>I partecipanti devono essere attivi e remunerati professionalmente.\n\t\t\t\t\t\t<\/p>\n\t\t\t\t\t<\/li>\n\t\t\t\t\t<li>\n\t\t\t\t\t\t<p>Il numero massimo di occupanti per la sistemazione \u00e8 di 4 persone (incl. bambini).\n\t\t\t\t\t\t<\/p>\n\t\t\t\t\t<\/li>\n\t\t\t\t\t<li>\n\t\t\t\t\t\t<p>Il periodo di una settimana di sistemazione si intende da un sabato all\u2019altro, poich\u00e9 il sabato \u00e8 tradizionalmente il giorno di arrivo\/partenza dei villaggi. C\u2019\u00e8 anche un numero limitato di appartamenti disponibili da venerd\u00ec a venerd\u00ec.\n\t\t\t\t\t\t<\/p>\n\t\t\t\t\t<\/li>\n\t\t\t\t\t<li>\n\t\t\t\t\t\t<p>All\u2019arrivo \u00e8 richiesta una conferma scritta.\n\t\t\t\t\t\t<\/p>\n\t\t\t\t\t<\/li>\n\t\t\t\t\t<li>\n\t\t\t\t\t\t<p>Il costo preciso di questa offerta molto vantaggiosa sar\u00e0 determinato da Heritage Resorts alla ricezione del modulo di richiesta e dipende dal periodo dell\u2019anno e dalle dimensioni dell\u2019appartamento. Verr\u00e0 applicato un deposito rimborsabile di 120 \u20ac, in conformit\u00e0 alle clausole 14 e 15 dei presenti termini e condizioni.\n\t\t\t\t\t\t<\/p>\n\t\t\t\t\t<\/li>\n\t\t\t\t\t<li>\n\t\t\t\t\t\t<p>Durante il soggiorno in uno dei villaggi il partecipante dovr\u00e0 essere al corrente del fatto che la condizione per la tariffa speciale di sistemazione prevede la partecipazione a una presentazione di vendita di almeno 90 minuti. Non c\u00b4\u00e8 alcun obbligo all\u2019acquisto.\n\t\t\t\t\t\t<\/p>\n\t\t\t\t\t<\/li>\n\t\t\t\t\t<li>\n\t\t\t\t\t\t<p>La presentazione a cui si fa riferimento nella clausola 8 dev\u00b4essere accettata da entrambe le parti di cui alla clausola 2.\n\t\t\t\t\t\t<\/p>\n\t\t\t\t\t<\/li>\n\t\t\t\t\t<li>\n\t\t\t\t\t\t<p>I partecipanti sono al corrente del fatto che tutti i costi di trasporto e relative spese di viaggio verso e dal villaggio, con qualsiasi mezzo di trasporto, saranno a loro carico. Tutte le altre spese, come cibi e bevande, ecc., non sono comprese in questa offerta.\n\t\t\t\t\t\t<\/p>\n\t\t\t\t\t<\/li>\n\t\t\t\t\t<li>\n\t\t\t\t\t\t<p>La persona responsabile del viaggio e tutti i passeggeri di accompagnamento devono essere in possesso di passaporti validi.\n\t\t\t\t\t\t<\/p>\n\t\t\t\t\t<\/li>\n\t\t\t\t\t<li>\n\t\t\t\t\t\t<p>Heritage Resorts si riserva il diritto di fornire sistemazione in luoghi diversi dall\u2019Heritage Resort.\n\t\t\t\t\t\t<\/p>\n\t\t\t\t\t<\/li>\n\t\t\t\t\t<li>\n\t\t\t\t\t\t<p>I dettagli di volo (numero di volo, compagnia aerea e data\/ora di arrivo) devono essere forniti almeno 4 settimane prima dell\u2019arrivo.\n\t\t\t\t\t\t<\/p>\n\t\t\t\t\t<\/li>\n\t\t\t\t\t<li>\n\t\t\t\t\t\t<p>I richiedenti concordano di ritenersi responsabili per i mobili, gli arredi e le strutture dell\u2019appartamento fornito da Heritage Resorts come sistemazione per la durata della loro visita.\n\t\t\t\t\t\t<\/p>\n\t\t\t\t\t<\/li>\n\t\t\t\t\t<li>\n\t\t\t\t\t\t<p>All\u2019atto della compilazione del modulo di richiesta, i partecipanti riconoscono di aver letto attentamente e compreso i presenti termini e condizioni e si dichiarano soggetti a essi senza limitazioni temporali, tenendo presente che in caso di violazione dovranno rinunciare al rimborso della somma di 120 \u20ac depositata.\n\t\t\t\t\t\t<\/p>\n\t\t\t\t\t<\/li>\n\t\t\t\t<\/ol>\n\t\t\t<\/div>\n\t\t<\/td>\n\t<\/tr>\n\t<tr>\n\t\t<td colspan=\"2\">\n\t\t<\/td>\n\t<\/tr>\n\t<tr>\n\t\t<td>\n\t\t<\/td>\n\t\t<td>\n\t\t\t<p><input class=\"wpcf7-form-control wpcf7-submit has-spinner\" type=\"submit\" value=\"Trasmetta\" \/>\n\t\t\t<\/p>\n\t\t<\/td>\n\t<\/tr>\n<\/table><p style=\"display: none !important;\" class=\"akismet-fields-container\" data-prefix=\"_wpcf7_ak_\"><label>&#916;<textarea name=\"_wpcf7_ak_hp_textarea\" cols=\"45\" rows=\"8\" maxlength=\"100\"><\/textarea><\/label><input type=\"hidden\" id=\"ak_js_3\" name=\"_wpcf7_ak_js\" value=\"138\"\/><script>document.getElementById( \"ak_js_3\" ).setAttribute( \"value\", ( new Date() ).getTime() );<\/script><\/p><div class=\"wpcf7-response-output\" aria-hidden=\"true\"><\/div>\n<\/form>\n<\/div>\n<\/p>","protected":false},"excerpt":{"rendered":"<p>Ecco una grande opportunit\u00e0, per voi e per la vostra famiglia, di passare una fantastica vacanza in Spagna a un prezzo davvero incredibile! Heritage Resorts and Hotels sono lieti di offrirvi la possibilit\u00e0 di usufruire di un soggiorno di una<span class=\"ellipsis\">&hellip;<\/span><\/p>\n<div class=\"read-more\"><a href=\"https:\/\/www.heritageresorts.com\/it\/contact-us\/become-a-member\">Read more &#8250;<\/a><\/div>\n<p><!-- end of .read-more --><\/p>\n","protected":false},"author":1,"featured_media":0,"parent":36,"menu_order":0,"comment_status":"closed","ping_status":"closed","template":"","meta":{"footnotes":""},"class_list":["post-474","page","type-page","status-publish","hentry"],"_links":{"self":[{"href":"https:\/\/www.heritageresorts.com\/it\/wp-json\/wp\/v2\/pages\/474","targetHints":{"allow":["GET"]}}],"collection":[{"href":"https:\/\/www.heritageresorts.com\/it\/wp-json\/wp\/v2\/pages"}],"about":[{"href":"https:\/\/www.heritageresorts.com\/it\/wp-json\/wp\/v2\/types\/page"}],"author":[{"embeddable":true,"href":"https:\/\/www.heritageresorts.com\/it\/wp-json\/wp\/v2\/users\/1"}],"replies":[{"embeddable":true,"href":"https:\/\/www.heritageresorts.com\/it\/wp-json\/wp\/v2\/comments?post=474"}],"version-history":[{"count":0,"href":"https:\/\/www.heritageresorts.com\/it\/wp-json\/wp\/v2\/pages\/474\/revisions"}],"up":[{"embeddable":true,"href":"https:\/\/www.heritageresorts.com\/it\/wp-json\/wp\/v2\/pages\/36"}],"wp:attachment":[{"href":"https:\/\/www.heritageresorts.com\/it\/wp-json\/wp\/v2\/media?parent=474"}],"curies":[{"name":"wp","href":"https:\/\/api.w.org\/{rel}","templated":true}]}}