{"id":360,"date":"2018-11-21T11:26:40","date_gmt":"2018-11-21T09:26:40","guid":{"rendered":"http:\/\/www.heritageresorts.com\/2020\/?page_id=360"},"modified":"2019-04-03T13:37:17","modified_gmt":"2019-04-03T11:37:17","slug":"ambassador-club","status":"publish","type":"page","link":"https:\/\/www.heritageresorts.com\/it\/members\/ambassador-club","title":{"rendered":"Iscritto programma Referral"},"content":{"rendered":"<p><\/p>\n<h3>Nuovo! The Heritage Club Ambassador<\/h3>\n<p><strong><img loading=\"lazy\" decoding=\"async\" src=\"https:\/\/www.heritageresorts.com\/wp-content\/uploads\/2019\/03\/intro-member.jpg\" alt=\"\" width=\"300\" height=\"221\" class=\"alignright size-full wp-image-618\" \/>In esclusiva per i soci del Club Heritage International.<\/strong><\/p>\n<p>Introdurre i tuoi amici a Heritage Resorts &#8211; i vostri amici, Heritage vi ringrazier\u00e0!<\/p>\n<p>La maggior parte dei nostri nuovi membri unirsi a noi attraverso un rinvio, che ci d\u00e0 una grande soddisfazione sapere che i nostri membri sono cos\u00ec soddisfatti con i nostri prodotti e servizi che sono felici di presentare i loro amici a noi! Queste introduzioni sono i benvenuti soprattutto se abbiamo la forza della testimonianza da dietro di noi.<\/p>\n<p>Come potrete vedere non vi \u00e8 la possibilit\u00e0 per voi e, in ultima analisi, i vostri amici per guadagnare qualche reddito reale! Si potrebbe utilizzare questo denaro extra per compensare la tua tasse di manutenzione; pagare per i voli, usare come moneta vacanza di spesa; il reddito \u00e8 tua da utilizzare come si desidera. I vostri amici vi ringrazio per la loro introduzione in una vita di vacanze super e anche per essere in grado di integrare il loro reddito anche.<\/p>\n<h3>Ecco come il Club Ambassador funziona:<\/h3>\n<p>TU &#8211; (il membro) Con l&#8217;introduzione di un amico di Heritage Resorts, in occasione dell&#8217;acquisto di adesione da noi, saremo lieti di darvi \u00a3 500! Si continuer\u00e0 a ricevere \u20a4 500 per ogni acquisto di nuova introduzione ed \u00e8 possibile introdurre come molti come si desidera!<\/p>\n<p>Questo premio vale per ogni amico che introdurre e che acquista &#8211; il vostro reddito \u00e8 senza limiti!<\/p>\n<p>I vostri amici saranno felici di avere l&#8217;opportunit\u00e0 di guadagnare soldi extra da questa loro appartenenza anche!<\/p>\n<p>TUOI AMICI POTRANNO VEDERE PER SE STESSI!<\/p>\n<p>Saremo lieti di offrire ai vostri amici Un VACANZE GRATIS SETTIMANE in una localit\u00e0 HERITAGE PER VEDERE GRANDE VACANZA I BENEFICI LORO ADESIONE. (Si prega di vedere i dettagli di qualificazione di seguito.)<\/p>\n<p>*INFORMAZIONE: Saremo lieti di offrire ai vostri amici Un ALLOGGIO GRATUITO SETTIMANE in una localit\u00e0 HERITAGE PER VEDERE GRANDE VACANZA I BENEFICI La loro adesione FORNIRANNO!! (Si prega di vedere i dettagli di qualificazione di seguito)<\/p>\n<p>*INFORMAZIONE: Questo schema sostituisce tutte le precedenti offerte di riferimento. Per voi per beneficiare di questo regime, il vostro referral devono acquistare un minimo di un insieme dei membri di una camera piena. Tutte le offerte saranno soggette a disponibilit\u00e0.<\/p>\n<h3>ECCO COSA FARE:<\/h3>\n<p>Assicuratevi che i vostri amici \/ parenti soddisfare i nostri requisiti di base per l&#8217;offerta di alloggio gratuito settimane:<\/p>\n<ol>\n<li>L&#8217;offerta \u00e8 valida per le coppie ei loro figli che sono sposati o sono stati insieme per un minimo di 3 anni.<\/li>\n<li>Ci sar\u00e0 una presentazione di 90 minuti per i Beni Resorts durante il loro soggiorno-<\/li>\n<li>Vi \u00e8 una commissione amministrativa di \u20ac100.<\/li>\n<\/ol>\n<p>Il nostro team di marketing si metter\u00e0 in contatto i tuoi amici \/ parenti per organizzare un alloggio adeguato e di date.<\/p>\n<p><strong>Questo \u00e8 tutto ci\u00f2 che c&#8217;\u00e8 da fare, faremo il resto.<\/strong><\/p>\n<p>Si prega di fornire quante pi\u00f9 informazioni possibile al fine di uno dei nostri staff di rispondere il pi\u00f9 rapidamente possibile.<\/p>\n<p>\n<div class=\"wpcf7 no-js\" id=\"wpcf7-f669-o3\" lang=\"en-US\" dir=\"ltr\" data-wpcf7-id=\"669\">\n<div class=\"screen-reader-response\"><p role=\"status\" aria-live=\"polite\" aria-atomic=\"true\"><\/p> <ul><\/ul><\/div>\n<form action=\"\/it\/wp-json\/wp\/v2\/pages\/360#wpcf7-f669-o3\" method=\"post\" class=\"wpcf7-form init\" aria-label=\"Contact form\" novalidate=\"novalidate\" data-status=\"init\">\n<fieldset class=\"hidden-fields-container\"><input type=\"hidden\" name=\"_wpcf7\" value=\"669\" \/><input type=\"hidden\" name=\"_wpcf7_version\" value=\"6.1.5\" \/><input type=\"hidden\" name=\"_wpcf7_locale\" value=\"en_US\" \/><input type=\"hidden\" name=\"_wpcf7_unit_tag\" value=\"wpcf7-f669-o3\" \/><input type=\"hidden\" name=\"_wpcf7_container_post\" value=\"0\" \/><input type=\"hidden\" name=\"_wpcf7_posted_data_hash\" value=\"\" \/><input type=\"hidden\" name=\"_wpcf7_recaptcha_response\" value=\"\" \/>\n<\/fieldset>\n<table>\n\t<tr>\n\t\t<td colspan=\"2\">\n\t\t\t<h3>La tua iscrizione dettagli\n\t\t\t<\/h3>\n\t\t<\/td>\n\t<\/tr>\n\t<tr>\n\t\t<td>\n\t\t\t<p>Nome <span class=\"required\">*<\/span><br \/>\n<span class=\"wpcf7-form-control-wrap\" data-name=\"your-name\"><input size=\"40\" maxlength=\"400\" class=\"wpcf7-form-control wpcf7-text wpcf7-validates-as-required\" aria-required=\"true\" aria-invalid=\"false\" value=\"\" type=\"text\" name=\"your-name\" \/><\/span>\n\t\t\t<\/p>\n\t\t<\/td>\n\t\t<td>\n\t\t\t<p>Cognome <span class=\"required\">*<\/span><br \/>\n<span class=\"wpcf7-form-control-wrap\" data-name=\"your-surname\"><input size=\"40\" maxlength=\"400\" class=\"wpcf7-form-control wpcf7-text wpcf7-validates-as-required\" aria-required=\"true\" aria-invalid=\"false\" value=\"\" type=\"text\" name=\"your-surname\" \/><\/span>\n\t\t\t<\/p>\n\t\t<\/td>\n\t<\/tr>\n\t<tr>\n\t\t<td>\n\t\t\t<p>Numero di contratto <span class=\"required\">*<\/span><br \/>\n<span class=\"wpcf7-form-control-wrap\" data-name=\"your-contract\"><input size=\"40\" maxlength=\"400\" class=\"wpcf7-form-control wpcf7-text wpcf7-validates-as-required\" aria-required=\"true\" aria-invalid=\"false\" value=\"\" type=\"text\" name=\"your-contract\" \/><\/span>\n\t\t\t<\/p>\n\t\t<\/td>\n\t\t<td>\n\t\t\t<p>Telefono \/ Cellulare <span class=\"required\">*<\/span><br \/>\n<span class=\"wpcf7-form-control-wrap\" data-name=\"your-phone\"><input size=\"40\" maxlength=\"400\" class=\"wpcf7-form-control wpcf7-text wpcf7-validates-as-required\" aria-required=\"true\" aria-invalid=\"false\" value=\"\" type=\"text\" name=\"your-phone\" \/><\/span>\n\t\t\t<\/p>\n\t\t<\/td>\n\t<\/tr>\n\t<tr>\n\t\t<td colspan=\"2\">\n\t\t\t<p>E-mail <span class=\"required\">*<\/span><br \/>\n<span class=\"wpcf7-form-control-wrap\" data-name=\"your-email\"><input size=\"40\" maxlength=\"400\" class=\"wpcf7-form-control wpcf7-email wpcf7-validates-as-required wpcf7-text wpcf7-validates-as-email\" aria-required=\"true\" aria-invalid=\"false\" value=\"\" type=\"email\" name=\"your-email\" \/><\/span>\n\t\t\t<\/p>\n\t\t<\/td>\n\t<\/tr>\n\t<tr>\n\t\t<td colspan=\"2\">\n\t\t\t<h3>Dettagli di contatto per la prima coppia\n\t\t\t<\/h3>\n\t\t<\/td>\n\t<\/tr>\n\t<tr>\n\t\t<td>\n\t\t\t<p>Il tuo nome <span class=\"required\">*<\/span><br \/>\n<span class=\"wpcf7-form-control-wrap\" data-name=\"ref1-name\"><input size=\"40\" maxlength=\"400\" class=\"wpcf7-form-control wpcf7-text wpcf7-validates-as-required\" aria-required=\"true\" aria-invalid=\"false\" value=\"\" type=\"text\" name=\"ref1-name\" \/><\/span>\n\t\t\t<\/p>\n\t\t<\/td>\n\t\t<td>\n\t\t\t<p>Cittadinanza <span class=\"required\">*<\/span><br \/>\n<span class=\"wpcf7-form-control-wrap\" data-name=\"ref1-country\"><input size=\"40\" maxlength=\"400\" class=\"wpcf7-form-control wpcf7-text wpcf7-validates-as-required\" aria-required=\"true\" aria-invalid=\"false\" value=\"\" type=\"text\" name=\"ref1-country\" \/><\/span>\n\t\t\t<\/p>\n\t\t<\/td>\n\t<\/tr>\n\t<tr>\n\t\t<td>\n\t\t\t<p>Telefono \/ Cellulare <span class=\"required\">*<\/span><br \/>\n<span class=\"wpcf7-form-control-wrap\" data-name=\"ref1-phone\"><input size=\"40\" maxlength=\"400\" class=\"wpcf7-form-control wpcf7-text wpcf7-validates-as-required\" aria-required=\"true\" aria-invalid=\"false\" value=\"\" type=\"text\" name=\"ref1-phone\" \/><\/span>\n\t\t\t<\/p>\n\t\t<\/td>\n\t\t<td>\n\t\t\t<p>E-mail <span class=\"required\">*<\/span><br \/>\n<span class=\"wpcf7-form-control-wrap\" data-name=\"ref1-email\"><input size=\"40\" maxlength=\"400\" class=\"wpcf7-form-control wpcf7-email wpcf7-validates-as-required wpcf7-text wpcf7-validates-as-email\" aria-required=\"true\" aria-invalid=\"false\" value=\"\" type=\"email\" name=\"ref1-email\" \/><\/span>\n\t\t\t<\/p>\n\t\t<\/td>\n\t<\/tr>\n\t<tr>\n\t\t<td colspan=\"2\">\n\t\t\t<h3>Contatti per la coppia 2\u00b0 (opzionale)\n\t\t\t<\/h3>\n\t\t<\/td>\n\t<\/tr>\n\t<tr>\n\t\t<td>\n\t\t\t<p>Il tuo nome<br \/>\n<span class=\"wpcf7-form-control-wrap\" data-name=\"ref2-name\"><input size=\"40\" maxlength=\"400\" class=\"wpcf7-form-control wpcf7-text\" aria-invalid=\"false\" value=\"\" type=\"text\" name=\"ref2-name\" \/><\/span>\n\t\t\t<\/p>\n\t\t<\/td>\n\t\t<td>\n\t\t\t<p>Cittadinanza<br \/>\n<span class=\"wpcf7-form-control-wrap\" data-name=\"ref2-country\"><input size=\"40\" maxlength=\"400\" class=\"wpcf7-form-control wpcf7-text\" aria-invalid=\"false\" value=\"\" type=\"text\" name=\"ref2-country\" \/><\/span>\n\t\t\t<\/p>\n\t\t<\/td>\n\t<\/tr>\n\t<tr>\n\t\t<td>\n\t\t\t<p>Telefono \/ Cellulare<br \/>\n<span class=\"wpcf7-form-control-wrap\" data-name=\"ref2-phone\"><input size=\"40\" maxlength=\"400\" class=\"wpcf7-form-control wpcf7-text\" aria-invalid=\"false\" value=\"\" type=\"text\" name=\"ref2-phone\" \/><\/span>\n\t\t\t<\/p>\n\t\t<\/td>\n\t\t<td>\n\t\t\t<p>E-mail<br \/>\n<span class=\"wpcf7-form-control-wrap\" data-name=\"ref2-email\"><input size=\"40\" maxlength=\"400\" class=\"wpcf7-form-control wpcf7-email wpcf7-text wpcf7-validates-as-email\" aria-invalid=\"false\" value=\"\" type=\"email\" name=\"ref2-email\" \/><\/span>\n\t\t\t<\/p>\n\t\t<\/td>\n\t<\/tr>\n\t<tr>\n\t\t<td colspan=\"2\">\n\t\t\t<h3>Contatti per la coppia 3\u00b0 (opzionale)\n\t\t\t<\/h3>\n\t\t<\/td>\n\t<\/tr>\n\t<tr>\n\t\t<td>\n\t\t\t<p>Il tuo nome<br \/>\n<span class=\"wpcf7-form-control-wrap\" data-name=\"ref3-name\"><input size=\"40\" maxlength=\"400\" class=\"wpcf7-form-control wpcf7-text\" aria-invalid=\"false\" value=\"\" type=\"text\" name=\"ref3-name\" \/><\/span>\n\t\t\t<\/p>\n\t\t<\/td>\n\t\t<td>\n\t\t\t<p>Cittadinanza<br \/>\n<span class=\"wpcf7-form-control-wrap\" data-name=\"ref3-country\"><input size=\"40\" maxlength=\"400\" class=\"wpcf7-form-control wpcf7-text\" aria-invalid=\"false\" value=\"\" type=\"text\" name=\"ref3-country\" \/><\/span>\n\t\t\t<\/p>\n\t\t<\/td>\n\t<\/tr>\n\t<tr>\n\t\t<td>\n\t\t\t<p>Telefono \/ Cellulare<br \/>\n<span class=\"wpcf7-form-control-wrap\" data-name=\"ref3-phone\"><input size=\"40\" maxlength=\"400\" class=\"wpcf7-form-control wpcf7-text\" aria-invalid=\"false\" value=\"\" type=\"text\" name=\"ref3-phone\" \/><\/span>\n\t\t\t<\/p>\n\t\t<\/td>\n\t\t<td>\n\t\t\t<p>E-mail<br \/>\n<span class=\"wpcf7-form-control-wrap\" data-name=\"ref3-email\"><input size=\"40\" maxlength=\"400\" class=\"wpcf7-form-control wpcf7-email wpcf7-text wpcf7-validates-as-email\" aria-invalid=\"false\" value=\"\" type=\"email\" name=\"ref3-email\" \/><\/span>\n\t\t\t<\/p>\n\t\t<\/td>\n\t<\/tr>\n\t<tr>\n\t\t<td colspan=\"2\">\n\t\t<\/td>\n\t<\/tr>\n\t<tr>\n\t\t<td>\n\t\t\t<p>&nbsp;\n\t\t\t<\/p>\n\t\t<\/td>\n\t\t<td>\n\t\t\t<p><input class=\"wpcf7-form-control wpcf7-submit has-spinner\" type=\"submit\" value=\"Trasmetta\" \/>\n\t\t\t<\/p>\n\t\t<\/td>\n\t<\/tr>\n<\/table><p style=\"display: none !important;\" class=\"akismet-fields-container\" data-prefix=\"_wpcf7_ak_\"><label>&#916;<textarea name=\"_wpcf7_ak_hp_textarea\" cols=\"45\" rows=\"8\" maxlength=\"100\"><\/textarea><\/label><input type=\"hidden\" id=\"ak_js_3\" name=\"_wpcf7_ak_js\" value=\"189\"\/><script>document.getElementById( \"ak_js_3\" ).setAttribute( \"value\", ( new Date() ).getTime() );<\/script><\/p><div class=\"wpcf7-response-output\" aria-hidden=\"true\"><\/div>\n<\/form>\n<\/div>\n<\/p>","protected":false},"excerpt":{"rendered":"<p>Nuovo! The Heritage Club Ambassador In esclusiva per i soci del Club Heritage International. Introdurre i tuoi amici a Heritage Resorts &#8211; i vostri amici, Heritage vi ringrazier\u00e0! La maggior parte dei nostri nuovi membri unirsi a noi attraverso un<span class=\"ellipsis\">&hellip;<\/span><\/p>\n<div class=\"read-more\"><a href=\"https:\/\/www.heritageresorts.com\/it\/members\/ambassador-club\">Read more &#8250;<\/a><\/div>\n<p><!-- end of .read-more --><\/p>\n","protected":false},"author":1,"featured_media":0,"parent":343,"menu_order":0,"comment_status":"closed","ping_status":"closed","template":"","meta":{"footnotes":""},"class_list":["post-360","page","type-page","status-publish","hentry"],"_links":{"self":[{"href":"https:\/\/www.heritageresorts.com\/it\/wp-json\/wp\/v2\/pages\/360","targetHints":{"allow":["GET"]}}],"collection":[{"href":"https:\/\/www.heritageresorts.com\/it\/wp-json\/wp\/v2\/pages"}],"about":[{"href":"https:\/\/www.heritageresorts.com\/it\/wp-json\/wp\/v2\/types\/page"}],"author":[{"embeddable":true,"href":"https:\/\/www.heritageresorts.com\/it\/wp-json\/wp\/v2\/users\/1"}],"replies":[{"embeddable":true,"href":"https:\/\/www.heritageresorts.com\/it\/wp-json\/wp\/v2\/comments?post=360"}],"version-history":[{"count":0,"href":"https:\/\/www.heritageresorts.com\/it\/wp-json\/wp\/v2\/pages\/360\/revisions"}],"up":[{"embeddable":true,"href":"https:\/\/www.heritageresorts.com\/it\/wp-json\/wp\/v2\/pages\/343"}],"wp:attachment":[{"href":"https:\/\/www.heritageresorts.com\/it\/wp-json\/wp\/v2\/media?parent=360"}],"curies":[{"name":"wp","href":"https:\/\/api.w.org\/{rel}","templated":true}]}}