{"id":347,"date":"2018-11-21T10:55:01","date_gmt":"2018-11-21T08:55:01","guid":{"rendered":"http:\/\/www.heritageresorts.com\/2020\/?page_id=347"},"modified":"2019-03-21T15:30:43","modified_gmt":"2019-03-21T13:30:43","slug":"pre-arrival-information","status":"publish","type":"page","link":"https:\/\/www.heritageresorts.com\/it\/members\/pre-arrival-information","title":{"rendered":"Informazione previa all&#8217;arrivo"},"content":{"rendered":"<p><img loading=\"lazy\" decoding=\"async\" src=\"https:\/\/www.heritageresorts.com\/wp-content\/uploads\/2019\/03\/heritage-welcome.jpg\" alt=\"\" width=\"620\" height=\"236\" class=\"alignnone size-full wp-image-532\" srcset=\"https:\/\/www.heritageresorts.com\/wp-content\/uploads\/2019\/03\/heritage-welcome.jpg 620w, https:\/\/www.heritageresorts.com\/wp-content\/uploads\/2019\/03\/heritage-welcome-600x228.jpg 600w\" sizes=\"auto, (max-width: 620px) 100vw, 620px\" \/><\/p>\n<h3>Per cortes\u00eda, continuare scegliendo una delle opzioni gi\u00fa:<\/h3>\n<p><a href=\".\/pre-arrival-information\/owner-stay\" class=\"info-box\" style=\"background:#cdcdcd;line-height:36px;\">User\u00f3 la mia settimana di vacanze nei vostri residences<\/a><\/p>\n<p><a href=\".\/pre-arrival-information\/spacebanking\/\" class=\"info-box\" style=\"background:#dcdcdc;line-height:36px;\">Depositer\u00f3 la mia settimana di vacanze in RCI quest&#8217;anno<\/a><\/p>\n<p><a href=\".\/pre-arrival-information\/friend-stay\/\" class=\"info-box\" style=\"background:#dedede;line-height:36px;\">Ho autorizzato altre persone di usare la mia settimana quest&#8217;anno<\/a><\/p>\n<p><a href=\".\/pre-arrival-information\/rci\/\" class=\"info-box\" style=\"background:#ededed;line-height:36px;\">Verr\u00f3 con una settimana di scambio con RCI<\/a><\/p>","protected":false},"excerpt":{"rendered":"<p>Per cortes\u00eda, continuare scegliendo una delle opzioni gi\u00fa: User\u00f3 la mia settimana di vacanze nei vostri residences Depositer\u00f3 la mia settimana di vacanze in RCI quest&#8217;anno Ho autorizzato altre persone di usare la mia settimana quest&#8217;anno Verr\u00f3 con una settimana<span class=\"ellipsis\">&hellip;<\/span><\/p>\n<div class=\"read-more\"><a href=\"https:\/\/www.heritageresorts.com\/it\/members\/pre-arrival-information\">Read more &#8250;<\/a><\/div>\n<p><!-- end of .read-more --><\/p>\n","protected":false},"author":1,"featured_media":0,"parent":343,"menu_order":0,"comment_status":"closed","ping_status":"closed","template":"","meta":{"footnotes":""},"class_list":["post-347","page","type-page","status-publish","hentry"],"_links":{"self":[{"href":"https:\/\/www.heritageresorts.com\/it\/wp-json\/wp\/v2\/pages\/347","targetHints":{"allow":["GET"]}}],"collection":[{"href":"https:\/\/www.heritageresorts.com\/it\/wp-json\/wp\/v2\/pages"}],"about":[{"href":"https:\/\/www.heritageresorts.com\/it\/wp-json\/wp\/v2\/types\/page"}],"author":[{"embeddable":true,"href":"https:\/\/www.heritageresorts.com\/it\/wp-json\/wp\/v2\/users\/1"}],"replies":[{"embeddable":true,"href":"https:\/\/www.heritageresorts.com\/it\/wp-json\/wp\/v2\/comments?post=347"}],"version-history":[{"count":0,"href":"https:\/\/www.heritageresorts.com\/it\/wp-json\/wp\/v2\/pages\/347\/revisions"}],"up":[{"embeddable":true,"href":"https:\/\/www.heritageresorts.com\/it\/wp-json\/wp\/v2\/pages\/343"}],"wp:attachment":[{"href":"https:\/\/www.heritageresorts.com\/it\/wp-json\/wp\/v2\/media?parent=347"}],"curies":[{"name":"wp","href":"https:\/\/api.w.org\/{rel}","templated":true}]}}