{"id":22,"date":"2014-02-03T13:18:48","date_gmt":"2014-02-03T11:18:48","guid":{"rendered":"http:\/\/heritageresorts.com\/2014\/?page_id=22"},"modified":"2022-12-09T12:32:13","modified_gmt":"2022-12-09T11:32:13","slug":"heritage-restaurants","status":"publish","type":"page","link":"https:\/\/www.heritageresorts.com\/it\/heritage-restaurants","title":{"rendered":"Os nossos restaurantes"},"content":{"rendered":"<p><img loading=\"lazy\" decoding=\"async\" src=\"https:\/\/www.heritageresorts.com\/wp-content\/uploads\/2018\/12\/hr_restaurants.jpg\" alt=\"\" width=\"1000\" height=\"500\" class=\"aligncenter size-full wp-image-411\" srcset=\"https:\/\/www.heritageresorts.com\/wp-content\/uploads\/2018\/12\/hr_restaurants.jpg 1000w, https:\/\/www.heritageresorts.com\/wp-content\/uploads\/2018\/12\/hr_restaurants-600x300.jpg 600w, https:\/\/www.heritageresorts.com\/wp-content\/uploads\/2018\/12\/hr_restaurants-768x384.jpg 768w\" sizes=\"auto, (max-width: 1000px) 100vw, 1000px\" \/><\/p>\n<h3>Os nossos restaurantes espanh\u00f3is<\/h3>\n<p>A experi\u00eancia de criar resorts de f\u00e9rias de alta qualidade permitiu ao Heritage acrescentar uma soberba selec\u00e7\u00e3o de restaurantes que preenchem os requisitos de todos os nossos clientes e crian\u00e7as. Os menus internacionais para todos os gostos e o programa de anima\u00e7\u00e3o semanal completam uma perfeita combina\u00e7\u00e3o.<\/p>\n<table>\n<tr>\n<td style=\"width:34%;\">\n<p style=\"text-align:center;\"><a style=\"text-decoration:none;\" href=\".\/heritage-restaurants\/le-papillon\/\"><img decoding=\"async\" src=\"https:\/\/www.heritageresorts.com\/graphics\/logos\/lepapillon.gif\" alt=\"Restaurante Le Papillon\" border=\"0\"><br \/>Restaurante Le Papillon<\/a><\/p>\n<\/td>\n<td style=\"width:33%;\">\n<p style=\"text-align:center;\"><a style=\"text-decoration:none;display:none;\" href=\".\/heritage-restaurants\/robertos\/\"><img decoding=\"async\" src=\"https:\/\/www.heritageresorts.com\/graphics\/logos\/robertos.gif\" alt=\"Roberto's at Club Playa Real\" border=\"0\"><br \/>Roberto&#8217;s at Club Playa Real<\/a><\/p>\n<\/td>\n<td style=\"width:34%;\">\n<p style=\"text-align:center;\"><a style=\"text-decoration:none;display:none;\" href=\".\/heritage-restaurants\/matchroom-country-club\/\"><img decoding=\"async\" src=\"https:\/\/www.heritageresorts.com\/graphics\/logos\/matchroomcc.gif\" alt=\"Matchroom Country Club\" border=\"0\"><br \/>Matchroom Country Club<\/a><\/p>\n<\/td>\n<\/tr>\n<\/table>\n<h3>Os nossos restaurantes ingleses<\/h3>\n<p>Os hot\u00e9i Heritage em Inglaterra s\u00e3o conhecidos pela sua localiza\u00e7\u00e3o, conforto e estilo. Os fins de semana tem\u00e1ticos s\u00e3o anunciados nos \u201cmenus&#8221;. Por favor, visite o p\u00e1gina web para informa\u00e7\u00e3o mais actualizada (<a href=\"http:\/\/www.whitewater-hotel.co.uk\" rel=\"noopener noreferrer\" target=\"_blank\">Whitewater<\/a>).<\/p>\n<table width=\"100%\" cellspacing=\"0\" cellpadding=\"0\" border=\"0\">\n<tbody>\n<tr>\n<td style=\"width:50%;\">\n<p style=\"text-align:center;\"><a style=\"text-decoration:none;\" href=\".\/heritage-restaurants\/the-riverside-restaurant\/\"><img decoding=\"async\" src=\"https:\/\/www.heritageresorts.com\/graphics\/logos\/whh.gif\" alt=\"The Riverside Restaurant\" border=\"0\"><br \/>The Riverside Restaurant<\/a><\/p>\n<\/td>\n<td style=\"width:50%;\">\n<p style=\"text-align:center;\"><a style=\"text-decoration:none;\" href=\".\/heritage-restaurants\/the-dolly-blue-bar-grill\/\"><img decoding=\"async\" src=\"https:\/\/www.heritageresorts.com\/graphics\/logos\/whd.gif\" alt=\"The Dolly Blue Bar\" border=\"0\"><br \/>The Dolly Blue Bar<\/a><\/p>\n<\/td>\n<\/tr>\n<\/tbody>\n<\/table>\n<p><\/p>","protected":false},"excerpt":{"rendered":"<p>Os nossos restaurantes espanh\u00f3is A experi\u00eancia de criar resorts de f\u00e9rias de alta qualidade permitiu ao Heritage acrescentar uma soberba selec\u00e7\u00e3o de restaurantes que preenchem os requisitos de todos os nossos clientes e crian\u00e7as. Os menus internacionais para todos os<span class=\"ellipsis\">&hellip;<\/span><\/p>\n<div class=\"read-more\"><a href=\"https:\/\/www.heritageresorts.com\/it\/heritage-restaurants\">Read more &#8250;<\/a><\/div>\n<p><!-- end of .read-more --><\/p>\n","protected":false},"author":1,"featured_media":0,"parent":0,"menu_order":3,"comment_status":"closed","ping_status":"open","template":"","meta":{"footnotes":""},"class_list":["post-22","page","type-page","status-publish","hentry"],"_links":{"self":[{"href":"https:\/\/www.heritageresorts.com\/it\/wp-json\/wp\/v2\/pages\/22","targetHints":{"allow":["GET"]}}],"collection":[{"href":"https:\/\/www.heritageresorts.com\/it\/wp-json\/wp\/v2\/pages"}],"about":[{"href":"https:\/\/www.heritageresorts.com\/it\/wp-json\/wp\/v2\/types\/page"}],"author":[{"embeddable":true,"href":"https:\/\/www.heritageresorts.com\/it\/wp-json\/wp\/v2\/users\/1"}],"replies":[{"embeddable":true,"href":"https:\/\/www.heritageresorts.com\/it\/wp-json\/wp\/v2\/comments?post=22"}],"version-history":[{"count":0,"href":"https:\/\/www.heritageresorts.com\/it\/wp-json\/wp\/v2\/pages\/22\/revisions"}],"wp:attachment":[{"href":"https:\/\/www.heritageresorts.com\/it\/wp-json\/wp\/v2\/media?parent=22"}],"curies":[{"name":"wp","href":"https:\/\/api.w.org\/{rel}","templated":true}]}}