{"id":2,"date":"2013-08-28T10:36:14","date_gmt":"2013-08-28T10:36:14","guid":{"rendered":"http:\/\/heritageresorts.com\/2014\/?page_id=2"},"modified":"2025-11-17T13:01:17","modified_gmt":"2025-11-17T12:01:17","slug":"our-resorts-hotels","status":"publish","type":"page","link":"https:\/\/www.heritageresorts.com\/it\/our-resorts-hotels","title":{"rendered":"I nostri Resort &#038; Hotels"},"content":{"rendered":"<p><img loading=\"lazy\" decoding=\"async\" src=\"https:\/\/www.heritageresorts.com\/wp-content\/uploads\/2013\/08\/hr_explore.jpg\" alt=\"\" width=\"635\" height=\"331\" class=\"aligncenter size-full wp-image-94\" srcset=\"https:\/\/www.heritageresorts.com\/wp-content\/uploads\/2013\/08\/hr_explore.jpg 635w, https:\/\/www.heritageresorts.com\/wp-content\/uploads\/2013\/08\/hr_explore-600x312.jpg 600w, https:\/\/www.heritageresorts.com\/wp-content\/uploads\/2013\/08\/hr_explore-100x52.jpg 100w, https:\/\/www.heritageresorts.com\/wp-content\/uploads\/2013\/08\/hr_explore-150x78.jpg 150w, https:\/\/www.heritageresorts.com\/wp-content\/uploads\/2013\/08\/hr_explore-200x104.jpg 200w, https:\/\/www.heritageresorts.com\/wp-content\/uploads\/2013\/08\/hr_explore-300x156.jpg 300w, https:\/\/www.heritageresorts.com\/wp-content\/uploads\/2013\/08\/hr_explore-450x234.jpg 450w\" sizes=\"auto, (max-width: 635px) 100vw, 635px\" \/><\/p>\n<h2>Il gruppo Heritage Resorts offre una scelta di oltre 25 localit\u00e0 in tutto il mondo vacanza di lusso<\/h2>\n<p>Con trent&#8217;anni di esperienza nella costruzione e gestione di villaggi turistici e case per vacanze, Hotel Heritage offrire un portafoglio unico di vacanza fine e destinazioni di vacanza. Offronendo la migliore selezione di vacanze per tutta la famiglia, tutto l&#8217;anno.<\/p>\n<p>Attualmente, Heritage, 3 resort per vacanze spagnole sulla Costa del Sol, nel sud della Spagna. <a href=\".\/our-resorts-hotels\/marbella-beach-resort\/\" title=\"Marbella Beach Resort\">Marbella Beach Resort<\/a>, <a href=\".\/our-resorts-hotels\/marbesa-club\/\" title=\"Marbesa Club\">Marbesa Club<\/a> &#038; <a href=\".\/our-resorts-hotels\/club-playa-real\/\" title=\"Club Playa Real\">Club Playa Real<\/a>. Il successo e la notoriet\u00e0 di Heritage \u00e8 cresciuto anche nel Regno Unito hanno due alberghi di ammenda.<\/p>\n<h3>Club Heritage International<\/h3>\n<p>\u00c8 un club esclusivo dei proprietari, i soci godono di meravigliose opportunit\u00e0 di vacanza pi\u00f9 molti altri privilegi: sconti noleggio auto; sconti nei ristoranti struttura; tariffe speciali golf verde; settimana bonus vacanze; un esclusivo, generando reddito, Ambassador Club e newsletter periodiche e gli aggiornamenti.<\/p>\n<p>Segui questo link per visualizzare <a href=\".\/affiliated-resorts\/\">la collezione Heritage Club partner internazionale<\/a>, qui troverete tutti i dettagli delle molte interessanti opportunit\u00e0 vacanza in tutto il mondo a vostra disposizione un membro del Club Heritage International.<\/p>","protected":false},"excerpt":{"rendered":"<p>Il gruppo Heritage Resorts offre una scelta di oltre 25 localit\u00e0 in tutto il mondo vacanza di lusso Con trent&#8217;anni di esperienza nella costruzione e gestione di villaggi turistici e case per vacanze, Hotel Heritage offrire un portafoglio unico di<span class=\"ellipsis\">&hellip;<\/span><\/p>\n<div class=\"read-more\"><a href=\"https:\/\/www.heritageresorts.com\/it\/our-resorts-hotels\">Read more &#8250;<\/a><\/div>\n<p><!-- end of .read-more --><\/p>\n","protected":false},"author":1,"featured_media":0,"parent":0,"menu_order":1,"comment_status":"closed","ping_status":"open","template":"","meta":{"footnotes":""},"class_list":["post-2","page","type-page","status-publish","hentry"],"_links":{"self":[{"href":"https:\/\/www.heritageresorts.com\/it\/wp-json\/wp\/v2\/pages\/2","targetHints":{"allow":["GET"]}}],"collection":[{"href":"https:\/\/www.heritageresorts.com\/it\/wp-json\/wp\/v2\/pages"}],"about":[{"href":"https:\/\/www.heritageresorts.com\/it\/wp-json\/wp\/v2\/types\/page"}],"author":[{"embeddable":true,"href":"https:\/\/www.heritageresorts.com\/it\/wp-json\/wp\/v2\/users\/1"}],"replies":[{"embeddable":true,"href":"https:\/\/www.heritageresorts.com\/it\/wp-json\/wp\/v2\/comments?post=2"}],"version-history":[{"count":0,"href":"https:\/\/www.heritageresorts.com\/it\/wp-json\/wp\/v2\/pages\/2\/revisions"}],"wp:attachment":[{"href":"https:\/\/www.heritageresorts.com\/it\/wp-json\/wp\/v2\/media?parent=2"}],"curies":[{"name":"wp","href":"https:\/\/api.w.org\/{rel}","templated":true}]}}