{"id":90,"date":"2014-04-02T15:24:26","date_gmt":"2014-04-02T13:24:26","guid":{"rendered":"http:\/\/heritageresorts.com\/2014\/?page_id=90"},"modified":"2022-05-18T12:42:21","modified_gmt":"2022-05-18T10:42:21","slug":"directions","status":"publish","type":"page","link":"https:\/\/www.heritageresorts.com\/fr\/about-heritage\/directions","title":{"rendered":"Comment rejoindre les r\u00e9sidences"},"content":{"rendered":"<p>Veuillez choisir votre r\u00e9sidence \u00e0 partir des informations ci-dessous pour trouver la route \u00e0 suivre \u00e0 partir de l\u2019a\u00e9roport le plus proche. Nous avons \u00e0 votre disposition des cartes plus d\u00e9taill\u00e9es sur demande.<\/p>\n<p><a href=\"#mcc\">Matchroom<\/a> | <a href=\"#marbella\">Marbesa &amp; Playa Real<\/a> | <a href=\"#lakeland\">Lakeland<\/a><\/p>\n<p><a name=\"mcc\"><\/a><\/p>\n<h2>Matchroom<\/h2>\n<p><small>Directions depuis l\u2019a\u00e9roport de M\u00e1laga \u00e0 30 Km par la route. [<a href=\"https:\/\/goo.gl\/maps\/WnLTraejVEt\" target=\"_blank\" rel=\"noopener noreferrer\">Carte Google En ligne<\/a>] &#8211; GPS: 36.549684, -4.658499<\/small><\/p>\n<p>Depuis l\u2019a\u00e9roport de M\u00e1laga, tournez \u00e0 droite pour prendre la N340 en direction de Cadix. Prenez la E15\/N340 \u00e0 environ 3 km et suivre les panneaux Algeciras\/Benalm\u00e1dena. Continuez sur cette route en suivant la direction de Fuengirola. NE PRENEZ PAS LE PEAGE (\u00ab\u00a0peaje\u00a0\u00bb) vers Marbella.<\/p>\n<p>Il y a plusieurs sorties pour entrer dans Fuengirola, continuez jusqu\u2019\u00e0 ce que vous aperceviez sur votre droite l\u2019\u201dCARREFOUR\u201d et de l\u2019autre c\u00f4t\u00e9 de la route un panneau sur lequel on peut lire \u00ab Esta usted en las Lagunas de Mijas \u00bb. Prenez la sortie suivante avec le panneau \u201cFuengirola Coin\u201d. Au rond point, prenez la premi\u00e8re \u00e0 droite vers Coin (ce sont les m\u00eames panneaux que pour \u00ab\u00a0Hotel Byblos\u00a0\u00bb. Continuez sur cette route pendant environ 3 km puis vous verrez sous un pont et un peu plus loin vous voyiez \u00e0 votre droite un grand panneau \u201cRestaurante el Golf\u201d et un autre panneau disant \u201cfor Matchroom turn right ici\u201d. Une fois que vous aurez tourn\u00e9 \u00e0 droite, vous d\u00e9passerez le restaurant \u00ab\u00a0El Golf\u00a0\u00bb sur votre gauche, continuez jusqu\u2019\u00e0 un b\u00e2timent appel\u00e9 \u00ab\u00a0Valleverde\u00a0\u00bb et ensuite vous arriverez \u00e0 Matchroom.<\/p>\n<p><a name=\"marbella\"><\/a><\/p>\n<h2>Marbesa Club &amp; Playa Real<\/h2>\n<p><small>Directions depuis l\u2019a\u00e9roport de M\u00e1laga \u00e0 45 Km par la route. [<a href=\"https:\/\/goo.gl\/maps\/me9DYzWas5v\" target=\"_blank\" rel=\"noopener noreferrer\">Carte Google En ligne<\/a>] &#8211; GPS: 36.489356, -4.764532<\/small><\/p>\n<p>Depuis l\u2019a\u00e9roport de M\u00e1laga, tournez \u00e0 droite pour prendre la N340 en direction de Cadix. Prenez la E15\/N340 \u00e0 environ 3 km et suivez les panneaux Algeciras\/Benalm\u00e1dena. Continuez sur cette route. NE PRENEZ PAS LE PEAGE (\u00ab\u00a0peaje\u00a0\u00bb) et d\u00e9passez Mijas et Fuengirola. A environ 20 Km apr\u00e8s Fuengirola, d\u00e9passez la sortie de Las Chapas et la station d\u2019essence. Puis prenez la prochaine \u00e0 droite au panneau sortie Elviria, traversez et le pont et vous reprenez la route principale N340 dans l\u2019autre sens direction Fuengirola, puis prenez la premi\u00e8re \u00e0 droite apr\u00e8s la station d\u2019essence en direction de l\u2019Urbanisation de Marbesa. Continuez sur cette route pendant environ 800 m\u00e8tres et \u00e0 partir de l\u00e0 vous suivrez les panneaux pour Playa Real qui est situ\u00e9e tout \u00e0 c\u00f4t\u00e9 de la mer.<\/p>\n<p><a name=\"lakeland\"><\/a><\/p>\n<h2>Lakeland village<\/h2>\n<p><small>Directions depuis l\u2019a\u00e9roport international de Manchester \u00e0 135 km par la route. [<a href=\"https:\/\/goo.gl\/maps\/YxiP9xoWux72\" target=\"_blank\" rel=\"noopener noreferrer\">Carte Google En ligne<\/a>] &#8211; GPS: 54.256242, -2.989596<\/small><\/p>\n<p>Lakeland Village se trouve \u00e0 peine \u00e0 20 minutes de route de l\u2019autoroute M6. Prenez la sortie n\u00b0 36 et suivez la A590 jusqu\u2019\u00e0 Barrow. Apr\u00e8s avoir travers\u00e9 le pont de Newby il y a une portion de route \u00e0 4 voies qui se termine par un virage presqu\u2019\u00e0 angle droit sur la gauche. A quelques cent m\u00e8tres sur la route qui suit, vous verrez l\u2019h\u00f4tel Whitewater et pour arriver \u00e0 Lakeland Village prenez la route sur votre droite.<\/p>","protected":false},"excerpt":{"rendered":"<p>Veuillez choisir votre r\u00e9sidence \u00e0 partir des informations ci-dessous pour trouver la route \u00e0 suivre \u00e0 partir de l\u2019a\u00e9roport le plus proche. Nous avons \u00e0 votre disposition des cartes plus d\u00e9taill\u00e9es sur demande. Matchroom | Marbesa &amp; Playa Real |<span class=\"ellipsis\">&hellip;<\/span><\/p>\n<div class=\"read-more\"><a href=\"https:\/\/www.heritageresorts.com\/fr\/about-heritage\/directions\">Read more &#8250;<\/a><\/div>\n<p><!-- end of .read-more --><\/p>\n","protected":false},"author":1,"featured_media":0,"parent":33,"menu_order":2,"comment_status":"closed","ping_status":"open","template":"","meta":{"footnotes":""},"class_list":["post-90","page","type-page","status-publish","hentry"],"_links":{"self":[{"href":"https:\/\/www.heritageresorts.com\/fr\/wp-json\/wp\/v2\/pages\/90","targetHints":{"allow":["GET"]}}],"collection":[{"href":"https:\/\/www.heritageresorts.com\/fr\/wp-json\/wp\/v2\/pages"}],"about":[{"href":"https:\/\/www.heritageresorts.com\/fr\/wp-json\/wp\/v2\/types\/page"}],"author":[{"embeddable":true,"href":"https:\/\/www.heritageresorts.com\/fr\/wp-json\/wp\/v2\/users\/1"}],"replies":[{"embeddable":true,"href":"https:\/\/www.heritageresorts.com\/fr\/wp-json\/wp\/v2\/comments?post=90"}],"version-history":[{"count":0,"href":"https:\/\/www.heritageresorts.com\/fr\/wp-json\/wp\/v2\/pages\/90\/revisions"}],"up":[{"embeddable":true,"href":"https:\/\/www.heritageresorts.com\/fr\/wp-json\/wp\/v2\/pages\/33"}],"wp:attachment":[{"href":"https:\/\/www.heritageresorts.com\/fr\/wp-json\/wp\/v2\/media?parent=90"}],"curies":[{"name":"wp","href":"https:\/\/api.w.org\/{rel}","templated":true}]}}