{"id":72,"date":"2014-03-12T16:45:19","date_gmt":"2014-03-12T14:45:19","guid":{"rendered":"http:\/\/heritageresorts.com\/2014\/?page_id=72"},"modified":"2019-05-13T11:00:35","modified_gmt":"2019-05-13T09:00:35","slug":"indian-resorts","status":"publish","type":"page","link":"https:\/\/www.heritageresorts.com\/fr\/affiliated-resorts\/indian-resorts","title":{"rendered":"Inde"},"content":{"rendered":"<p><img loading=\"lazy\" decoding=\"async\" src=\"https:\/\/www.heritageresorts.com\/wp-content\/uploads\/2014\/03\/india_4web.jpg\" alt=\"indian resorts\" width=\"635\" height=\"331\" class=\"aligncenter size-full wp-image-199\" srcset=\"https:\/\/www.heritageresorts.com\/wp-content\/uploads\/2014\/03\/india_4web.jpg 635w, https:\/\/www.heritageresorts.com\/wp-content\/uploads\/2014\/03\/india_4web-600x312.jpg 600w, https:\/\/www.heritageresorts.com\/wp-content\/uploads\/2014\/03\/india_4web-100x52.jpg 100w, https:\/\/www.heritageresorts.com\/wp-content\/uploads\/2014\/03\/india_4web-150x78.jpg 150w, https:\/\/www.heritageresorts.com\/wp-content\/uploads\/2014\/03\/india_4web-200x104.jpg 200w, https:\/\/www.heritageresorts.com\/wp-content\/uploads\/2014\/03\/india_4web-300x156.jpg 300w, https:\/\/www.heritageresorts.com\/wp-content\/uploads\/2014\/03\/india_4web-450x234.jpg 450w\" sizes=\"auto, (max-width: 635px) 100vw, 635px\" \/><\/p>\n<p><strong>L&rsquo;Inde \u2013 Une nouvelle destination culturelle et de vacances en vogue<\/strong><\/p>\n<p>L&rsquo;Inde est, sans conteste, une destination exotique de vacances. Les possibilit\u00e9s offertes par cette immense contr\u00e9e sont aussi vari\u00e9es et fascinantes que le pays lui-m\u00eame. Ce pays mystique offre des plages de sables fin bord\u00e9s de palmiers, de luxuriantes plantations de th\u00e9 vert, l&rsquo;envo\u00fbtant Taj Mahal et une multitude de temples. Les villes de Kerala et Goa comptent de magnifiques plages, des for\u00eats tropicales, des sanctuaires de faune et de flore ainsi que des festivals hauts en couleurs. Vous y d\u00e9couvrirez la nature dans toute sa splendeur et de spectaculaires monuments \u00e9rig\u00e9s par l&rsquo;homme. Toujours tr\u00e8s pr\u00e9sente, l&rsquo;influence coloniale britannique joue un r\u00f4le vital dans l&rsquo;histoire de cette contr\u00e9e magique. \u00c0 la fois unique et distinctive, l&rsquo;Inde laisse incontestablement un souvenir ind\u00e9l\u00e9bile.<\/p>\n<p>Club Heritage International vous offre le meilleur de ce pays fantastique.<\/p>\n<p><strong>Karma Royal MonteRio &#8211; Goa<\/strong><br \/>\n<img loading=\"lazy\" decoding=\"async\" src=\"https:\/\/www.heritageresorts.com\/wp-content\/uploads\/2019\/04\/Karma-Royal-Monterio-1.jpg\" alt=\"\" width=\"2050\" height=\"1368\" class=\"alignnone size-full wp-image-712\" srcset=\"https:\/\/www.heritageresorts.com\/wp-content\/uploads\/2019\/04\/Karma-Royal-Monterio-1.jpg 2050w, https:\/\/www.heritageresorts.com\/wp-content\/uploads\/2019\/04\/Karma-Royal-Monterio-1-600x400.jpg 600w, https:\/\/www.heritageresorts.com\/wp-content\/uploads\/2019\/04\/Karma-Royal-Monterio-1-768x512.jpg 768w, https:\/\/www.heritageresorts.com\/wp-content\/uploads\/2019\/04\/Karma-Royal-Monterio-1-1024x683.jpg 1024w\" sizes=\"auto, (max-width: 2050px) 100vw, 2050px\" \/><br \/>\nFrom its picturesque perch on the slopes of an undulating hillside, next to the Baga river, Karma Royal MonteRio offers the very best of both worlds.<\/p>\n<p>It\u2019s just a few minutes\u2019 stroll from Goa\u2019s most vibrant beaches, happening bars and bustling night markets. There are two night markets in North Goa, the biggest at Anjuna about 15 mins away by taxi and another at the end of Baga Creek where our resort is located. On a Wednesday you can visit the famous Wednesday market which is huge. Karma Royal MonteRio has luxurious rooms, a great spa and a destination restaurant so there is actually no need to leave the resort at all \u2013 if all you want to do is relax.<\/p>\n<p>Your home throughout your stay at Karma Royal Monterio is a beautifully furnished, air-conditioned apartment \u2013 packed with modern facilities and thoughtful extras. All feature a private balcony, en-suite bathroom, flat screen TV, kettle, toaster and free wi-fi access.<\/p>\n<p><strong>Karma Royal Benaulim &#8211; Goa<\/strong><br \/>\n<img loading=\"lazy\" decoding=\"async\" src=\"https:\/\/www.heritageresorts.com\/wp-content\/uploads\/2019\/04\/beach_club_0103.jpg\" alt=\"\" width=\"1590\" height=\"1061\" class=\"alignnone size-full wp-image-713\" srcset=\"https:\/\/www.heritageresorts.com\/wp-content\/uploads\/2019\/04\/beach_club_0103.jpg 1590w, https:\/\/www.heritageresorts.com\/wp-content\/uploads\/2019\/04\/beach_club_0103-600x400.jpg 600w, https:\/\/www.heritageresorts.com\/wp-content\/uploads\/2019\/04\/beach_club_0103-768x512.jpg 768w, https:\/\/www.heritageresorts.com\/wp-content\/uploads\/2019\/04\/beach_club_0103-1024x683.jpg 1024w\" sizes=\"auto, (max-width: 1590px) 100vw, 1590px\" \/><br \/>\nWelcome to Karma Royal Benaulim, Karma\u2019s inaugural resort in the sultry tropical Indian State of Goa. This grand, established residence is a favorite with Karma\u2019s global members.<\/p>\n<p>The property consists of forty-four large, one and two bedroom apartments, configured to face a central swimming pool. It feels like an exclusive holiday village, with an experience to match. Tastefully decorated, each apartment offers privacy and space \u2013 ideal for family holidays or couples retreats.<\/p>\n<p>Our Imperial apartments offer superior home comfort with high quality hand crafted teak furniture, a home theatre surround sound system, DVD player, and a large LCD TV in the lounge and bedroom. The fully equipped, modern luxury kitchen features LED lighting with dimmer controls and high quality glassware, cutlery and crockery.<\/p>\n<p><strong>Karma Royal Haathi Mahal &#8211; Goa<\/strong><br \/>\n<img loading=\"lazy\" decoding=\"async\" src=\"https:\/\/www.heritageresorts.com\/wp-content\/uploads\/2019\/04\/Karma-Royal-Haathi-Mahal-pool-6.jpg\" alt=\"\" width=\"1590\" height=\"1061\" class=\"alignnone size-full wp-image-714\" srcset=\"https:\/\/www.heritageresorts.com\/wp-content\/uploads\/2019\/04\/Karma-Royal-Haathi-Mahal-pool-6.jpg 1590w, https:\/\/www.heritageresorts.com\/wp-content\/uploads\/2019\/04\/Karma-Royal-Haathi-Mahal-pool-6-600x400.jpg 600w, https:\/\/www.heritageresorts.com\/wp-content\/uploads\/2019\/04\/Karma-Royal-Haathi-Mahal-pool-6-768x512.jpg 768w, https:\/\/www.heritageresorts.com\/wp-content\/uploads\/2019\/04\/Karma-Royal-Haathi-Mahal-pool-6-1024x683.jpg 1024w\" sizes=\"auto, (max-width: 1590px) 100vw, 1590px\" \/><br \/>\nA mere seven-minute stroll from the pristine silver sands of Cavelossim Beach, this stunning resort boasts everything you need to relax into the Goan way of life.<\/p>\n<p>Sip cocktails at the swim-up pool bar, revive your spirits with soulful spa treatments or indulge your taste buds with fabulous food served from the poolside grill or at Casa Lisboa. And beyond the resort\u2019s lush landscaped grounds, one of India\u2019s most exciting, vibrant and friendly areas is waiting to be discovered\u2026<\/p>\n<p>Your home throughout your stay in Karma Royal Haathi Mahal is in one of 65 spacious hotel rooms with private balconies \u2013 or check into one of our 80 fully-equipped Members only apartments, dotted throughout the beautiful landscaped gardens.<\/p>\n<p><strong>Karma Royal Palms &#8211; Goa<\/strong><br \/>\n<img loading=\"lazy\" decoding=\"async\" src=\"https:\/\/www.heritageresorts.com\/wp-content\/uploads\/2019\/04\/royal_palms_pool.jpg\" alt=\"\" width=\"2050\" height=\"1292\" class=\"alignnone size-full wp-image-715\" srcset=\"https:\/\/www.heritageresorts.com\/wp-content\/uploads\/2019\/04\/royal_palms_pool.jpg 2050w, https:\/\/www.heritageresorts.com\/wp-content\/uploads\/2019\/04\/royal_palms_pool-600x378.jpg 600w, https:\/\/www.heritageresorts.com\/wp-content\/uploads\/2019\/04\/royal_palms_pool-768x484.jpg 768w, https:\/\/www.heritageresorts.com\/wp-content\/uploads\/2019\/04\/royal_palms_pool-1024x645.jpg 1024w\" sizes=\"auto, (max-width: 2050px) 100vw, 2050px\" \/><br \/>\nKarma Royal Palms is a totally refurbished resort with new furniture, fixtures and fittings, modern kitchens and beautiful new bathrooms all equipped with new Italian showers and top quality sanitary ware.<\/p>\n<p>The Reception and welcome lobby have also been totally revamped. This coupled with a committed new management team have resulted in the resort winning a coveted RCI Gold Crown in 2015 for the first time in over 20 years. Just a few minutes\u2019 stroll from the silver sands of Benaulim Beach, this luxurious resort \u2013 with its elegant colonial-style design and lush, landscaped gardens \u2013 is the perfect place to ease yourself into the laid-back Goan way of life.<\/p>\n<p>Your home throughout your stay at Karma Royal Palms is in one of 178 beautifully furnished apartments \u2013 all with air conditioning, en-suite bathroom, well-equipped kitchenette, TV, wi-fi and private balcony, plus lots of thoughtful extras.<\/p>","protected":false},"excerpt":{"rendered":"<p>L&rsquo;Inde \u2013 Une nouvelle destination culturelle et de vacances en vogue L&rsquo;Inde est, sans conteste, une destination exotique de vacances. Les possibilit\u00e9s offertes par cette immense contr\u00e9e sont aussi vari\u00e9es et fascinantes que le pays lui-m\u00eame. Ce pays mystique offre<span class=\"ellipsis\">&hellip;<\/span><\/p>\n<div class=\"read-more\"><a href=\"https:\/\/www.heritageresorts.com\/fr\/affiliated-resorts\/indian-resorts\">Read more &#8250;<\/a><\/div>\n<p><!-- end of .read-more --><\/p>\n","protected":false},"author":1,"featured_media":199,"parent":16,"menu_order":4,"comment_status":"closed","ping_status":"open","template":"","meta":{"footnotes":""},"class_list":["post-72","page","type-page","status-publish","has-post-thumbnail","hentry"],"_links":{"self":[{"href":"https:\/\/www.heritageresorts.com\/fr\/wp-json\/wp\/v2\/pages\/72","targetHints":{"allow":["GET"]}}],"collection":[{"href":"https:\/\/www.heritageresorts.com\/fr\/wp-json\/wp\/v2\/pages"}],"about":[{"href":"https:\/\/www.heritageresorts.com\/fr\/wp-json\/wp\/v2\/types\/page"}],"author":[{"embeddable":true,"href":"https:\/\/www.heritageresorts.com\/fr\/wp-json\/wp\/v2\/users\/1"}],"replies":[{"embeddable":true,"href":"https:\/\/www.heritageresorts.com\/fr\/wp-json\/wp\/v2\/comments?post=72"}],"version-history":[{"count":0,"href":"https:\/\/www.heritageresorts.com\/fr\/wp-json\/wp\/v2\/pages\/72\/revisions"}],"up":[{"embeddable":true,"href":"https:\/\/www.heritageresorts.com\/fr\/wp-json\/wp\/v2\/pages\/16"}],"wp:featuredmedia":[{"embeddable":true,"href":"https:\/\/www.heritageresorts.com\/fr\/wp-json\/wp\/v2\/media\/199"}],"wp:attachment":[{"href":"https:\/\/www.heritageresorts.com\/fr\/wp-json\/wp\/v2\/media?parent=72"}],"curies":[{"name":"wp","href":"https:\/\/api.w.org\/{rel}","templated":true}]}}