{"id":61,"date":"2014-03-12T16:37:30","date_gmt":"2014-03-12T14:37:30","guid":{"rendered":"http:\/\/heritageresorts.com\/2014\/?page_id=61"},"modified":"2024-04-03T11:08:55","modified_gmt":"2024-04-03T09:08:55","slug":"the-riverside-restaurant","status":"publish","type":"page","link":"https:\/\/www.heritageresorts.com\/fr\/heritage-restaurants\/the-riverside-restaurant","title":{"rendered":"The Riverside Restaurant"},"content":{"rendered":"<p><img loading=\"lazy\" decoding=\"async\" src=\"https:\/\/www.heritageresorts.com\/wp-content\/uploads\/2018\/12\/Riverside-Restaurant-Whitewater.jpg\" alt=\"\" width=\"1000\" height=\"500\" class=\"aligncenter size-full wp-image-425\" srcset=\"https:\/\/www.heritageresorts.com\/wp-content\/uploads\/2018\/12\/Riverside-Restaurant-Whitewater.jpg 1000w, https:\/\/www.heritageresorts.com\/wp-content\/uploads\/2018\/12\/Riverside-Restaurant-Whitewater-600x300.jpg 600w, https:\/\/www.heritageresorts.com\/wp-content\/uploads\/2018\/12\/Riverside-Restaurant-Whitewater-768x384.jpg 768w\" sizes=\"auto, (max-width: 1000px) 100vw, 1000px\" \/><\/p>\n<h3>Whitewater H\u00f4tel<\/h3>\n<p><a href=\"https:\/\/www.whitewater-hotel.co.uk\/food-and-drink\/riverside-restaurant\/\" rel=\"noopener\" target=\"_blank\">Notre restaurant Riverside<\/a> offre une exp\u00e9rience culinaire unique. Les chefs pr\u00e9parent les plus meilleures repas, ce qui refl\u00e8te la meilleure s\u00e9lection de produits frais de la r\u00e9gion environnante. Une belle s\u00e9lection de vins pour accompagner vos plats est \u00e9galement disponible.<\/p>\n<p>Avec une capacit\u00e9 pouvant accueillir jusqu&rsquo;\u00e0 80 convives, le Riverside propose des menus pour le d\u00eener chaque jour. les invit\u00e9s prendrons le petit d\u00e9jeuner dans le restaurant et vous pourrez d\u00e9gustez un ap\u00e9ros avant le repas, ou l&rsquo;apr\u00e8s-midi, prendre le th\u00e9 dans le salon.<\/p>\n<p>The Riverside est un lieu de pr\u00e9dilection pour des r\u00e9ceptions de mariage, elle s&rsquo;est vu accorder une licence pour l&rsquo;ex\u00e9cution de mariages civils. Les d\u00e9tails sont disponibles aupr\u00e8s du registraire dans Ulverston. Il existe des forfaits de mariage sp\u00e9ciaux disponible, merci de nous consulter.<\/p>\n<p>D\u00e9jeuners d&rsquo;affaires ont souvent lieu dans le restaurant dans le cadre de notre forfait conf\u00e9rence.<\/p>\n<p>Le D\u00eener sp\u00e9cial du Dimanche est un favori dans la r\u00e9gion et les diff\u00e9rents menus sont souvent offerts dans ces moments forts de l&rsquo;ann\u00e9e comme No\u00ebl, P\u00e2ques, F\u00eate des m\u00e8res, F\u00eate des p\u00e8res et la soir\u00e9e Saint-Valentin.<\/p>","protected":false},"excerpt":{"rendered":"<p>Whitewater H\u00f4tel Notre restaurant Riverside offre une exp\u00e9rience culinaire unique. Les chefs pr\u00e9parent les plus meilleures repas, ce qui refl\u00e8te la meilleure s\u00e9lection de produits frais de la r\u00e9gion environnante. Une belle s\u00e9lection de vins pour accompagner vos plats est<span class=\"ellipsis\">&hellip;<\/span><\/p>\n<div class=\"read-more\"><a href=\"https:\/\/www.heritageresorts.com\/fr\/heritage-restaurants\/the-riverside-restaurant\">Read more &#8250;<\/a><\/div>\n<p><!-- end of .read-more --><\/p>\n","protected":false},"author":1,"featured_media":0,"parent":22,"menu_order":6,"comment_status":"closed","ping_status":"open","template":"","meta":{"footnotes":""},"class_list":["post-61","page","type-page","status-publish","hentry"],"_links":{"self":[{"href":"https:\/\/www.heritageresorts.com\/fr\/wp-json\/wp\/v2\/pages\/61","targetHints":{"allow":["GET"]}}],"collection":[{"href":"https:\/\/www.heritageresorts.com\/fr\/wp-json\/wp\/v2\/pages"}],"about":[{"href":"https:\/\/www.heritageresorts.com\/fr\/wp-json\/wp\/v2\/types\/page"}],"author":[{"embeddable":true,"href":"https:\/\/www.heritageresorts.com\/fr\/wp-json\/wp\/v2\/users\/1"}],"replies":[{"embeddable":true,"href":"https:\/\/www.heritageresorts.com\/fr\/wp-json\/wp\/v2\/comments?post=61"}],"version-history":[{"count":0,"href":"https:\/\/www.heritageresorts.com\/fr\/wp-json\/wp\/v2\/pages\/61\/revisions"}],"up":[{"embeddable":true,"href":"https:\/\/www.heritageresorts.com\/fr\/wp-json\/wp\/v2\/pages\/22"}],"wp:attachment":[{"href":"https:\/\/www.heritageresorts.com\/fr\/wp-json\/wp\/v2\/media?parent=61"}],"curies":[{"name":"wp","href":"https:\/\/api.w.org\/{rel}","templated":true}]}}