{"id":59,"date":"2014-03-12T16:36:43","date_gmt":"2014-03-12T14:36:43","guid":{"rendered":"http:\/\/heritageresorts.com\/2014\/?page_id=59"},"modified":"2024-04-03T10:58:17","modified_gmt":"2024-04-03T08:58:17","slug":"the-dolly-blue-bar-grill","status":"publish","type":"page","link":"https:\/\/www.heritageresorts.com\/fr\/heritage-restaurants\/the-dolly-blue-bar-grill","title":{"rendered":"The Dolly Blue Bar &#038; Grill"},"content":{"rendered":"<p><img loading=\"lazy\" decoding=\"async\" src=\"https:\/\/www.heritageresorts.com\/wp-content\/uploads\/2018\/12\/dolly-blue-whitewater.jpg\" alt=\"\" width=\"1000\" height=\"500\" class=\"aligncenter size-full wp-image-421\" srcset=\"https:\/\/www.heritageresorts.com\/wp-content\/uploads\/2018\/12\/dolly-blue-whitewater.jpg 1000w, https:\/\/www.heritageresorts.com\/wp-content\/uploads\/2018\/12\/dolly-blue-whitewater-600x300.jpg 600w, https:\/\/www.heritageresorts.com\/wp-content\/uploads\/2018\/12\/dolly-blue-whitewater-768x384.jpg 768w\" sizes=\"auto, (max-width: 1000px) 100vw, 1000px\" \/><\/p>\n<h3>Whitewater H\u00f4tel<\/h3>\n<p>Bienvenue \u00e0 notre nouveau bar \u00e9l\u00e9gant!<\/p>\n<p>Maintenant partie d&rsquo;une vaste remise \u00e1 neuf de l&rsquo;H\u00f4tel, le nouveau \u00ab\u00a0<a href=\"https:\/\/dollybluebar.co.uk\/\" rel=\"noopener\" target=\"_blank\">Dolly Blue<\/a>\u00a0\u00bb bar a \u00e9t\u00e9 con\u00e7u pour fournir un environnement de d\u00e9tente. Installez-vous dans les canap\u00e9s en cuir moderne, rouge et brun, les discutions autour de nouvelles tables surplombant la rivi\u00e8re dans une lumi\u00e8re d&rsquo;ambiance unique et profiter d&rsquo;une superbe s\u00e9lection de vins, bi\u00e8res et spiritueux comme vous surplombez la rivi\u00e8re.<\/p>\n<p>Au printemps et en \u00e9t\u00e9 vous pourrez prendre un verre sur la terrasse du fleuve. Il ya un menu complet disponible, sp\u00e9cialement pr\u00e9par\u00e9s par nos chefs.<\/p>","protected":false},"excerpt":{"rendered":"<p>Whitewater H\u00f4tel Bienvenue \u00e0 notre nouveau bar \u00e9l\u00e9gant! Maintenant partie d&rsquo;une vaste remise \u00e1 neuf de l&rsquo;H\u00f4tel, le nouveau \u00ab\u00a0Dolly Blue\u00a0\u00bb bar a \u00e9t\u00e9 con\u00e7u pour fournir un environnement de d\u00e9tente. Installez-vous dans les canap\u00e9s en cuir moderne, rouge et<span class=\"ellipsis\">&hellip;<\/span><\/p>\n<div class=\"read-more\"><a href=\"https:\/\/www.heritageresorts.com\/fr\/heritage-restaurants\/the-dolly-blue-bar-grill\">Read more &#8250;<\/a><\/div>\n<p><!-- end of .read-more --><\/p>\n","protected":false},"author":1,"featured_media":0,"parent":22,"menu_order":4,"comment_status":"closed","ping_status":"open","template":"","meta":{"footnotes":""},"class_list":["post-59","page","type-page","status-publish","hentry"],"_links":{"self":[{"href":"https:\/\/www.heritageresorts.com\/fr\/wp-json\/wp\/v2\/pages\/59","targetHints":{"allow":["GET"]}}],"collection":[{"href":"https:\/\/www.heritageresorts.com\/fr\/wp-json\/wp\/v2\/pages"}],"about":[{"href":"https:\/\/www.heritageresorts.com\/fr\/wp-json\/wp\/v2\/types\/page"}],"author":[{"embeddable":true,"href":"https:\/\/www.heritageresorts.com\/fr\/wp-json\/wp\/v2\/users\/1"}],"replies":[{"embeddable":true,"href":"https:\/\/www.heritageresorts.com\/fr\/wp-json\/wp\/v2\/comments?post=59"}],"version-history":[{"count":0,"href":"https:\/\/www.heritageresorts.com\/fr\/wp-json\/wp\/v2\/pages\/59\/revisions"}],"up":[{"embeddable":true,"href":"https:\/\/www.heritageresorts.com\/fr\/wp-json\/wp\/v2\/pages\/22"}],"wp:attachment":[{"href":"https:\/\/www.heritageresorts.com\/fr\/wp-json\/wp\/v2\/media?parent=59"}],"curies":[{"name":"wp","href":"https:\/\/api.w.org\/{rel}","templated":true}]}}