{"id":49,"date":"2014-03-10T16:37:59","date_gmt":"2014-03-10T14:37:59","guid":{"rendered":"http:\/\/heritageresorts.com\/2014\/?page_id=49"},"modified":"2019-04-24T10:48:40","modified_gmt":"2019-04-24T08:48:40","slug":"le-papillon","status":"publish","type":"page","link":"https:\/\/www.heritageresorts.com\/fr\/heritage-restaurants\/le-papillon","title":{"rendered":"Le Papillon"},"content":{"rendered":"<p><img loading=\"lazy\" decoding=\"async\" src=\"https:\/\/www.heritageresorts.com\/wp-content\/uploads\/2018\/12\/papillon_tuneado.jpg\" alt=\"\" width=\"1000\" height=\"500\" class=\"aligncenter size-full wp-image-414\" srcset=\"https:\/\/www.heritageresorts.com\/wp-content\/uploads\/2018\/12\/papillon_tuneado.jpg 1000w, https:\/\/www.heritageresorts.com\/wp-content\/uploads\/2018\/12\/papillon_tuneado-600x300.jpg 600w, https:\/\/www.heritageresorts.com\/wp-content\/uploads\/2018\/12\/papillon_tuneado-768x384.jpg 768w\" sizes=\"auto, (max-width: 1000px) 100vw, 1000px\" \/><\/p>\n<p><strong>Le Papillon est notre restaurant hors complexe, situ\u00e9 sur le superbe front de mer \u00e0 Marbesa.<\/strong><\/p>\n<p>De par sa situation g\u00e9ographique, Le Papillon est tr\u00e8s fr\u00e9quent\u00e9. Il pla\u00eet aux familles avec des enfants et aux couples qui veulent profiter d\u2019un d\u00eener romantique tout en regardant le soleil se coucher.<\/p>\n<p>Le Papillon propose un menu vari\u00e9 avec un grand choix de poissons frais et de fruits de mer, ainsi que des plats de viande fabuleux. La paella aux fruits de mer est le plat incontournable \u00e0 go\u00fbter ici ! Tous les plats sont pr\u00e9par\u00e9s sur place, avec des produits frais, par notre \u00e9quipe de chefs experts. Pour accompagner le menu, nous vous offrons un grand choix de vins locaux. Les petits Gourmets peuvent prendre le menu enfants et ceux qui n\u2019ont pas tr\u00e8s faim peuvent se contenter d\u2019un menu l\u00e9ger.<\/p>\n<p>Le Papillon vous propose aussi un solarium et un service de location de parasols pour que vous puissiez profiter de la plage au maximum. <\/p>\n<p><a href=\"http:\/\/www.restaurantepapillon.com\" rel=\"noopener noreferrer\" target=\"_blank\">www.restaurantepapillon.com<\/a><\/p>","protected":false},"excerpt":{"rendered":"<p>Le Papillon est notre restaurant hors complexe, situ\u00e9 sur le superbe front de mer \u00e0 Marbesa. De par sa situation g\u00e9ographique, Le Papillon est tr\u00e8s fr\u00e9quent\u00e9. Il pla\u00eet aux familles avec des enfants et aux couples qui veulent profiter d\u2019un<span class=\"ellipsis\">&hellip;<\/span><\/p>\n<div class=\"read-more\"><a href=\"https:\/\/www.heritageresorts.com\/fr\/heritage-restaurants\/le-papillon\">Read more &#8250;<\/a><\/div>\n<p><!-- end of .read-more --><\/p>\n","protected":false},"author":1,"featured_media":0,"parent":22,"menu_order":1,"comment_status":"closed","ping_status":"open","template":"","meta":{"footnotes":""},"class_list":["post-49","page","type-page","status-publish","hentry"],"_links":{"self":[{"href":"https:\/\/www.heritageresorts.com\/fr\/wp-json\/wp\/v2\/pages\/49","targetHints":{"allow":["GET"]}}],"collection":[{"href":"https:\/\/www.heritageresorts.com\/fr\/wp-json\/wp\/v2\/pages"}],"about":[{"href":"https:\/\/www.heritageresorts.com\/fr\/wp-json\/wp\/v2\/types\/page"}],"author":[{"embeddable":true,"href":"https:\/\/www.heritageresorts.com\/fr\/wp-json\/wp\/v2\/users\/1"}],"replies":[{"embeddable":true,"href":"https:\/\/www.heritageresorts.com\/fr\/wp-json\/wp\/v2\/comments?post=49"}],"version-history":[{"count":0,"href":"https:\/\/www.heritageresorts.com\/fr\/wp-json\/wp\/v2\/pages\/49\/revisions"}],"up":[{"embeddable":true,"href":"https:\/\/www.heritageresorts.com\/fr\/wp-json\/wp\/v2\/pages\/22"}],"wp:attachment":[{"href":"https:\/\/www.heritageresorts.com\/fr\/wp-json\/wp\/v2\/media?parent=49"}],"curies":[{"name":"wp","href":"https:\/\/api.w.org\/{rel}","templated":true}]}}