{"id":476,"date":"2019-03-20T12:04:14","date_gmt":"2019-03-20T10:04:14","guid":{"rendered":"http:\/\/www.heritageresorts.com\/2020\/?page_id=476"},"modified":"2025-08-18T15:10:10","modified_gmt":"2025-08-18T13:10:10","slug":"holiday-competition","status":"publish","type":"page","link":"https:\/\/www.heritageresorts.com\/fr\/contact-us\/holiday-competition","title":{"rendered":"Gagnez des vacances gratuite en Espagne"},"content":{"rendered":"<p><\/p>\n<h3>Tirage mensuel pour gagner vos vacances.<\/h3>\n<p>Gagnez vos vacances avec les r\u00e9sidences Heritage.<\/p>\n<p>Chaque mois Heritage Resorts organisent un tirage pour des vacances familiales gratuites sur le fabuleux site de la Costa Del Sol, Espagne. Le prix est d\u2019une semaine d&rsquo;h\u00e9bergement dans une r\u00e9sidence de luxe sur la Costa Del Sol pour un maximum de 4 personnes. Il ne comprend pas le voyage, la nourriture ou les boissons. L&rsquo;h\u00e9bergement est sous r\u00e9serve de disponibilit\u00e9 au moment de la r\u00e9servation.<\/p>\n<p>Il est tr\u00e8s simple de participer au tirage, il suffit de remplir le questionnaire ci-dessous et de nous le soumettre. Assurez-vous de lire les termes et conditions de la promotion.<\/p>\n<p>\n<div class=\"wpcf7 no-js\" id=\"wpcf7-f622-o2\" lang=\"en-US\" dir=\"ltr\" data-wpcf7-id=\"622\">\n<div class=\"screen-reader-response\"><p role=\"status\" aria-live=\"polite\" aria-atomic=\"true\"><\/p> <ul><\/ul><\/div>\n<form action=\"\/fr\/wp-json\/wp\/v2\/pages\/476#wpcf7-f622-o2\" method=\"post\" class=\"wpcf7-form init\" aria-label=\"Contact form\" novalidate=\"novalidate\" data-status=\"init\">\n<fieldset class=\"hidden-fields-container\"><input type=\"hidden\" name=\"_wpcf7\" value=\"622\" \/><input type=\"hidden\" name=\"_wpcf7_version\" value=\"6.1.5\" \/><input type=\"hidden\" name=\"_wpcf7_locale\" value=\"en_US\" \/><input type=\"hidden\" name=\"_wpcf7_unit_tag\" value=\"wpcf7-f622-o2\" \/><input type=\"hidden\" name=\"_wpcf7_container_post\" value=\"0\" \/><input type=\"hidden\" name=\"_wpcf7_posted_data_hash\" value=\"\" \/><input type=\"hidden\" name=\"_wpcf7_recaptcha_response\" value=\"\" \/>\n<\/fieldset>\n<table>\n\t<tr>\n\t\t<td colspan=\"2\">\n\t\t\t<h3>\u00c9tape 1: r\u00e9pondez \u00e0 ces 3 questions:\n\t\t\t<\/h3>\n\t\t<\/td>\n\t<\/tr>\n\t<tr>\n\t\t<td colspan=\"2\">\n\t\t\t<p>Quelle est la capitale de l'Espagne?<br \/>\n<span class=\"wpcf7-form-control-wrap\" data-name=\"radio-q1\"><span class=\"wpcf7-form-control wpcf7-radio\"><span class=\"wpcf7-list-item first\"><input type=\"radio\" name=\"radio-q1\" value=\"MADRID\" checked=\"checked\" \/><span class=\"wpcf7-list-item-label\">MADRID<\/span><\/span><span class=\"wpcf7-list-item\"><input type=\"radio\" name=\"radio-q1\" value=\"BARCELONA\" \/><span class=\"wpcf7-list-item-label\">BARCELONA<\/span><\/span><span class=\"wpcf7-list-item last\"><input type=\"radio\" name=\"radio-q1\" value=\"VALENCIA\" \/><span class=\"wpcf7-list-item-label\">VALENCIA<\/span><\/span><\/span><\/span>\n\t\t\t<\/p>\n\t\t<\/td>\n\t<\/tr>\n\t<tr>\n\t\t<td colspan=\"2\">\n\t\t\t<p>O\u00f9 est le Lincolnshire?<br \/>\n<span class=\"wpcf7-form-control-wrap\" data-name=\"radio-q2\"><span class=\"wpcf7-form-control wpcf7-radio\"><span class=\"wpcf7-list-item first\"><input type=\"radio\" name=\"radio-q2\" value=\"ANGLETERRE\" checked=\"checked\" \/><span class=\"wpcf7-list-item-label\">ANGLETERRE<\/span><\/span><span class=\"wpcf7-list-item\"><input type=\"radio\" name=\"radio-q2\" value=\"\u00c9COSSE\" \/><span class=\"wpcf7-list-item-label\">\u00c9COSSE<\/span><\/span><span class=\"wpcf7-list-item last\"><input type=\"radio\" name=\"radio-q2\" value=\"ENGLAND\" \/><span class=\"wpcf7-list-item-label\">ENGLAND<\/span><\/span><\/span><\/span>\n\t\t\t<\/p>\n\t\t<\/td>\n\t<\/tr>\n\t<tr>\n\t\t<td colspan=\"2\">\n\t\t\t<p>Qui est le pr\u00e9sident des \u00c9tats-Unis?<br \/>\n<span class=\"wpcf7-form-control-wrap\" data-name=\"radio-q3\"><span class=\"wpcf7-form-control wpcf7-radio\"><span class=\"wpcf7-list-item first\"><input type=\"radio\" name=\"radio-q3\" value=\"DONALD TRUMP\" checked=\"checked\" \/><span class=\"wpcf7-list-item-label\">DONALD TRUMP<\/span><\/span><span class=\"wpcf7-list-item\"><input type=\"radio\" name=\"radio-q3\" value=\"BARACK OBAMA\" \/><span class=\"wpcf7-list-item-label\">BARACK OBAMA<\/span><\/span><span class=\"wpcf7-list-item last\"><input type=\"radio\" name=\"radio-q3\" value=\"GEORGE BUSH\" \/><span class=\"wpcf7-list-item-label\">GEORGE BUSH<\/span><\/span><\/span><\/span>\n\t\t\t<\/p>\n\t\t<\/td>\n\t<\/tr>\n\t<tr>\n\t\t<td colspan=\"2\">\n\t\t\t<h3>Etape 2: S'il vous pla\u00eet remplir le formulaire suivant pour participer \u00e0 notre tirage au sort.\n\t\t\t<\/h3>\n\t\t<\/td>\n\t<\/tr>\n\t<tr>\n\t\t<td>\n\t\t\t<p>Pr\u00e9nom <span class=\"required\">*<\/span><br \/>\n<span class=\"wpcf7-form-control-wrap\" data-name=\"your-name\"><input size=\"40\" maxlength=\"400\" class=\"wpcf7-form-control wpcf7-text wpcf7-validates-as-required\" aria-required=\"true\" aria-invalid=\"false\" value=\"\" type=\"text\" name=\"your-name\" \/><\/span>\n\t\t\t<\/p>\n\t\t<\/td>\n\t\t<td>\n\t\t\t<p>Nom <span class=\"required\">*<\/span><br \/>\n<span class=\"wpcf7-form-control-wrap\" data-name=\"your-surname\"><input size=\"40\" maxlength=\"400\" class=\"wpcf7-form-control wpcf7-text wpcf7-validates-as-required\" aria-required=\"true\" aria-invalid=\"false\" value=\"\" type=\"text\" name=\"your-surname\" \/><\/span>\n\t\t\t<\/p>\n\t\t<\/td>\n\t<\/tr>\n\t<tr>\n\t\t<td>\n\t\t\t<p>T\u00e9l\u00e9phone\/Portable 1 <span class=\"required\">*<\/span><br \/>\n<span class=\"wpcf7-form-control-wrap\" data-name=\"your-phone1\"><input size=\"40\" maxlength=\"400\" class=\"wpcf7-form-control wpcf7-text wpcf7-validates-as-required\" aria-required=\"true\" aria-invalid=\"false\" value=\"\" type=\"text\" name=\"your-phone1\" \/><\/span>\n\t\t\t<\/p>\n\t\t<\/td>\n\t\t<td>\n\t\t\t<p>T\u00e9l\u00e9phone\/Portable 2<br \/>\n<span class=\"wpcf7-form-control-wrap\" data-name=\"your-phone2\"><input size=\"40\" maxlength=\"400\" class=\"wpcf7-form-control wpcf7-text\" aria-invalid=\"false\" value=\"\" type=\"text\" name=\"your-phone2\" \/><\/span>\n\t\t\t<\/p>\n\t\t<\/td>\n\t<\/tr>\n\t<tr>\n\t\t<td colspan=\"2\">\n\t\t\t<p>Email <span class=\"required\">*<\/span><br \/>\n<span class=\"wpcf7-form-control-wrap\" data-name=\"your-email\"><input size=\"40\" maxlength=\"400\" class=\"wpcf7-form-control wpcf7-email wpcf7-validates-as-required wpcf7-text wpcf7-validates-as-email\" aria-required=\"true\" aria-invalid=\"false\" value=\"\" type=\"email\" name=\"your-email\" \/><\/span>\n\t\t\t<\/p>\n\t\t<\/td>\n\t<\/tr>\n\t<tr>\n\t\t<td colspan=\"2\">\n\t\t\t<p>Addresse<br \/>\n<span class=\"wpcf7-form-control-wrap\" data-name=\"your-address\"><input size=\"40\" maxlength=\"400\" class=\"wpcf7-form-control wpcf7-text\" aria-invalid=\"false\" value=\"\" type=\"text\" name=\"your-address\" \/><\/span>\n\t\t\t<\/p>\n\t\t<\/td>\n\t<\/tr>\n\t<tr>\n\t\t<td>\n\t\t\t<p>Ville<br \/>\n<span class=\"wpcf7-form-control-wrap\" data-name=\"your-town\"><input size=\"40\" maxlength=\"400\" class=\"wpcf7-form-control wpcf7-text\" aria-invalid=\"false\" value=\"\" type=\"text\" name=\"your-town\" \/><\/span>\n\t\t\t<\/p>\n\t\t<\/td>\n\t\t<td>\n\t\t\t<p>Code postal<br \/>\n<span class=\"wpcf7-form-control-wrap\" data-name=\"your-zip\"><input size=\"40\" maxlength=\"400\" class=\"wpcf7-form-control wpcf7-text\" aria-invalid=\"false\" value=\"\" type=\"text\" name=\"your-zip\" \/><\/span>\n\t\t\t<\/p>\n\t\t<\/td>\n\t<\/tr>\n\t<tr>\n\t\t<td>\n\t\t\t<p>Pays <span class=\"required\">*<\/span><br \/>\n<span class=\"wpcf7-form-control-wrap\" data-name=\"your-country\"><input size=\"40\" maxlength=\"400\" class=\"wpcf7-form-control wpcf7-text wpcf7-validates-as-required\" aria-required=\"true\" aria-invalid=\"false\" value=\"\" type=\"text\" name=\"your-country\" \/><\/span>\n\t\t\t<\/p>\n\t\t<\/td>\n\t\t<td>\n\t\t\t<p>Pays de r\u00e9sidence <span class=\"required\">*<\/span><br \/>\n<span class=\"wpcf7-form-control-wrap\" data-name=\"your-residence\"><input size=\"40\" maxlength=\"400\" class=\"wpcf7-form-control wpcf7-text wpcf7-validates-as-required\" aria-required=\"true\" aria-invalid=\"false\" value=\"\" type=\"text\" name=\"your-residence\" \/><\/span>\n\t\t\t<\/p>\n\t\t<\/td>\n\t<\/tr>\n\t<tr>\n\t\t<td>\n\t\t\t<p>Age de l\u2019homme <span class=\"required\">*<\/span><br \/>\n<span class=\"wpcf7-form-control-wrap\" data-name=\"age-male\"><input size=\"40\" maxlength=\"400\" class=\"wpcf7-form-control wpcf7-text wpcf7-validates-as-required\" aria-required=\"true\" aria-invalid=\"false\" value=\"\" type=\"text\" name=\"age-male\" \/><\/span>\n\t\t\t<\/p>\n\t\t<\/td>\n\t\t<td>\n\t\t\t<p>Age de la femme <span class=\"required\">*<\/span><br \/>\n<span class=\"wpcf7-form-control-wrap\" data-name=\"age-female\"><input size=\"40\" maxlength=\"400\" class=\"wpcf7-form-control wpcf7-text wpcf7-validates-as-required\" aria-required=\"true\" aria-invalid=\"false\" value=\"\" type=\"text\" name=\"age-female\" \/><\/span>\n\t\t\t<\/p>\n\t\t<\/td>\n\t<\/tr>\n\t<tr>\n\t\t<td>\n\t\t\t<p>Profession de l\u2019homme <span class=\"required\">*<\/span><br \/>\n<span class=\"wpcf7-form-control-wrap\" data-name=\"prof-male\"><input size=\"40\" maxlength=\"400\" class=\"wpcf7-form-control wpcf7-text wpcf7-validates-as-required\" aria-required=\"true\" aria-invalid=\"false\" value=\"\" type=\"text\" name=\"prof-male\" \/><\/span>\n\t\t\t<\/p>\n\t\t<\/td>\n\t\t<td>\n\t\t\t<p>Profession de la femme <span class=\"required\">*<\/span><br \/>\n<span class=\"wpcf7-form-control-wrap\" data-name=\"prof-female\"><input size=\"40\" maxlength=\"400\" class=\"wpcf7-form-control wpcf7-text wpcf7-validates-as-required\" aria-required=\"true\" aria-invalid=\"false\" value=\"\" type=\"text\" name=\"prof-female\" \/><\/span>\n\t\t\t<\/p>\n\t\t<\/td>\n\t<\/tr>\n\t<tr>\n\t\t<td>\n\t\t\t<p>Heures auxquelles nous pouvons vous appeler\n\t\t\t<\/p>\n\t\t\t<p><span class=\"wpcf7-form-control-wrap\" data-name=\"time-to-call\"><select class=\"wpcf7-form-control wpcf7-select\" aria-invalid=\"false\" name=\"time-to-call\"><option value=\"\">&#8212;Please choose an option&#8212;<\/option><option value=\"Entre 9-12\">Entre 9-12<\/option><option value=\"Entre 12-15\">Entre 12-15<\/option><option value=\"Entre 15-18\">Entre 15-18<\/option><option value=\"Entre 18-21\">Entre 18-21<\/option><\/select><\/span>\n\t\t\t<\/p>\n\t\t<\/td>\n\t\t<td>\n\t\t\t<p>Revenus annuels combin\u00e9s <span class=\"required\">*<\/span>\n\t\t\t<\/p>\n\t\t\t<p><span class=\"wpcf7-form-control-wrap\" data-name=\"combined-income\"><select class=\"wpcf7-form-control wpcf7-select wpcf7-validates-as-required\" aria-required=\"true\" aria-invalid=\"false\" name=\"combined-income\"><option value=\"\">&#8212;Please choose an option&#8212;<\/option><option value=\"Moins que \u00a320000\">Moins que \u00a320000<\/option><option value=\"\u00a320000 - \u00a325000\">\u00a320000 - \u00a325000<\/option><option value=\"\u00a325000 - \u00a330000\">\u00a325000 - \u00a330000<\/option><option value=\"\u00a330000 - \u00a335000\">\u00a330000 - \u00a335000<\/option><option value=\"More than \u00a335000\">More than \u00a335000<\/option><\/select><\/span>\n\t\t\t<\/p>\n\t\t<\/td>\n\t<\/tr>\n\t<tr>\n\t\t<td>\n\t\t\t<p>Budget de vacances annuel <span class=\"required\">*<\/span>\n\t\t\t<\/p>\n\t\t\t<p><span class=\"wpcf7-form-control-wrap\" data-name=\"holiday-budget\"><select class=\"wpcf7-form-control wpcf7-select wpcf7-validates-as-required\" aria-required=\"true\" aria-invalid=\"false\" name=\"holiday-budget\"><option value=\"\">&#8212;Please choose an option&#8212;<\/option><option value=\"Less than \u00a31500\">Less than \u00a31500<\/option><option value=\"\u00a31500 - \u00a32500\">\u00a31500 - \u00a32500<\/option><option value=\"\u00a32500 - \u00a34000\">\u00a32500 - \u00a34000<\/option><option value=\"Plus que \u00a34000\">Plus que \u00a34000<\/option><\/select><\/span>\n\t\t\t<\/p>\n\t\t<\/td>\n\t\t<td>\n\t\t\t<p>Quelles cartes de cr\u00e9dit utilisez vous <span class=\"required\">*<\/span>\n\t\t\t<\/p>\n\t\t\t<p><span class=\"wpcf7-form-control-wrap\" data-name=\"which-cc\"><select class=\"wpcf7-form-control wpcf7-select wpcf7-validates-as-required\" aria-required=\"true\" aria-invalid=\"false\" name=\"which-cc\"><option value=\"\">&#8212;Please choose an option&#8212;<\/option><option value=\"Visa\">Visa<\/option><option value=\"Mastercard\">Mastercard<\/option><option value=\"American Express\">American Express<\/option><\/select><\/span>\n\t\t\t<\/p>\n\t\t<\/td>\n\t<\/tr>\n\t<tr>\n\t\t<td>\n\t\t\t<p>Situation de famille <span class=\"required\">*<\/span>\n\t\t\t<\/p>\n\t\t\t<p><span class=\"wpcf7-form-control-wrap\" data-name=\"marital-status\"><select class=\"wpcf7-form-control wpcf7-select wpcf7-validates-as-required\" aria-required=\"true\" aria-invalid=\"false\" name=\"marital-status\"><option value=\"\">&#8212;Please choose an option&#8212;<\/option><option value=\"C\u00e9libataire\">C\u00e9libataire<\/option><option value=\"Mari\u00e9(e)\">Mari\u00e9(e)<\/option><option value=\"En concubinage\">En concubinage<\/option><option value=\"Veuf\/Veuve\">Veuf\/Veuve<\/option><\/select><\/span>\n\t\t\t<\/p>\n\t\t<\/td>\n\t\t<td>\n\t\t\t<p>Nombre d\u2019adultes \/ d\u2019enfants <span class=\"required\">*<\/span>\n\t\t\t<\/p>\n\t\t\t<p><span class=\"wpcf7-form-control-wrap\" data-name=\"num-adults\"><input size=\"40\" maxlength=\"400\" class=\"wpcf7-form-control wpcf7-text wpcf7-validates-as-required halv\" aria-required=\"true\" aria-invalid=\"false\" value=\"\" type=\"text\" name=\"num-adults\" \/><\/span> \/ <span class=\"wpcf7-form-control-wrap\" data-name=\"num-children\"><input size=\"40\" maxlength=\"400\" class=\"wpcf7-form-control wpcf7-text wpcf7-validates-as-required halv\" aria-required=\"true\" aria-invalid=\"false\" value=\"\" type=\"text\" name=\"num-children\" \/><\/span>\n\t\t\t<\/p>\n\t\t<\/td>\n\t<\/tr>\n\t<tr>\n\t\t<td>\n\t\t\t<p>Date d\u2019arriv\u00e9e choisie <span class=\"required\">*<\/span>\n\t\t\t<\/p>\n\t\t\t<p><span class=\"wpcf7-form-control-wrap\" data-name=\"date-1st\"><input class=\"wpcf7-form-control wpcf7-date wpcf7-validates-as-required wpcf7-validates-as-date\" aria-required=\"true\" aria-invalid=\"false\" value=\"\" type=\"date\" name=\"date-1st\" \/><\/span>\n\t\t\t<\/p>\n\t\t<\/td>\n\t\t<td>\n\t\t\t<p>Date d\u2019arriv\u00e9e (second choix) <span class=\"required\">*<\/span>\n\t\t\t<\/p>\n\t\t\t<p><span class=\"wpcf7-form-control-wrap\" data-name=\"date-2nd\"><input class=\"wpcf7-form-control wpcf7-date wpcf7-validates-as-required wpcf7-validates-as-date\" aria-required=\"true\" aria-invalid=\"false\" value=\"\" type=\"date\" name=\"date-2nd\" \/><\/span>\n\t\t\t<\/p>\n\t\t<\/td>\n\t<\/tr>\n\t<tr>\n\t\t<td colspan=\"2\">\n\t\t\t<p><span class=\"wpcf7-form-control-wrap\" data-name=\"checkbox-half-board\"><span class=\"wpcf7-form-control wpcf7-checkbox\"><span class=\"wpcf7-list-item first last\"><input type=\"checkbox\" name=\"checkbox-half-board[]\" value=\"Oui\" \/><span class=\"wpcf7-list-item-label\">Oui<\/span><\/span><\/span><\/span> - Je suis int\u00e9ress\u00e9 par le forfait demi-pension\n\t\t\t<\/p>\n\t\t<\/td>\n\t<\/tr>\n\t<tr>\n\t\t<td colspan=\"2\">\n\t\t\t<p><span class=\"wpcf7-form-control-wrap\" data-name=\"checkbox-car-rental\"><span class=\"wpcf7-form-control wpcf7-checkbox\"><span class=\"wpcf7-list-item first last\"><input type=\"checkbox\" name=\"checkbox-car-rental[]\" value=\"Oui\" \/><span class=\"wpcf7-list-item-label\">Oui<\/span><\/span><\/span><\/span> - Je suis int\u00e9ress\u00e9 par la location de voiture\n\t\t\t<\/p>\n\t\t<\/td>\n\t<\/tr>\n\t<tr>\n\t\t<td colspan=\"2\">\n\t\t\t<p>Commentaire<br \/>\n<span class=\"wpcf7-form-control-wrap\" data-name=\"your-message\"><textarea cols=\"40\" rows=\"10\" maxlength=\"2000\" class=\"wpcf7-form-control wpcf7-textarea\" aria-invalid=\"false\" name=\"your-message\"><\/textarea><\/span>\n\t\t\t<\/p>\n\t\t<\/td>\n\t<\/tr>\n\t<tr>\n\t\t<td colspan=\"2\">\n\t\t\t<p><span class=\"wpcf7-form-control-wrap\" data-name=\"hr-terms\"><span class=\"wpcf7-form-control wpcf7-checkbox wpcf7-validates-as-required\"><span class=\"wpcf7-list-item first last\"><input type=\"checkbox\" name=\"hr-terms[]\" value=\"Yes\" \/><span class=\"wpcf7-list-item-label\">Yes<\/span><\/span><\/span><\/span><a id=\"toggle\" href=\"javascript:();\">J\u2019ai lu et compris les termes et conditions.<\/a>\n\t\t\t<\/p>\n\t\t\t<div id=\"showTerms\">\n\t\t\t\t<h3>Termes et Conditions\n\t\t\t\t<\/h3>\n\t\t\t\t<ol>\n\t\t\t\t\t<li>\n\t\t\t\t\t\t<p>Le personnel et les adh\u00e9rents au Club d'Heritage Resort ne peuvent pas b\u00e9n\u00e9ficier de cette offre promotionnelle.\n\t\t\t\t\t\t<\/p>\n\t\t\t\t\t<\/li>\n\t\t\t\t\t<li>\n\t\t\t\t\t\t<p>Les participants doivent avoir entre 30 et 60 ans et \u00eatre mari\u00e9s ou vivre en concubinage depuis au moins 3 ans.\n\t\t\t\t\t\t<\/p>\n\t\t\t\t\t<\/li>\n\t\t\t\t\t<li>\n\t\t\t\t\t\t<p>Les participants doivent \u00eatre employ\u00e9s comme salari\u00e9s.\n\t\t\t\t\t\t<\/p>\n\t\t\t\t\t<\/li>\n\t\t\t\t\t<li>\n\t\t\t\t\t\t<p>L\u2019appartement peut loger 4 personnes au maximum (y compris les enfants ou les tr\u00e8s jeunes enfants).\n\t\t\t\t\t\t<\/p>\n\t\t\t\t\t<\/li>\n\t\t\t\t\t<li>\n\t\t\t\t\t\t<p>Un s\u00e9jour d\u2019une semaine commencera le samedi jusqu\u2019au samedi suivant, ce qui est le jour d\u2019arriv\u00e9e et de d\u00e9part normal dans les r\u00e9sidences. Il y a un nombre limit\u00e9 d\u2019appartements disponibles du vendredi au vendredi.\n\t\t\t\t\t\t<\/p>\n\t\t\t\t\t<\/li>\n\t\t\t\t\t<li>\n\t\t\t\t\t\t<p>Une confirmation \u00e9crite est demand\u00e9e \u00e0 l\u2019arriv\u00e9e.\n\t\t\t\t\t\t<\/p>\n\t\t\t\t\t<\/li>\n\t\t\t\t\t<li>\n\t\t\t\t\t\t<p>Le taux exact de cette offre extr\u00eamement avantageuse sera fix\u00e9 par Heritage Resorts \u00e0 r\u00e9ception de votre formulaire de demande et d\u00e9pend de la p\u00e9riode de l\u2019ann\u00e9e et de la taille du logement occup\u00e9. Une caution de 120 \u20ac, remboursable, sera demand\u00e9e conform\u00e9ment aux clauses 14 et 15 de ces termes et conditions.\n\t\t\t\t\t\t<\/p>\n\t\t\t\t\t<\/li>\n\t\t\t\t\t<li>\n\t\t\t\t\t\t<p>Pendant leur s\u00e9jour dans l\u2019une des r\u00e9sidences, les participants doivent avoir pleinement conscience que, pour pouvoir b\u00e9n\u00e9ficier du taux r\u00e9duit sp\u00e9cial de logement dans la r\u00e9sidence, ils doivent participer \u00e0 une visite de la r\u00e9sidence et de ses installations avec un repr\u00e9sentant pendant au moins 90 minutes. Il n\u2019y a aucune obligation d\u2019achat.\n\t\t\t\t\t\t<\/p>\n\t\t\t\t\t<\/li>\n\t\t\t\t\t<li>\n\t\t\t\t\t\t<p>La pr\u00e9sentation mentionn\u00e9e \u00e0 la clause 8 doit \u00eatre suivie par les deux parties mentionn\u00e9es \u00e0 la clause 2.\n\t\t\t\t\t\t<\/p>\n\t\t\t\t\t<\/li>\n\t\t\t\t\t<li>\n\t\t\t\t\t\t<p>Les participants ont pleinement conscience que tous les frais de transports et les d\u00e9penses secondaires li\u00e9es au transport vers la r\u00e9sidence et depuis la r\u00e9sidence, quel que soit le moyen de transport, seront \u00e0 leur charge. Tous les autres frais de bouche par exemple ne sont pas compris dans cette offre.\n\t\t\t\t\t\t<\/p>\n\t\t\t\t\t<\/li>\n\t\t\t\t\t<li>\n\t\t\t\t\t\t<p>Il est de la responsabilit\u00e9 du responsable du groupe et de tous les accompagnateurs de v\u00e9rifier que les personnes sont en possession d\u2019un passeport en cours de validit\u00e9.\n\t\t\t\t\t\t<\/p>\n\t\t\t\t\t<\/li>\n\t\t\t\t\t<li>\n\t\t\t\t\t\t<p>Heritage Resorts se r\u00e9serve le droit de vous loger dans des r\u00e9sidences qui ne sont pas des r\u00e9sidences Heritage.\n\t\t\t\t\t\t<\/p>\n\t\t\t\t\t<\/li>\n\t\t\t\t\t<li>\n\t\t\t\t\t\t<p>Nous vous prions de bien vouloir nous indiquer les renseignements concernant votre vol (num\u00e9ro du vol, compagnie a\u00e9rienne et date et heure d\u2019arriv\u00e9e) au moins 4 semaines avant l\u2019arriv\u00e9e.\n\t\t\t\t\t\t<\/p>\n\t\t\t\t\t<\/li>\n\t\t\t\t\t<li>\n\t\t\t\t\t\t<p>Les personnes qui font une demande sont responsables de l\u2019\u00e9tat du mobilier et de tout ce qui se trouve dans l\u2019appartement fourni par Heritage Resorts pendant toute la dur\u00e9e de leur s\u00e9jour.\n\t\t\t\t\t\t<\/p>\n\t\t\t\t\t<\/li>\n\t\t\t\t\t<li>\n\t\t\t\t\t\t<p>En remplissant le formulaire de demande, les participants reconnaissent qu\u2019ils ont lu soigneusement et compris les termes et conditions et acceptent d\u2019\u00eatre li\u00e9s par les m\u00eames \u00e0 tout moment et \u00e0 d\u00e9faut, la caution de 120 \u20ac ne leur sera pas rendue.\n\t\t\t\t\t\t<\/p>\n\t\t\t\t\t<\/li>\n\t\t\t\t<\/ol>\n\t\t\t<\/div>\n\t\t<\/td>\n\t<\/tr>\n\t<tr>\n\t\t<td colspan=\"2\">\n\t\t<\/td>\n\t<\/tr>\n\t<tr>\n\t\t<td>\n\t\t<\/td>\n\t\t<td>\n\t\t\t<p><input class=\"wpcf7-form-control wpcf7-submit has-spinner\" type=\"submit\" value=\"Soumettez votre demande\" \/>\n\t\t\t<\/p>\n\t\t<\/td>\n\t<\/tr>\n<\/table><p style=\"display: none !important;\" class=\"akismet-fields-container\" data-prefix=\"_wpcf7_ak_\"><label>&#916;<textarea name=\"_wpcf7_ak_hp_textarea\" cols=\"45\" rows=\"8\" maxlength=\"100\"><\/textarea><\/label><input type=\"hidden\" id=\"ak_js_2\" name=\"_wpcf7_ak_js\" value=\"153\"\/><script>document.getElementById( \"ak_js_2\" ).setAttribute( \"value\", ( new Date() ).getTime() );<\/script><\/p><div class=\"wpcf7-response-output\" aria-hidden=\"true\"><\/div>\n<\/form>\n<\/div>\n<\/p>","protected":false},"excerpt":{"rendered":"<p>Tirage mensuel pour gagner vos vacances. Gagnez vos vacances avec les r\u00e9sidences Heritage. Chaque mois Heritage Resorts organisent un tirage pour des vacances familiales gratuites sur le fabuleux site de la Costa Del Sol, Espagne. Le prix est d\u2019une semaine<span class=\"ellipsis\">&hellip;<\/span><\/p>\n<div class=\"read-more\"><a href=\"https:\/\/www.heritageresorts.com\/fr\/contact-us\/holiday-competition\">Read more &#8250;<\/a><\/div>\n<p><!-- end of .read-more --><\/p>\n","protected":false},"author":1,"featured_media":0,"parent":36,"menu_order":1,"comment_status":"closed","ping_status":"closed","template":"","meta":{"footnotes":""},"class_list":["post-476","page","type-page","status-publish","hentry"],"_links":{"self":[{"href":"https:\/\/www.heritageresorts.com\/fr\/wp-json\/wp\/v2\/pages\/476","targetHints":{"allow":["GET"]}}],"collection":[{"href":"https:\/\/www.heritageresorts.com\/fr\/wp-json\/wp\/v2\/pages"}],"about":[{"href":"https:\/\/www.heritageresorts.com\/fr\/wp-json\/wp\/v2\/types\/page"}],"author":[{"embeddable":true,"href":"https:\/\/www.heritageresorts.com\/fr\/wp-json\/wp\/v2\/users\/1"}],"replies":[{"embeddable":true,"href":"https:\/\/www.heritageresorts.com\/fr\/wp-json\/wp\/v2\/comments?post=476"}],"version-history":[{"count":0,"href":"https:\/\/www.heritageresorts.com\/fr\/wp-json\/wp\/v2\/pages\/476\/revisions"}],"up":[{"embeddable":true,"href":"https:\/\/www.heritageresorts.com\/fr\/wp-json\/wp\/v2\/pages\/36"}],"wp:attachment":[{"href":"https:\/\/www.heritageresorts.com\/fr\/wp-json\/wp\/v2\/media?parent=476"}],"curies":[{"name":"wp","href":"https:\/\/api.w.org\/{rel}","templated":true}]}}