{"id":360,"date":"2018-11-21T11:26:40","date_gmt":"2018-11-21T09:26:40","guid":{"rendered":"http:\/\/www.heritageresorts.com\/2020\/?page_id=360"},"modified":"2019-04-03T13:37:17","modified_gmt":"2019-04-03T11:37:17","slug":"ambassador-club","status":"publish","type":"page","link":"https:\/\/www.heritageresorts.com\/fr\/members\/ambassador-club","title":{"rendered":"Programme d\u2019orientations des membres"},"content":{"rendered":"<p><\/p>\n<h3>Nouveau! Le Club Heritage Ambassador<\/h3>\n<p><strong><img loading=\"lazy\" decoding=\"async\" src=\"https:\/\/www.heritageresorts.com\/wp-content\/uploads\/2019\/03\/intro-member.jpg\" alt=\"\" width=\"300\" height=\"221\" class=\"alignright size-full wp-image-618\" \/>En exclusivit\u00e9 pour les membres du Club International d&rsquo;Heritage.<\/strong><\/p>\n<p>Initiez vos amis \u00e0 Heritage Resorts &#8211; vos amis vous seront reconnaissants!<\/p>\n<p>La majorit\u00e9 de nos nouveaux membres nous rejoigne gr\u00e2ce au parrainage, cela nous donne beaucoup de satisfaction en sachant que nos membres sont si heureux de nos produits et services qu&rsquo;ils sont heureux de nous pr\u00e9senter leurs amis. Ces introductions sont les bienvenus surtout quand nous avons la force de votre t\u00e9moignage avec nous.<\/p>\n<p>Comme vous le voyez il y a une occasion pour vous et pour vos amis de gagner un revenu r\u00e9el! Vous pouvez utiliser ces revenus suppl\u00e9mentaires pour compenser vos frais d&rsquo;entretien, payer les vols, ou le d\u00e9penser pendant vos vacances, ainsi vous l&rsquo;utiliser comme vous le souhaitez. Vos amis vous remercieront de leur adoption \u00e0 une vie de super vacances et d&rsquo;\u00eatre \u00e9galement en mesure de compl\u00e9ter leurs revenus eux m\u00eame.<\/p>\n<h3>Voici comment l&rsquo;Ambassador Club fonctionne:<\/h3>\n<p>VOUS &#8211; (LE MEMBER) en introduisant un ami \u00e0 Heritage Resorts, quand ils ach\u00e8tent, nous serons heureux de vous donner 500 euros, Vous continuerez \u00e0 recevoir 500 euros pour l&rsquo;achat de chaque nouvelle introduction, et vous pouvez introduire autant de personne que vous le souhaitez!<\/p>\n<p>Cette prime s&rsquo;applique \u00e0 tous les amis que vous pr\u00e9senter, qui ach\u00e8te &#8211; votre revenu est sans limites!<\/p>\n<p>Vos amis seront ravis d&rsquo;avoir l&rsquo;opportunit\u00e9 de gagner ces revenus suppl\u00e9mentaires aussi lors de leur adh\u00e9sion!<\/p>\n<p>Vos amis peuvent voir eux-m\u00eames!<\/p>\n<p>NOUS SERONT HEUREUX D\u2019OFFRIR \u00c0 VOS AMIS UNE SEMAINE GRATUITE DE VACANCES DANS UNE R\u00c9SIDENCE DE HERITAGE RESORT POUR VOIR CE QUE des vacances r\u00e9ussies et favorable \u00e0 leur adh\u00e9sion (voir les d\u00e9tails de qualification ci-dessous.)<\/p>\n<p>* Noter: Ce syst\u00e8me annule et remplace toutes les offres de r\u00e9f\u00e9rence pr\u00e9c\u00e9dente. Pour b\u00e9n\u00e9ficier de ce r\u00e9gime, votre lien de parrainage doit acheter au minimum une adh\u00e9sion d\u2019une chambre \u00e0 coucher. Toutes les offres seront soumises \u00e0 disponibilit\u00e9. Heritage Resorts.<\/p>\n<h3>Voici ce qu&rsquo;il faut faire ensuite:<\/h3>\n<p>Vous assurer que vos amis \/ famille r\u00e9pondre \u00e0 nos exigences de base pour l&rsquo;offre semaines gratuites d&rsquo;h\u00e9bergements:<\/p>\n<ol>\n<li>L&rsquo;offre est valable pour les couples et leurs enfants qui sont mari\u00e9s ou vivent ensemble pendant un minimum de 3 ans.<\/li>\n<li>Il y aura une pr\u00e9sentation de 90 minutes d&rsquo;Heritage Resorts pendant leur s\u00e9jour.<\/li>\n<li>Il y a des frais administratifs de 100 euros.<\/li>\n<\/ol>\n<p>Notre \u00e9quipe marketing prendra contact avec vos amis \/ parents pour organiser l&rsquo;h\u00e9bergement et des dates vous convenant.<\/p>\n<p><strong>C&rsquo;est tout ce qu&rsquo;il ya \u00e0 faire, nous ferons le reste.<\/strong><\/p>\n<p>Fournissez autant d&rsquo;informations que possible pour que l&rsquo;un de nos collaborateurs puisse r\u00e9pondre aussi rapidement que possible.<\/p>\n<p>\n<div class=\"wpcf7 no-js\" id=\"wpcf7-f626-o2\" lang=\"en-US\" dir=\"ltr\" data-wpcf7-id=\"626\">\n<div class=\"screen-reader-response\"><p role=\"status\" aria-live=\"polite\" aria-atomic=\"true\"><\/p> <ul><\/ul><\/div>\n<form action=\"\/fr\/wp-json\/wp\/v2\/pages\/360#wpcf7-f626-o2\" method=\"post\" class=\"wpcf7-form init\" aria-label=\"Contact form\" novalidate=\"novalidate\" data-status=\"init\">\n<fieldset class=\"hidden-fields-container\"><input type=\"hidden\" name=\"_wpcf7\" value=\"626\" \/><input type=\"hidden\" name=\"_wpcf7_version\" value=\"6.1.5\" \/><input type=\"hidden\" name=\"_wpcf7_locale\" value=\"en_US\" \/><input type=\"hidden\" name=\"_wpcf7_unit_tag\" value=\"wpcf7-f626-o2\" \/><input type=\"hidden\" name=\"_wpcf7_container_post\" value=\"0\" \/><input type=\"hidden\" name=\"_wpcf7_posted_data_hash\" value=\"\" \/><input type=\"hidden\" name=\"_wpcf7_recaptcha_response\" value=\"\" \/>\n<\/fieldset>\n<table>\n\t<tr>\n\t\t<td colspan=\"2\">\n\t\t\t<h3>Renseignements concernant votre adh\u00e9sion\n\t\t\t<\/h3>\n\t\t<\/td>\n\t<\/tr>\n\t<tr>\n\t\t<td>\n\t\t\t<p>Pr\u00e9nom <span class=\"required\">*<\/span><br \/>\n<span class=\"wpcf7-form-control-wrap\" data-name=\"your-name\"><input size=\"40\" maxlength=\"400\" class=\"wpcf7-form-control wpcf7-text wpcf7-validates-as-required\" aria-required=\"true\" aria-invalid=\"false\" value=\"\" type=\"text\" name=\"your-name\" \/><\/span>\n\t\t\t<\/p>\n\t\t<\/td>\n\t\t<td>\n\t\t\t<p>Nom <span class=\"required\">*<\/span><br \/>\n<span class=\"wpcf7-form-control-wrap\" data-name=\"your-surname\"><input size=\"40\" maxlength=\"400\" class=\"wpcf7-form-control wpcf7-text wpcf7-validates-as-required\" aria-required=\"true\" aria-invalid=\"false\" value=\"\" type=\"text\" name=\"your-surname\" \/><\/span>\n\t\t\t<\/p>\n\t\t<\/td>\n\t<\/tr>\n\t<tr>\n\t\t<td>\n\t\t\t<p>Num\u00e9ro de contrat <span class=\"required\">*<\/span><br \/>\n<span class=\"wpcf7-form-control-wrap\" data-name=\"your-contract\"><input size=\"40\" maxlength=\"400\" class=\"wpcf7-form-control wpcf7-text wpcf7-validates-as-required\" aria-required=\"true\" aria-invalid=\"false\" value=\"\" type=\"text\" name=\"your-contract\" \/><\/span>\n\t\t\t<\/p>\n\t\t<\/td>\n\t\t<td>\n\t\t\t<p>T\u00e9l\u00e9phone \/ Portable <span class=\"required\">*<\/span><br \/>\n<span class=\"wpcf7-form-control-wrap\" data-name=\"your-phone\"><input size=\"40\" maxlength=\"400\" class=\"wpcf7-form-control wpcf7-text wpcf7-validates-as-required\" aria-required=\"true\" aria-invalid=\"false\" value=\"\" type=\"text\" name=\"your-phone\" \/><\/span>\n\t\t\t<\/p>\n\t\t<\/td>\n\t<\/tr>\n\t<tr>\n\t\t<td colspan=\"2\">\n\t\t\t<p>Email <span class=\"required\">*<\/span><br \/>\n<span class=\"wpcf7-form-control-wrap\" data-name=\"your-email\"><input size=\"40\" maxlength=\"400\" class=\"wpcf7-form-control wpcf7-email wpcf7-validates-as-required wpcf7-text wpcf7-validates-as-email\" aria-required=\"true\" aria-invalid=\"false\" value=\"\" type=\"email\" name=\"your-email\" \/><\/span>\n\t\t\t<\/p>\n\t\t<\/td>\n\t<\/tr>\n\t<tr>\n\t\t<td colspan=\"2\">\n\t\t\t<h3>Coordonn\u00e9es pour le couple 1er\n\t\t\t<\/h3>\n\t\t<\/td>\n\t<\/tr>\n\t<tr>\n\t\t<td>\n\t\t\t<p>Nom complet <span class=\"required\">*<\/span><br \/>\n<span class=\"wpcf7-form-control-wrap\" data-name=\"ref1-name\"><input size=\"40\" maxlength=\"400\" class=\"wpcf7-form-control wpcf7-text wpcf7-validates-as-required\" aria-required=\"true\" aria-invalid=\"false\" value=\"\" type=\"text\" name=\"ref1-name\" \/><\/span>\n\t\t\t<\/p>\n\t\t<\/td>\n\t\t<td>\n\t\t\t<p>Nationalit\u00e9 <span class=\"required\">*<\/span><br \/>\n<span class=\"wpcf7-form-control-wrap\" data-name=\"ref1-country\"><input size=\"40\" maxlength=\"400\" class=\"wpcf7-form-control wpcf7-text wpcf7-validates-as-required\" aria-required=\"true\" aria-invalid=\"false\" value=\"\" type=\"text\" name=\"ref1-country\" \/><\/span>\n\t\t\t<\/p>\n\t\t<\/td>\n\t<\/tr>\n\t<tr>\n\t\t<td>\n\t\t\t<p>T\u00e9l\u00e9phone \/ Portable <span class=\"required\">*<\/span><br \/>\n<span class=\"wpcf7-form-control-wrap\" data-name=\"ref1-phone\"><input size=\"40\" maxlength=\"400\" class=\"wpcf7-form-control wpcf7-text wpcf7-validates-as-required\" aria-required=\"true\" aria-invalid=\"false\" value=\"\" type=\"text\" name=\"ref1-phone\" \/><\/span>\n\t\t\t<\/p>\n\t\t<\/td>\n\t\t<td>\n\t\t\t<p>Email <span class=\"required\">*<\/span><br \/>\n<span class=\"wpcf7-form-control-wrap\" data-name=\"ref1-email\"><input size=\"40\" maxlength=\"400\" class=\"wpcf7-form-control wpcf7-email wpcf7-validates-as-required wpcf7-text wpcf7-validates-as-email\" aria-required=\"true\" aria-invalid=\"false\" value=\"\" type=\"email\" name=\"ref1-email\" \/><\/span>\n\t\t\t<\/p>\n\t\t<\/td>\n\t<\/tr>\n\t<tr>\n\t\t<td colspan=\"2\">\n\t\t\t<h3>Coordonn\u00e9es pour le couple 2e (facultatif)\n\t\t\t<\/h3>\n\t\t<\/td>\n\t<\/tr>\n\t<tr>\n\t\t<td>\n\t\t\t<p>Nom complet<br \/>\n<span class=\"wpcf7-form-control-wrap\" data-name=\"ref2-name\"><input size=\"40\" maxlength=\"400\" class=\"wpcf7-form-control wpcf7-text\" aria-invalid=\"false\" value=\"\" type=\"text\" name=\"ref2-name\" \/><\/span>\n\t\t\t<\/p>\n\t\t<\/td>\n\t\t<td>\n\t\t\t<p>Nationalit\u00e9<br \/>\n<span class=\"wpcf7-form-control-wrap\" data-name=\"ref2-country\"><input size=\"40\" maxlength=\"400\" class=\"wpcf7-form-control wpcf7-text\" aria-invalid=\"false\" value=\"\" type=\"text\" name=\"ref2-country\" \/><\/span>\n\t\t\t<\/p>\n\t\t<\/td>\n\t<\/tr>\n\t<tr>\n\t\t<td>\n\t\t\t<p>T\u00e9l\u00e9phone \/ Portable<br \/>\n<span class=\"wpcf7-form-control-wrap\" data-name=\"ref2-phone\"><input size=\"40\" maxlength=\"400\" class=\"wpcf7-form-control wpcf7-text\" aria-invalid=\"false\" value=\"\" type=\"text\" name=\"ref2-phone\" \/><\/span>\n\t\t\t<\/p>\n\t\t<\/td>\n\t\t<td>\n\t\t\t<p>Email<br \/>\n<span class=\"wpcf7-form-control-wrap\" data-name=\"ref2-email\"><input size=\"40\" maxlength=\"400\" class=\"wpcf7-form-control wpcf7-email wpcf7-text wpcf7-validates-as-email\" aria-invalid=\"false\" value=\"\" type=\"email\" name=\"ref2-email\" \/><\/span>\n\t\t\t<\/p>\n\t\t<\/td>\n\t<\/tr>\n\t<tr>\n\t\t<td colspan=\"2\">\n\t\t\t<h3>Coordonn\u00e9es pour le couple 3e (facultatif)\n\t\t\t<\/h3>\n\t\t<\/td>\n\t<\/tr>\n\t<tr>\n\t\t<td>\n\t\t\t<p>Nom complet<br \/>\n<span class=\"wpcf7-form-control-wrap\" data-name=\"ref3-name\"><input size=\"40\" maxlength=\"400\" class=\"wpcf7-form-control wpcf7-text\" aria-invalid=\"false\" value=\"\" type=\"text\" name=\"ref3-name\" \/><\/span>\n\t\t\t<\/p>\n\t\t<\/td>\n\t\t<td>\n\t\t\t<p>Nationalit\u00e9<br \/>\n<span class=\"wpcf7-form-control-wrap\" data-name=\"ref3-country\"><input size=\"40\" maxlength=\"400\" class=\"wpcf7-form-control wpcf7-text\" aria-invalid=\"false\" value=\"\" type=\"text\" name=\"ref3-country\" \/><\/span>\n\t\t\t<\/p>\n\t\t<\/td>\n\t<\/tr>\n\t<tr>\n\t\t<td>\n\t\t\t<p>T\u00e9l\u00e9phone \/ Portable<br \/>\n<span class=\"wpcf7-form-control-wrap\" data-name=\"ref3-phone\"><input size=\"40\" maxlength=\"400\" class=\"wpcf7-form-control wpcf7-text\" aria-invalid=\"false\" value=\"\" type=\"text\" name=\"ref3-phone\" \/><\/span>\n\t\t\t<\/p>\n\t\t<\/td>\n\t\t<td>\n\t\t\t<p>Email<br \/>\n<span class=\"wpcf7-form-control-wrap\" data-name=\"ref3-email\"><input size=\"40\" maxlength=\"400\" class=\"wpcf7-form-control wpcf7-email wpcf7-text wpcf7-validates-as-email\" aria-invalid=\"false\" value=\"\" type=\"email\" name=\"ref3-email\" \/><\/span>\n\t\t\t<\/p>\n\t\t<\/td>\n\t<\/tr>\n\t<tr>\n\t\t<td colspan=\"2\">\n\t\t<\/td>\n\t<\/tr>\n\t<tr>\n\t\t<td>\n\t\t\t<p>&nbsp;\n\t\t\t<\/p>\n\t\t<\/td>\n\t\t<td>\n\t\t\t<p><input class=\"wpcf7-form-control wpcf7-submit has-spinner\" type=\"submit\" value=\"Soumettez votre demande\" \/>\n\t\t\t<\/p>\n\t\t<\/td>\n\t<\/tr>\n<\/table><p style=\"display: none !important;\" class=\"akismet-fields-container\" data-prefix=\"_wpcf7_ak_\"><label>&#916;<textarea name=\"_wpcf7_ak_hp_textarea\" cols=\"45\" rows=\"8\" maxlength=\"100\"><\/textarea><\/label><input type=\"hidden\" id=\"ak_js_2\" name=\"_wpcf7_ak_js\" value=\"83\"\/><script>document.getElementById( \"ak_js_2\" ).setAttribute( \"value\", ( new Date() ).getTime() );<\/script><\/p><div class=\"wpcf7-response-output\" aria-hidden=\"true\"><\/div>\n<\/form>\n<\/div>\n<\/p>","protected":false},"excerpt":{"rendered":"<p>Nouveau! Le Club Heritage Ambassador En exclusivit\u00e9 pour les membres du Club International d&rsquo;Heritage. Initiez vos amis \u00e0 Heritage Resorts &#8211; vos amis vous seront reconnaissants! La majorit\u00e9 de nos nouveaux membres nous rejoigne gr\u00e2ce au parrainage, cela nous donne<span class=\"ellipsis\">&hellip;<\/span><\/p>\n<div class=\"read-more\"><a href=\"https:\/\/www.heritageresorts.com\/fr\/members\/ambassador-club\">Read more &#8250;<\/a><\/div>\n<p><!-- end of .read-more --><\/p>\n","protected":false},"author":1,"featured_media":0,"parent":343,"menu_order":0,"comment_status":"closed","ping_status":"closed","template":"","meta":{"footnotes":""},"class_list":["post-360","page","type-page","status-publish","hentry"],"_links":{"self":[{"href":"https:\/\/www.heritageresorts.com\/fr\/wp-json\/wp\/v2\/pages\/360","targetHints":{"allow":["GET"]}}],"collection":[{"href":"https:\/\/www.heritageresorts.com\/fr\/wp-json\/wp\/v2\/pages"}],"about":[{"href":"https:\/\/www.heritageresorts.com\/fr\/wp-json\/wp\/v2\/types\/page"}],"author":[{"embeddable":true,"href":"https:\/\/www.heritageresorts.com\/fr\/wp-json\/wp\/v2\/users\/1"}],"replies":[{"embeddable":true,"href":"https:\/\/www.heritageresorts.com\/fr\/wp-json\/wp\/v2\/comments?post=360"}],"version-history":[{"count":0,"href":"https:\/\/www.heritageresorts.com\/fr\/wp-json\/wp\/v2\/pages\/360\/revisions"}],"up":[{"embeddable":true,"href":"https:\/\/www.heritageresorts.com\/fr\/wp-json\/wp\/v2\/pages\/343"}],"wp:attachment":[{"href":"https:\/\/www.heritageresorts.com\/fr\/wp-json\/wp\/v2\/media?parent=360"}],"curies":[{"name":"wp","href":"https:\/\/api.w.org\/{rel}","templated":true}]}}