{"id":347,"date":"2018-11-21T10:55:01","date_gmt":"2018-11-21T08:55:01","guid":{"rendered":"http:\/\/www.heritageresorts.com\/2020\/?page_id=347"},"modified":"2019-03-21T15:30:43","modified_gmt":"2019-03-21T13:30:43","slug":"pre-arrival-information","status":"publish","type":"page","link":"https:\/\/www.heritageresorts.com\/fr\/members\/pre-arrival-information","title":{"rendered":"Information pr\u00e9alable \u00e0 l&rsquo;arriv\u00e9e"},"content":{"rendered":"<p><img loading=\"lazy\" decoding=\"async\" src=\"https:\/\/www.heritageresorts.com\/wp-content\/uploads\/2019\/03\/heritage-welcome.jpg\" alt=\"\" width=\"620\" height=\"236\" class=\"alignnone size-full wp-image-532\" srcset=\"https:\/\/www.heritageresorts.com\/wp-content\/uploads\/2019\/03\/heritage-welcome.jpg 620w, https:\/\/www.heritageresorts.com\/wp-content\/uploads\/2019\/03\/heritage-welcome-600x228.jpg 600w\" sizes=\"auto, (max-width: 620px) 100vw, 620px\" \/><\/p>\n<h3>Veuillez s&rsquo;il vous plait s\u00e9lectionner une des options ci-dessous:<\/h3>\n<p><a href=\".\/pre-arrival-information\/owner-stay\" class=\"info-box\" style=\"background:#cdcdcd;line-height:36px;\">Je vais utiliser mes semaines de vacances dans vos r\u00e9sidences<\/a><\/p>\n<p><a href=\".\/pre-arrival-information\/spacebanking\/\" class=\"info-box\" style=\"background:#dcdcdc;line-height:36px;\">J&rsquo;ai ou je vais mettre mes semaines en banque chez RCI cette ann\u00e9e<\/a><\/p>\n<p><a href=\".\/pre-arrival-information\/friend-stay\/\" class=\"info-box\" style=\"background:#dedede;line-height:36px;\">J&rsquo;ai autoris\u00e9 d&rsquo;autres personnes \u00e0 utiliser ma semaine cette ann\u00e9e<\/a><\/p>\n<p><a href=\".\/pre-arrival-information\/rci\/\" class=\"info-box\" style=\"background:#ededed;line-height:36px;\">Je vais venir en \u00e9change RCI dans l&rsquo;une de vos r\u00e9sidences<\/a><\/p>","protected":false},"excerpt":{"rendered":"<p>Veuillez s&rsquo;il vous plait s\u00e9lectionner une des options ci-dessous: Je vais utiliser mes semaines de vacances dans vos r\u00e9sidences J&rsquo;ai ou je vais mettre mes semaines en banque chez RCI cette ann\u00e9e J&rsquo;ai autoris\u00e9 d&rsquo;autres personnes \u00e0 utiliser ma semaine<span class=\"ellipsis\">&hellip;<\/span><\/p>\n<div class=\"read-more\"><a href=\"https:\/\/www.heritageresorts.com\/fr\/members\/pre-arrival-information\">Read more &#8250;<\/a><\/div>\n<p><!-- end of .read-more --><\/p>\n","protected":false},"author":1,"featured_media":0,"parent":343,"menu_order":0,"comment_status":"closed","ping_status":"closed","template":"","meta":{"footnotes":""},"class_list":["post-347","page","type-page","status-publish","hentry"],"_links":{"self":[{"href":"https:\/\/www.heritageresorts.com\/fr\/wp-json\/wp\/v2\/pages\/347","targetHints":{"allow":["GET"]}}],"collection":[{"href":"https:\/\/www.heritageresorts.com\/fr\/wp-json\/wp\/v2\/pages"}],"about":[{"href":"https:\/\/www.heritageresorts.com\/fr\/wp-json\/wp\/v2\/types\/page"}],"author":[{"embeddable":true,"href":"https:\/\/www.heritageresorts.com\/fr\/wp-json\/wp\/v2\/users\/1"}],"replies":[{"embeddable":true,"href":"https:\/\/www.heritageresorts.com\/fr\/wp-json\/wp\/v2\/comments?post=347"}],"version-history":[{"count":0,"href":"https:\/\/www.heritageresorts.com\/fr\/wp-json\/wp\/v2\/pages\/347\/revisions"}],"up":[{"embeddable":true,"href":"https:\/\/www.heritageresorts.com\/fr\/wp-json\/wp\/v2\/pages\/343"}],"wp:attachment":[{"href":"https:\/\/www.heritageresorts.com\/fr\/wp-json\/wp\/v2\/media?parent=347"}],"curies":[{"name":"wp","href":"https:\/\/api.w.org\/{rel}","templated":true}]}}