{"id":33,"date":"2014-02-12T15:19:40","date_gmt":"2014-02-12T13:19:40","guid":{"rendered":"http:\/\/heritageresorts.com\/2014\/?page_id=33"},"modified":"2022-05-18T12:48:27","modified_gmt":"2022-05-18T10:48:27","slug":"about-heritage","status":"publish","type":"page","link":"https:\/\/www.heritageresorts.com\/fr\/about-heritage","title":{"rendered":"Sur nous"},"content":{"rendered":"<p><\/p>\n<h3>En vous donnant votre maison loin de votre maison!<\/h3>\n<p>Avec trente ans d&rsquo;exp\u00e9rience dans la construction et la gestion des centres de vacances, Heritage Resorts ont un portefeuille unique de vacances d\u00e9paysantes et des destinations de loisirs.<\/p>\n<p>Actuellement Heritage ont quatre r\u00e9sidences de la Costa del Sol, sud d&rsquo;Espagne.<\/p>\n<p>Plus; Whitewater Hotel and Leisure Clubsitu\u00e9 dans le Lake District.<\/p>\n<p>Golf views from Matchroom in EspagneLes r\u00e9sidences affili\u00e9es d&rsquo;Heritage dans le monde entier vient de fournir aux propri\u00e9taires avec un choix de arrosage de bouche de nouvelles, exotiques, les vacances.<\/p>\n<p>Les propri\u00e9taires de maisons de vacances dans les r\u00e9sidences d&rsquo;Heritage bient\u00f4t mis au courant des raisons d&rsquo;Heritage ont obtenu un tel succ\u00e8s: la combinaison d&rsquo;une influence de la famille, de la gestion de superbes et un engagement ferme \u00e0 faire en sorte que les meilleurs int\u00e9r\u00eats de leurs clients sont servis en tout temps offre le forfait id\u00e9al pour vacances \u00e9panouissantes.<\/p>\n<p>Contactez-nous pour les d\u00e9tails complets de la multitude de destinations de vacances fabuleuses disponible \u00e0 partir d&rsquo;Heritage Resorts.<\/p>","protected":false},"excerpt":{"rendered":"<p>En vous donnant votre maison loin de votre maison! Avec trente ans d&rsquo;exp\u00e9rience dans la construction et la gestion des centres de vacances, Heritage Resorts ont un portefeuille unique de vacances d\u00e9paysantes et des destinations de loisirs. Actuellement Heritage ont<span class=\"ellipsis\">&hellip;<\/span><\/p>\n<div class=\"read-more\"><a href=\"https:\/\/www.heritageresorts.com\/fr\/about-heritage\">Read more &#8250;<\/a><\/div>\n<p><!-- end of .read-more --><\/p>\n","protected":false},"author":1,"featured_media":0,"parent":0,"menu_order":5,"comment_status":"closed","ping_status":"open","template":"","meta":{"footnotes":""},"class_list":["post-33","page","type-page","status-publish","hentry"],"_links":{"self":[{"href":"https:\/\/www.heritageresorts.com\/fr\/wp-json\/wp\/v2\/pages\/33","targetHints":{"allow":["GET"]}}],"collection":[{"href":"https:\/\/www.heritageresorts.com\/fr\/wp-json\/wp\/v2\/pages"}],"about":[{"href":"https:\/\/www.heritageresorts.com\/fr\/wp-json\/wp\/v2\/types\/page"}],"author":[{"embeddable":true,"href":"https:\/\/www.heritageresorts.com\/fr\/wp-json\/wp\/v2\/users\/1"}],"replies":[{"embeddable":true,"href":"https:\/\/www.heritageresorts.com\/fr\/wp-json\/wp\/v2\/comments?post=33"}],"version-history":[{"count":0,"href":"https:\/\/www.heritageresorts.com\/fr\/wp-json\/wp\/v2\/pages\/33\/revisions"}],"wp:attachment":[{"href":"https:\/\/www.heritageresorts.com\/fr\/wp-json\/wp\/v2\/media?parent=33"}],"curies":[{"name":"wp","href":"https:\/\/api.w.org\/{rel}","templated":true}]}}