{"id":587,"date":"2019-03-21T14:05:53","date_gmt":"2019-03-21T12:05:53","guid":{"rendered":"http:\/\/www.heritageresorts.com\/2020\/?page_id=587"},"modified":"2019-04-03T13:38:52","modified_gmt":"2019-04-03T11:38:52","slug":"owner-stay","status":"publish","type":"page","link":"https:\/\/www.heritageresorts.com\/es\/members\/pre-arrival-information\/owner-stay","title":{"rendered":"(English) Owner stay"},"content":{"rendered":"<p class=\"qtranxs-available-languages-message qtranxs-available-languages-message-es\">Disculpa, pero esta entrada est\u00e1 disponible s\u00f3lo en <a href=\"https:\/\/www.heritageresorts.com\/en\/wp-json\/wp\/v2\/pages\/587\" class=\"qtranxs-available-language-link qtranxs-available-language-link-en\" title=\"English\">English<\/a>, <a href=\"https:\/\/www.heritageresorts.com\/fr\/wp-json\/wp\/v2\/pages\/587\" class=\"qtranxs-available-language-link qtranxs-available-language-link-fr\" title=\"Fran\u00e7ais\">Fran\u00e7ais<\/a>, <a href=\"https:\/\/www.heritageresorts.com\/it\/wp-json\/wp\/v2\/pages\/587\" class=\"qtranxs-available-language-link qtranxs-available-language-link-it\" title=\"Italiano\">Italiano<\/a>, <a href=\"https:\/\/www.heritageresorts.com\/pt\/wp-json\/wp\/v2\/pages\/587\" class=\"qtranxs-available-language-link qtranxs-available-language-link-pt\" title=\"Portugu\u00eas\">Portugu\u00eas<\/a> y <a href=\"https:\/\/www.heritageresorts.com\/ru\/wp-json\/wp\/v2\/pages\/587\" class=\"qtranxs-available-language-link qtranxs-available-language-link-ru\" title=\"Russian\">Russian<\/a>.<\/p>","protected":false},"excerpt":{"rendered":"<p>Disculpa, pero esta entrada est\u00e1 disponible s\u00f3lo en English, Fran\u00e7ais, Italiano, Portugu\u00eas y Russian.<\/p>\n","protected":false},"author":1,"featured_media":0,"parent":347,"menu_order":0,"comment_status":"closed","ping_status":"closed","template":"","meta":{"footnotes":""},"class_list":["post-587","page","type-page","status-publish","hentry"],"_links":{"self":[{"href":"https:\/\/www.heritageresorts.com\/es\/wp-json\/wp\/v2\/pages\/587","targetHints":{"allow":["GET"]}}],"collection":[{"href":"https:\/\/www.heritageresorts.com\/es\/wp-json\/wp\/v2\/pages"}],"about":[{"href":"https:\/\/www.heritageresorts.com\/es\/wp-json\/wp\/v2\/types\/page"}],"author":[{"embeddable":true,"href":"https:\/\/www.heritageresorts.com\/es\/wp-json\/wp\/v2\/users\/1"}],"replies":[{"embeddable":true,"href":"https:\/\/www.heritageresorts.com\/es\/wp-json\/wp\/v2\/comments?post=587"}],"version-history":[{"count":0,"href":"https:\/\/www.heritageresorts.com\/es\/wp-json\/wp\/v2\/pages\/587\/revisions"}],"up":[{"embeddable":true,"href":"https:\/\/www.heritageresorts.com\/es\/wp-json\/wp\/v2\/pages\/347"}],"wp:attachment":[{"href":"https:\/\/www.heritageresorts.com\/es\/wp-json\/wp\/v2\/media?parent=587"}],"curies":[{"name":"wp","href":"https:\/\/api.w.org\/{rel}","templated":true}]}}