{"id":488,"date":"2019-03-21T10:20:50","date_gmt":"2019-03-21T08:20:50","guid":{"rendered":"http:\/\/www.heritageresorts.com\/2020\/?page_id=488"},"modified":"2019-04-03T13:36:25","modified_gmt":"2019-04-03T11:36:25","slug":"maintenance-fees-enquiries","status":"publish","type":"page","link":"https:\/\/www.heritageresorts.com\/es\/contact-us\/maintenance-fees-enquiries","title":{"rendered":"(English) Maintenance fees enquiries"},"content":{"rendered":"<p class=\"qtranxs-available-languages-message qtranxs-available-languages-message-es\">Disculpa, pero esta entrada est\u00e1 disponible s\u00f3lo en <a href=\"https:\/\/www.heritageresorts.com\/en\/wp-json\/wp\/v2\/pages\/488\" class=\"qtranxs-available-language-link qtranxs-available-language-link-en\" title=\"English\">English<\/a>, <a href=\"https:\/\/www.heritageresorts.com\/fr\/wp-json\/wp\/v2\/pages\/488\" class=\"qtranxs-available-language-link qtranxs-available-language-link-fr\" title=\"Fran\u00e7ais\">Fran\u00e7ais<\/a>, <a href=\"https:\/\/www.heritageresorts.com\/it\/wp-json\/wp\/v2\/pages\/488\" class=\"qtranxs-available-language-link qtranxs-available-language-link-it\" title=\"Italiano\">Italiano<\/a>, <a href=\"https:\/\/www.heritageresorts.com\/pt\/wp-json\/wp\/v2\/pages\/488\" class=\"qtranxs-available-language-link qtranxs-available-language-link-pt\" title=\"Portugu\u00eas\">Portugu\u00eas<\/a> y <a href=\"https:\/\/www.heritageresorts.com\/ru\/wp-json\/wp\/v2\/pages\/488\" class=\"qtranxs-available-language-link qtranxs-available-language-link-ru\" title=\"Russian\">Russian<\/a>.<\/p>","protected":false},"excerpt":{"rendered":"<p>Disculpa, pero esta entrada est\u00e1 disponible s\u00f3lo en English, Fran\u00e7ais, Italiano, Portugu\u00eas y Russian.<\/p>\n","protected":false},"author":1,"featured_media":0,"parent":36,"menu_order":2,"comment_status":"closed","ping_status":"closed","template":"","meta":{"footnotes":""},"class_list":["post-488","page","type-page","status-publish","hentry"],"_links":{"self":[{"href":"https:\/\/www.heritageresorts.com\/es\/wp-json\/wp\/v2\/pages\/488","targetHints":{"allow":["GET"]}}],"collection":[{"href":"https:\/\/www.heritageresorts.com\/es\/wp-json\/wp\/v2\/pages"}],"about":[{"href":"https:\/\/www.heritageresorts.com\/es\/wp-json\/wp\/v2\/types\/page"}],"author":[{"embeddable":true,"href":"https:\/\/www.heritageresorts.com\/es\/wp-json\/wp\/v2\/users\/1"}],"replies":[{"embeddable":true,"href":"https:\/\/www.heritageresorts.com\/es\/wp-json\/wp\/v2\/comments?post=488"}],"version-history":[{"count":0,"href":"https:\/\/www.heritageresorts.com\/es\/wp-json\/wp\/v2\/pages\/488\/revisions"}],"up":[{"embeddable":true,"href":"https:\/\/www.heritageresorts.com\/es\/wp-json\/wp\/v2\/pages\/36"}],"wp:attachment":[{"href":"https:\/\/www.heritageresorts.com\/es\/wp-json\/wp\/v2\/media?parent=488"}],"curies":[{"name":"wp","href":"https:\/\/api.w.org\/{rel}","templated":true}]}}