{"id":47,"date":"2014-03-10T14:15:46","date_gmt":"2014-03-10T12:15:46","guid":{"rendered":"http:\/\/heritageresorts.com\/2014\/?page_id=47"},"modified":"2019-05-01T09:56:53","modified_gmt":"2019-05-01T07:56:53","slug":"marbella-beach-resort","status":"publish","type":"page","link":"https:\/\/www.heritageresorts.com\/es\/our-resorts-hotels\/marbella-beach-resort","title":{"rendered":"Marbella Beach Resort"},"content":{"rendered":"<p class=\"qtranxs-available-languages-message qtranxs-available-languages-message-es\">Disculpa, pero esta entrada est\u00e1 disponible s\u00f3lo en <a href=\"https:\/\/www.heritageresorts.com\/en\/wp-json\/wp\/v2\/pages\/47\" class=\"qtranxs-available-language-link qtranxs-available-language-link-en\" title=\"English\">English<\/a>, <a href=\"https:\/\/www.heritageresorts.com\/fr\/wp-json\/wp\/v2\/pages\/47\" class=\"qtranxs-available-language-link qtranxs-available-language-link-fr\" title=\"Fran\u00e7ais\">Fran\u00e7ais<\/a>, <a href=\"https:\/\/www.heritageresorts.com\/it\/wp-json\/wp\/v2\/pages\/47\" class=\"qtranxs-available-language-link qtranxs-available-language-link-it\" title=\"Italiano\">Italiano<\/a>, <a href=\"https:\/\/www.heritageresorts.com\/pt\/wp-json\/wp\/v2\/pages\/47\" class=\"qtranxs-available-language-link qtranxs-available-language-link-pt\" title=\"Portugu\u00eas\">Portugu\u00eas<\/a> y <a href=\"https:\/\/www.heritageresorts.com\/ru\/wp-json\/wp\/v2\/pages\/47\" class=\"qtranxs-available-language-link qtranxs-available-language-link-ru\" title=\"Russian\">Russian<\/a>.<\/p>","protected":false},"excerpt":{"rendered":"<p>Disculpa, pero esta entrada est\u00e1 disponible s\u00f3lo en English, Fran\u00e7ais, Italiano, Portugu\u00eas y Russian.<\/p>\n","protected":false},"author":1,"featured_media":176,"parent":2,"menu_order":3,"comment_status":"closed","ping_status":"open","template":"","meta":{"footnotes":""},"class_list":["post-47","page","type-page","status-publish","has-post-thumbnail","hentry"],"_links":{"self":[{"href":"https:\/\/www.heritageresorts.com\/es\/wp-json\/wp\/v2\/pages\/47","targetHints":{"allow":["GET"]}}],"collection":[{"href":"https:\/\/www.heritageresorts.com\/es\/wp-json\/wp\/v2\/pages"}],"about":[{"href":"https:\/\/www.heritageresorts.com\/es\/wp-json\/wp\/v2\/types\/page"}],"author":[{"embeddable":true,"href":"https:\/\/www.heritageresorts.com\/es\/wp-json\/wp\/v2\/users\/1"}],"replies":[{"embeddable":true,"href":"https:\/\/www.heritageresorts.com\/es\/wp-json\/wp\/v2\/comments?post=47"}],"version-history":[{"count":0,"href":"https:\/\/www.heritageresorts.com\/es\/wp-json\/wp\/v2\/pages\/47\/revisions"}],"up":[{"embeddable":true,"href":"https:\/\/www.heritageresorts.com\/es\/wp-json\/wp\/v2\/pages\/2"}],"wp:featuredmedia":[{"embeddable":true,"href":"https:\/\/www.heritageresorts.com\/es\/wp-json\/wp\/v2\/media\/176"}],"wp:attachment":[{"href":"https:\/\/www.heritageresorts.com\/es\/wp-json\/wp\/v2\/media?parent=47"}],"curies":[{"name":"wp","href":"https:\/\/api.w.org\/{rel}","templated":true}]}}