{"id":33,"date":"2014-02-12T15:19:40","date_gmt":"2014-02-12T13:19:40","guid":{"rendered":"http:\/\/heritageresorts.com\/2014\/?page_id=33"},"modified":"2022-05-18T12:48:27","modified_gmt":"2022-05-18T10:48:27","slug":"about-heritage","status":"publish","type":"page","link":"https:\/\/www.heritageresorts.com\/es\/about-heritage","title":{"rendered":"(English) About us"},"content":{"rendered":"<p class=\"qtranxs-available-languages-message qtranxs-available-languages-message-es\">Disculpa, pero esta entrada est\u00e1 disponible s\u00f3lo en <a href=\"https:\/\/www.heritageresorts.com\/en\/wp-json\/wp\/v2\/pages\/33\" class=\"qtranxs-available-language-link qtranxs-available-language-link-en\" title=\"English\">English<\/a>, <a href=\"https:\/\/www.heritageresorts.com\/fr\/wp-json\/wp\/v2\/pages\/33\" class=\"qtranxs-available-language-link qtranxs-available-language-link-fr\" title=\"Fran\u00e7ais\">Fran\u00e7ais<\/a>, <a href=\"https:\/\/www.heritageresorts.com\/it\/wp-json\/wp\/v2\/pages\/33\" class=\"qtranxs-available-language-link qtranxs-available-language-link-it\" title=\"Italiano\">Italiano<\/a>, <a href=\"https:\/\/www.heritageresorts.com\/pt\/wp-json\/wp\/v2\/pages\/33\" class=\"qtranxs-available-language-link qtranxs-available-language-link-pt\" title=\"Portugu\u00eas\">Portugu\u00eas<\/a> y <a href=\"https:\/\/www.heritageresorts.com\/ru\/wp-json\/wp\/v2\/pages\/33\" class=\"qtranxs-available-language-link qtranxs-available-language-link-ru\" title=\"Russian\">Russian<\/a>.<\/p>","protected":false},"excerpt":{"rendered":"<p>Disculpa, pero esta entrada est\u00e1 disponible s\u00f3lo en English, Fran\u00e7ais, Italiano, Portugu\u00eas y Russian.<\/p>\n","protected":false},"author":1,"featured_media":0,"parent":0,"menu_order":5,"comment_status":"closed","ping_status":"open","template":"","meta":{"footnotes":""},"class_list":["post-33","page","type-page","status-publish","hentry"],"_links":{"self":[{"href":"https:\/\/www.heritageresorts.com\/es\/wp-json\/wp\/v2\/pages\/33","targetHints":{"allow":["GET"]}}],"collection":[{"href":"https:\/\/www.heritageresorts.com\/es\/wp-json\/wp\/v2\/pages"}],"about":[{"href":"https:\/\/www.heritageresorts.com\/es\/wp-json\/wp\/v2\/types\/page"}],"author":[{"embeddable":true,"href":"https:\/\/www.heritageresorts.com\/es\/wp-json\/wp\/v2\/users\/1"}],"replies":[{"embeddable":true,"href":"https:\/\/www.heritageresorts.com\/es\/wp-json\/wp\/v2\/comments?post=33"}],"version-history":[{"count":0,"href":"https:\/\/www.heritageresorts.com\/es\/wp-json\/wp\/v2\/pages\/33\/revisions"}],"wp:attachment":[{"href":"https:\/\/www.heritageresorts.com\/es\/wp-json\/wp\/v2\/media?parent=33"}],"curies":[{"name":"wp","href":"https:\/\/api.w.org\/{rel}","templated":true}]}}